{"id":734,"date":"2015-03-01T10:18:11","date_gmt":"2015-03-01T10:18:11","guid":{"rendered":"https:\/\/diocesanos.es\/blogs\/planlector\/?page_id=734"},"modified":"2015-03-01T10:47:07","modified_gmt":"2015-03-01T10:47:07","slug":"recomendaciones","status":"publish","type":"page","link":"https:\/\/diocesanos.es\/blogs\/planlector\/recomendaciones\/","title":{"rendered":"RECOMENDACIONES"},"content":{"rendered":"<p style=\"text-align: justify\">Si busc\u00e1is consejo para vuestra siguiente lectura, o simplemente est\u00e1is indecisos, has llegado al sitio adecuado.<\/p>\n<p style=\"text-align: center\">\u00c9stos son <strong>nuestros libros<\/strong>, recomendados por los distintos miembros de la comunidad educativa.<\/p>\n<p><a href=\"https:\/\/diocesanos.es\/blogs\/planlector\/wp-content\/uploads\/sites\/8\/2015\/01\/l1.jpg\"><img loading=\"lazy\" decoding=\"async\" class=\"  wp-image-101 aligncenter\" src=\"https:\/\/diocesanos.es\/blogs\/planlector\/wp-content\/uploads\/sites\/8\/2015\/01\/l1-300x222.jpg\" alt=\"Reading\" width=\"191\" height=\"141\" srcset=\"https:\/\/diocesanos.es\/blogs\/planlector\/wp-content\/uploads\/sites\/8\/2015\/01\/l1-300x222.jpg 300w, https:\/\/diocesanos.es\/blogs\/planlector\/wp-content\/uploads\/sites\/8\/2015\/01\/l1.jpg 402w\" sizes=\"auto, (max-width: 191px) 100vw, 191px\" \/><\/a><\/p>\n<h4 style=\"text-align: center\"><span style=\"color: #0000ff\">\u00a0 \u00a0 <a style=\"color: #0000ff\" href=\"https:\/\/diocesanos.es\/blogs\/planlector\/recomendaciones\/lmlnv\/\" target=\"_blank\">\u00a0 LOS MEJORES LIBROS DE NUESTRA VIDA (Adultos)<\/a><\/span><\/h4>\n<p>&nbsp;<\/p>\n<p><a href=\"https:\/\/diocesanos.es\/blogs\/planlector\/wp-content\/uploads\/sites\/8\/2015\/03\/descarga-1.jpg\"><img loading=\"lazy\" decoding=\"async\" class=\" size-medium wp-image-735 aligncenter\" src=\"https:\/\/diocesanos.es\/blogs\/planlector\/wp-content\/uploads\/sites\/8\/2015\/03\/descarga-1-300x87.jpg\" alt=\"descarga (1)\" width=\"300\" height=\"87\" srcset=\"https:\/\/diocesanos.es\/blogs\/planlector\/wp-content\/uploads\/sites\/8\/2015\/03\/descarga-1-300x87.jpg 300w, https:\/\/diocesanos.es\/blogs\/planlector\/wp-content\/uploads\/sites\/8\/2015\/03\/descarga-1.jpg 417w\" sizes=\"auto, (max-width: 300px) 100vw, 300px\" \/><\/a><\/p>\n<p>&nbsp;<\/p>\n<p style=\"text-align: center\"><span style=\"color: #ff6600\"><a style=\"color: #ff6600\" href=\"https:\/\/diocesanos.es\/blogs\/planlector\/la-pandilla-recomienda-2\/\" target=\"_blank\"><strong>LA PANDILLA RECOMIENDA (Literatura infantil y juvenil)<\/strong><\/a><\/span><\/p>\n","protected":false},"excerpt":{"rendered":"<p>Si busc\u00e1is consejo para vuestra siguiente lectura, o simplemente est\u00e1is indecisos, has llegado al sitio adecuado. \u00c9stos son nuestros libros, recomendados por los distintos miembros de la comunidad educativa. \u00a0 \u00a0 \u00a0 LOS MEJORES LIBROS DE NUESTRA VIDA (Adultos) &nbsp; &nbsp; LA PANDILLA RECOMIENDA (Literatura infantil y juvenil)<\/p>\n","protected":false},"author":19,"featured_media":0,"parent":0,"menu_order":0,"comment_status":"closed","ping_status":"closed","template":"","meta":{"footnotes":""},"class_list":["post-734","page","type-page","status-publish","hentry"],"_links":{"self":[{"href":"https:\/\/diocesanos.es\/blogs\/planlector\/wp-json\/wp\/v2\/pages\/734","targetHints":{"allow":["GET"]}}],"collection":[{"href":"https:\/\/diocesanos.es\/blogs\/planlector\/wp-json\/wp\/v2\/pages"}],"about":[{"href":"https:\/\/diocesanos.es\/blogs\/planlector\/wp-json\/wp\/v2\/types\/page"}],"author":[{"embeddable":true,"href":"https:\/\/diocesanos.es\/blogs\/planlector\/wp-json\/wp\/v2\/users\/19"}],"replies":[{"embeddable":true,"href":"https:\/\/diocesanos.es\/blogs\/planlector\/wp-json\/wp\/v2\/comments?post=734"}],"version-history":[{"count":0,"href":"https:\/\/diocesanos.es\/blogs\/planlector\/wp-json\/wp\/v2\/pages\/734\/revisions"}],"wp:attachment":[{"href":"https:\/\/diocesanos.es\/blogs\/planlector\/wp-json\/wp\/v2\/media?parent=734"}],"curies":[{"name":"wp","href":"https:\/\/api.w.org\/{rel}","templated":true}]}}