{"id":683,"date":"2015-02-24T17:13:37","date_gmt":"2015-02-24T17:13:37","guid":{"rendered":"https:\/\/diocesanos.es\/blogs\/planlector\/?page_id=683"},"modified":"2015-02-24T20:46:09","modified_gmt":"2015-02-24T20:46:09","slug":"revistas-de-literatura-infantil-y-juvenil","status":"publish","type":"page","link":"https:\/\/diocesanos.es\/blogs\/planlector\/revistas-de-literatura-infantil-y-juvenil\/","title":{"rendered":"REVISTAS DE LITERATURA INFANTIL Y JUVENIL"},"content":{"rendered":"<ul>\n<li><span style=\"color: #0000ff\"><a style=\"color: #0000ff\" href=\"http:\/\/www.eltemplodelasmilpuertas.com\/\" target=\"_blank\"><strong>El templo de las Mil Puertas<\/strong><\/a><\/span><\/li>\n<\/ul>\n<div class=\"post-inner\">\n<div class=\"post-body entry-content\">\u00a0Es una publicaci\u00f3n online bimestral y gratuita que tambi\u00e9n puedes descargar para imprimir<\/div>\n<div><\/div>\n<p><a class=\"Home-juvenilFuente\" href=\"http:\/\/www.eltemplodelasmilpuertas.com\/\" target=\"_blank\"><img loading=\"lazy\" decoding=\"async\" class=\" aligncenter\" src=\"http:\/\/www.literaturasm.com\/archivosCMS\/3\/3\/47\/usuarios\/234803\/10\/20121010112539N_2063742c-cd2e-4168-b296-135f141b532b.jpg\" alt=\"\" width=\"209\" height=\"66\" \/><\/a>\u00a0 \u00a0 \u00a0 \u00a0 \u00a0 \u00a0 \u00a0 \u00a0 \u00a0 \u00a0 \u00a0 \u00a0 \u00a0 \u00a0 \u00a0 \u00a0 \u00a0 \u00a0 \u00a0 \u00a0 \u00a0 \u00a0 \u00a0 \u00a0 \u00a0\u00a0<a class=\"Home-juvenilFuente\" href=\"http:\/\/es-la.facebook.com\/eltemplo.delasmilpuertas\" target=\"_blank\">Sitio en Facebook<\/a>\u00a0 \u00a0 \u00a0\u00a0\u00a0\u00a0<a class=\"Home-juvenilFuente\" href=\"http:\/\/twitter.com\/Templo_revista\" target=\"_blank\">La revista en Twitter<\/a><\/p>\n<ul>\n<li><span style=\"color: #0000ff\"><a style=\"color: #0000ff\" href=\"http:\/\/www.lapaginaescrita.com\/\" target=\"_blank\"><strong>La p\u00e1gina escrita<\/strong><\/a><\/span><\/li>\n<\/ul>\n<div>Es <strong>gratuita y trimestral<\/strong>, y est\u00e1 dirigida tanto a j\u00f3venes lectores que sue\u00f1en con convertirse en escritores, como a profesionales de la educaci\u00f3n, bibliotecarios, padres o a cualquiera interesado en el \u00e1mbito de la cultura.<\/div>\n<div><\/div>\n<div>\n<div align=\"center\"><img loading=\"lazy\" decoding=\"async\" class=\" aligncenter\" src=\"http:\/\/www.literaturasm.com\/archivosCMS\/3\/3\/47\/usuarios\/234803\/10\/20121010113308N_5d74807e-f3f5-48b3-b6f2-b6d6a50c81ea.jpg\" alt=\"\" width=\"208\" height=\"41\" \/><\/div>\n<div align=\"center\">\u00a0 \u00a0 \u00a0 \u00a0\u00a0<a class=\"Home-juvenilFuente\" href=\"https:\/\/twitter.com\/Lapaginaescrita\" target=\"_blank\">La revista en Twitter<\/a><\/div>\n<\/div>\n<ul>\n<li><span style=\"color: #0000ff\"><a style=\"color: #0000ff\" href=\"http:\/\/www.offtherecordrevista.com\/\" target=\"_blank\"><strong>Off the record<\/strong><\/a><\/span><\/li>\n<\/ul>\n<p>Revista enfocada a la literatura juvenil. \u00a0Es <strong>gratuita<\/strong> y tendr\u00e1 una <strong>periodicidad bimestral<\/strong>.<\/p>\n<div>\n<div align=\"center\"><img loading=\"lazy\" decoding=\"async\" class=\" aligncenter\" src=\"http:\/\/www.literaturasm.com\/archivosCMS\/3\/3\/47\/usuarios\/234803\/10\/20121010114729N_ce7c3064-de5c-4fac-bd80-2a9d441728f6.jpg\" alt=\"\" width=\"258\" height=\"41\" \/><\/div>\n<\/div>\n<p style=\"text-align: center\"><a class=\"Home-juvenilFuente\" href=\"https:\/\/twitter.com\/revistaOTR\" target=\"_blank\">La revista en Twitter<\/a>\u00a0 \u00a0 \u00a0 \u00a0 \u00a0 \u00a0\u00a0<a class=\"Home-juvenilFuente\" href=\"http:\/\/www.facebook.com\/offtherecordrevista\" target=\"_blank\">El sitio en Facebook<\/a><\/p>\n<ul>\n<li><span style=\"color: #0000ff\"><a style=\"color: #0000ff\" href=\"http:\/\/www.revihuellasdetinta.com.ar\/\" target=\"_blank\"><strong>Huellas de tinta<\/strong><\/a><\/span><\/li>\n<\/ul>\n<div>Es una revista juvenil gratuita, hecha desde Argentina. Su aparici\u00f3n es <strong>bimensual<\/strong>.<\/div>\n<div><\/div>\n<div>\n<div align=\"center\"><img loading=\"lazy\" decoding=\"async\" class=\" aligncenter\" src=\"http:\/\/www.literaturasm.com\/archivosCMS\/3\/3\/47\/usuarios\/234803\/10\/20121010124610N_eee794f5-5f92-445f-a5df-feb80e7d321c.jpg\" alt=\"\" width=\"213\" height=\"74\" \/><\/div>\n<\/div>\n<div>\n<p style=\"text-align: center\">\u00a0 \u00a0\u00a0 \u00a0 \u00a0 \u00a0 \u00a0<a class=\"Home-juvenilFuente\" href=\"https:\/\/www.facebook.com\/huellasdetinta\" target=\"_blank\">Sitio en Facebook<\/a><\/p>\n<\/div>\n<div>\n<ul>\n<li><span style=\"color: #0000ff\"><strong><a class=\"Home-juvenilFuente\" style=\"color: #0000ff\" href=\"http:\/\/www.imaginaria.com.ar\/\" target=\"_blank\">Imaginaria<\/a><\/strong><\/span><\/li>\n<\/ul>\n<p>Revista online sobre literatura infantil y juvenil, de aparici\u00f3n quincenal. Est\u00e1 dirigida a docentes, padres, bibliotecarios, escritores, ilustradores, especialistas, y a toda persona relacionada con los ni\u00f1os y la lectura.<\/p>\n<p><a href=\"https:\/\/diocesanos.es\/blogs\/planlector\/wp-content\/uploads\/sites\/8\/2015\/02\/descarga1.jpg\"><img loading=\"lazy\" decoding=\"async\" class=\"  wp-image-678 aligncenter\" src=\"https:\/\/diocesanos.es\/blogs\/planlector\/wp-content\/uploads\/sites\/8\/2015\/02\/descarga1-300x126.jpg\" alt=\"descarga\" width=\"226\" height=\"95\" srcset=\"https:\/\/diocesanos.es\/blogs\/planlector\/wp-content\/uploads\/sites\/8\/2015\/02\/descarga1-300x126.jpg 300w, https:\/\/diocesanos.es\/blogs\/planlector\/wp-content\/uploads\/sites\/8\/2015\/02\/descarga1.jpg 320w\" sizes=\"auto, (max-width: 226px) 100vw, 226px\" \/><\/a><\/p>\n<ul>\n<li><span style=\"color: #0000ff\"><strong><a class=\"Home-juvenilFuente\" style=\"color: #0000ff\" href=\"http:\/\/www.cuatrogatos.org\/\" target=\"_blank\">Cuatro gatos<\/a><\/strong><\/span><\/li>\n<\/ul>\n<p>Portal dedicado a los libros para ni\u00f1os y j\u00f3venes en espa\u00f1ol que se realiza en Miami (EE UU).<\/p>\n<p><a href=\"https:\/\/diocesanos.es\/blogs\/planlector\/wp-content\/uploads\/sites\/8\/2015\/02\/descarga-1.jpg\"><img loading=\"lazy\" decoding=\"async\" class=\" size-full wp-image-677 aligncenter\" src=\"https:\/\/diocesanos.es\/blogs\/planlector\/wp-content\/uploads\/sites\/8\/2015\/02\/descarga-1.jpg\" alt=\"descarga (1)\" width=\"128\" height=\"128\" \/><\/a><\/p>\n<ul>\n<li><span style=\"color: #0000ff\"><strong><a class=\"Home-juvenilFuente\" style=\"color: #0000ff\" href=\"http:\/\/revistababar.com\/\" target=\"_blank\">Revista Babar<\/a><\/strong><\/span><\/li>\n<\/ul>\n<p>Portal especializado en literatura infantil y juvenil con difusi\u00f3n internacional.<\/p>\n<p><a href=\"https:\/\/diocesanos.es\/blogs\/planlector\/wp-content\/uploads\/sites\/8\/2015\/02\/images3.jpg\"><img loading=\"lazy\" decoding=\"async\" class=\"  wp-image-680 aligncenter\" src=\"https:\/\/diocesanos.es\/blogs\/planlector\/wp-content\/uploads\/sites\/8\/2015\/02\/images3-300x85.jpg\" alt=\"images\" width=\"261\" height=\"74\" srcset=\"https:\/\/diocesanos.es\/blogs\/planlector\/wp-content\/uploads\/sites\/8\/2015\/02\/images3-300x85.jpg 300w, https:\/\/diocesanos.es\/blogs\/planlector\/wp-content\/uploads\/sites\/8\/2015\/02\/images3.jpg 361w\" sizes=\"auto, (max-width: 261px) 100vw, 261px\" \/><\/a><\/p>\n<ul>\n<li><span style=\"color: #0000ff\"><strong><a class=\"Home-juvenilFuente\" style=\"color: #0000ff\" href=\"http:\/\/www.cervantesvirtual.com\/bib\/hemeroteca\/peonza\/index.html\" target=\"_blank\">Peonza<\/a><\/strong><\/span><\/li>\n<\/ul>\n<p>Revista de literatura infantil y juvenil, que ofrece toda la informaci\u00f3n sobre libros para ni\u00f1os y j\u00f3venes y animaci\u00f3n a la lectura.<\/p>\n<p><a href=\"https:\/\/diocesanos.es\/blogs\/planlector\/wp-content\/uploads\/sites\/8\/2015\/02\/descarga-2.jpg\"><img loading=\"lazy\" decoding=\"async\" class=\"  wp-image-676 aligncenter\" src=\"https:\/\/diocesanos.es\/blogs\/planlector\/wp-content\/uploads\/sites\/8\/2015\/02\/descarga-2-300x122.jpg\" alt=\"descarga (2)\" width=\"229\" height=\"93\" srcset=\"https:\/\/diocesanos.es\/blogs\/planlector\/wp-content\/uploads\/sites\/8\/2015\/02\/descarga-2-300x122.jpg 300w, https:\/\/diocesanos.es\/blogs\/planlector\/wp-content\/uploads\/sites\/8\/2015\/02\/descarga-2.jpg 353w\" sizes=\"auto, (max-width: 229px) 100vw, 229px\" \/><\/a><\/p>\n<ul>\n<li><span style=\"color: #0000ff\"><strong><a style=\"color: #0000ff\" href=\"http:\/\/www.revistaelarbolrojo.net\/\" target=\"_blank\">El \u00e1rbol rojo<\/a><\/strong><\/span><\/li>\n<\/ul>\n<p>Revista de literatura infantil y juvenil que ofrece contenidos e informaci\u00f3n sobre libros, ilustraci\u00f3n, cine y actualidad relacionada con el sector\u00a0 editorial y el universo infantil y juvenil.<\/p>\n<p><a href=\"https:\/\/diocesanos.es\/blogs\/planlector\/wp-content\/uploads\/sites\/8\/2015\/02\/logo_el_arbol_rojo1.jpg\"><img loading=\"lazy\" decoding=\"async\" class=\"  wp-image-679 aligncenter\" src=\"https:\/\/diocesanos.es\/blogs\/planlector\/wp-content\/uploads\/sites\/8\/2015\/02\/logo_el_arbol_rojo1-300x38.jpg\" alt=\"logo_el_arbol_rojo1\" width=\"325\" height=\"41\" srcset=\"https:\/\/diocesanos.es\/blogs\/planlector\/wp-content\/uploads\/sites\/8\/2015\/02\/logo_el_arbol_rojo1-300x38.jpg 300w, https:\/\/diocesanos.es\/blogs\/planlector\/wp-content\/uploads\/sites\/8\/2015\/02\/logo_el_arbol_rojo1-540x69.jpg 540w, https:\/\/diocesanos.es\/blogs\/planlector\/wp-content\/uploads\/sites\/8\/2015\/02\/logo_el_arbol_rojo1.jpg 940w\" sizes=\"auto, (max-width: 325px) 100vw, 325px\" \/><\/a><\/p>\n<\/div>\n<\/div>\n","protected":false},"excerpt":{"rendered":"<p>El templo de las Mil Puertas \u00a0Es una publicaci\u00f3n online bimestral y gratuita que tambi\u00e9n puedes descargar para imprimir \u00a0 \u00a0 \u00a0 \u00a0 \u00a0 \u00a0 \u00a0 \u00a0 \u00a0 \u00a0 \u00a0 \u00a0 \u00a0 \u00a0 \u00a0 \u00a0 \u00a0 \u00a0 \u00a0 \u00a0 \u00a0 \u00a0 \u00a0 \u00a0 \u00a0\u00a0Sitio en Facebook\u00a0 \u00a0 \u00a0\u00a0\u00a0\u00a0La revista en Twitter La p\u00e1gina escrita Es [&hellip;]<\/p>\n","protected":false},"author":19,"featured_media":0,"parent":0,"menu_order":0,"comment_status":"closed","ping_status":"closed","template":"","meta":{"footnotes":""},"class_list":["post-683","page","type-page","status-publish","hentry"],"_links":{"self":[{"href":"https:\/\/diocesanos.es\/blogs\/planlector\/wp-json\/wp\/v2\/pages\/683","targetHints":{"allow":["GET"]}}],"collection":[{"href":"https:\/\/diocesanos.es\/blogs\/planlector\/wp-json\/wp\/v2\/pages"}],"about":[{"href":"https:\/\/diocesanos.es\/blogs\/planlector\/wp-json\/wp\/v2\/types\/page"}],"author":[{"embeddable":true,"href":"https:\/\/diocesanos.es\/blogs\/planlector\/wp-json\/wp\/v2\/users\/19"}],"replies":[{"embeddable":true,"href":"https:\/\/diocesanos.es\/blogs\/planlector\/wp-json\/wp\/v2\/comments?post=683"}],"version-history":[{"count":0,"href":"https:\/\/diocesanos.es\/blogs\/planlector\/wp-json\/wp\/v2\/pages\/683\/revisions"}],"wp:attachment":[{"href":"https:\/\/diocesanos.es\/blogs\/planlector\/wp-json\/wp\/v2\/media?parent=683"}],"curies":[{"name":"wp","href":"https:\/\/api.w.org\/{rel}","templated":true}]}}