{"id":518,"date":"2015-02-14T23:06:22","date_gmt":"2015-02-14T23:06:22","guid":{"rendered":"https:\/\/diocesanos.es\/blogs\/planlector\/?page_id=518"},"modified":"2015-04-06T15:30:25","modified_gmt":"2015-04-06T15:30:25","slug":"leemos-cantando","status":"publish","type":"page","link":"https:\/\/diocesanos.es\/blogs\/planlector\/leemos-cantando\/","title":{"rendered":"Leemos cantando"},"content":{"rendered":"<p style=\"text-align: justify\">Con el objetivo de \u00a0motivar a los alumnos y despertar en ellos el \u00a0gusto por la lectura, una vez a la semana se realiza esta actividad a trav\u00e9s de un karaoke con distintas canciones. Esta lectura est\u00e1 \u00a0orientada \u00a0a diferentes \u00e1reas, creando actividades a partir del texto de la canci\u00f3n, para reforzar la expresi\u00f3n oral y escrita.<\/p>\n<figure id=\"attachment_519\" aria-describedby=\"caption-attachment-519\" style=\"width: 245px\" class=\"wp-caption aligncenter\"><a href=\"https:\/\/diocesanos.es\/blogs\/planlector\/wp-content\/uploads\/sites\/8\/2015\/02\/images.jpg\"><img loading=\"lazy\" decoding=\"async\" class=\"wp-image-519 size-full\" src=\"https:\/\/diocesanos.es\/blogs\/planlector\/wp-content\/uploads\/sites\/8\/2015\/02\/images.jpg\" alt=\"images\" width=\"245\" height=\"206\" \/><\/a><figcaption id=\"caption-attachment-519\" class=\"wp-caption-text\">\u00abSONR\u00cdE\u00bb Rosana<\/figcaption><\/figure>\n<ul>\n<li style=\"text-align: justify\"><a href=\"https:\/\/www.google.es\/url?sa=t&amp;rct=j&amp;q=&amp;esrc=s&amp;source=web&amp;cd=4&amp;cad=rja&amp;uact=8&amp;ved=0CDEQtwIwAw&amp;url=http%3A%2F%2Fwww.youtube.com%2Fwatch%3Fv%3DSJOneSW0t9A&amp;ei=Z9vfVJ6wE46MaKTdgbAF&amp;usg=AFQjCNFqTbaAgnXFOFv9CZN4GpCfVhtWcw&amp;sig2=604yD7eaO69X4jzTvGSP5A&amp;bvm=bv.85970519,d.d24\" target=\"_blank\"><span style=\"color: #000080\">CANCI\u00d3N<\/span><\/a><\/li>\n<li style=\"text-align: justify\"><a href=\"https:\/\/www.youtube.com\/watch?v=cbjBQ8ZD-bQ\" target=\"_blank\"><span style=\"color: #000080\">V\u00cdDEO<\/span><\/a><\/li>\n<li style=\"text-align: justify\"><a href=\"http:\/\/www.colegiopablovi.es\/?dwn=1&amp;d=39&amp;f=3881\" target=\"_blank\"><span style=\"color: #000080\">FICHA<\/span><\/a><\/li>\n<\/ul>\n","protected":false},"excerpt":{"rendered":"<p>Con el objetivo de \u00a0motivar a los alumnos y despertar en ellos el \u00a0gusto por la lectura, una vez a la semana se realiza esta actividad a trav\u00e9s de un karaoke con distintas canciones. Esta lectura est\u00e1 \u00a0orientada \u00a0a diferentes \u00e1reas, creando actividades a partir del texto de la canci\u00f3n, para reforzar la expresi\u00f3n oral [&hellip;]<\/p>\n","protected":false},"author":19,"featured_media":0,"parent":0,"menu_order":0,"comment_status":"closed","ping_status":"closed","template":"","meta":{"footnotes":""},"class_list":["post-518","page","type-page","status-publish","hentry"],"_links":{"self":[{"href":"https:\/\/diocesanos.es\/blogs\/planlector\/wp-json\/wp\/v2\/pages\/518","targetHints":{"allow":["GET"]}}],"collection":[{"href":"https:\/\/diocesanos.es\/blogs\/planlector\/wp-json\/wp\/v2\/pages"}],"about":[{"href":"https:\/\/diocesanos.es\/blogs\/planlector\/wp-json\/wp\/v2\/types\/page"}],"author":[{"embeddable":true,"href":"https:\/\/diocesanos.es\/blogs\/planlector\/wp-json\/wp\/v2\/users\/19"}],"replies":[{"embeddable":true,"href":"https:\/\/diocesanos.es\/blogs\/planlector\/wp-json\/wp\/v2\/comments?post=518"}],"version-history":[{"count":0,"href":"https:\/\/diocesanos.es\/blogs\/planlector\/wp-json\/wp\/v2\/pages\/518\/revisions"}],"wp:attachment":[{"href":"https:\/\/diocesanos.es\/blogs\/planlector\/wp-json\/wp\/v2\/media?parent=518"}],"curies":[{"name":"wp","href":"https:\/\/api.w.org\/{rel}","templated":true}]}}