{"id":260,"date":"2015-01-31T08:24:26","date_gmt":"2015-01-31T08:24:26","guid":{"rendered":"https:\/\/diocesanos.es\/blogs\/planlector\/?page_id=260"},"modified":"2015-04-26T16:17:42","modified_gmt":"2015-04-26T16:17:42","slug":"recursos","status":"publish","type":"page","link":"https:\/\/diocesanos.es\/blogs\/planlector\/recursos\/","title":{"rendered":"RECURSOS"},"content":{"rendered":"<p style=\"text-align: center\"><a href=\"https:\/\/diocesanos.es\/blogs\/planlector\/wp-content\/uploads\/sites\/8\/2015\/01\/ebook-mochila-libro.jpg\"><img loading=\"lazy\" decoding=\"async\" class=\"alignnone size-medium wp-image-262\" src=\"https:\/\/diocesanos.es\/blogs\/planlector\/wp-content\/uploads\/sites\/8\/2015\/01\/ebook-mochila-libro-300x201.jpg\" alt=\"ebook-mochila-libro\" width=\"300\" height=\"201\" srcset=\"https:\/\/diocesanos.es\/blogs\/planlector\/wp-content\/uploads\/sites\/8\/2015\/01\/ebook-mochila-libro-300x201.jpg 300w, https:\/\/diocesanos.es\/blogs\/planlector\/wp-content\/uploads\/sites\/8\/2015\/01\/ebook-mochila-libro-343x230.jpg 343w, https:\/\/diocesanos.es\/blogs\/planlector\/wp-content\/uploads\/sites\/8\/2015\/01\/ebook-mochila-libro.jpg 700w\" sizes=\"auto, (max-width: 300px) 100vw, 300px\" \/><\/a><\/p>\n<ul>\n<li style=\"text-align: left\"><span style=\"color: #0000ff\"><a style=\"color: #0000ff\" href=\"https:\/\/diocesanos.es\/blogs\/planlector\/lectura\/\" target=\"_blank\">Lectoescritura.<\/a><\/span><\/li>\n<li style=\"text-align: left\"><span style=\"color: #0000ff\"><a style=\"color: #0000ff\" href=\"https:\/\/diocesanos.es\/blogs\/planlector\/ortografia-y-caligrafia\/\" target=\"_blank\">Caligraf\u00eda y ortograf\u00eda.<\/a><\/span><\/li>\n<li style=\"text-align: left\"><span style=\"color: #0000ff\"><a style=\"color: #0000ff\" href=\"https:\/\/diocesanos.es\/blogs\/planlector\/expresion-escrita\/\" target=\"_blank\">Expresi\u00f3n escrita.<\/a><\/span><\/li>\n<li style=\"text-align: left\"><span style=\"color: #0000ff\"><a style=\"color: #0000ff\" href=\"https:\/\/diocesanos.es\/blogs\/planlector\/el-quijote\/\" target=\"_blank\">El Quijote.<\/a><\/span><\/li>\n<li><span style=\"color: #0000ff\"><a style=\"color: #0000ff\" href=\"https:\/\/diocesanos.es\/blogs\/planlector\/otros\/\" target=\"_blank\">Otros.<\/a><\/span><\/li>\n<\/ul>\n<p style=\"text-align: justify\"><strong>\u00a0 \u00a0 \u00a0 \u00a0 \u00a0 \u00a0<\/strong><\/p>\n","protected":false},"excerpt":{"rendered":"<p>Lectoescritura. Caligraf\u00eda y ortograf\u00eda. Expresi\u00f3n escrita. El Quijote. Otros. \u00a0 \u00a0 \u00a0 \u00a0 \u00a0 \u00a0<\/p>\n","protected":false},"author":19,"featured_media":0,"parent":0,"menu_order":0,"comment_status":"closed","ping_status":"closed","template":"","meta":{"footnotes":""},"class_list":["post-260","page","type-page","status-publish","hentry"],"_links":{"self":[{"href":"https:\/\/diocesanos.es\/blogs\/planlector\/wp-json\/wp\/v2\/pages\/260","targetHints":{"allow":["GET"]}}],"collection":[{"href":"https:\/\/diocesanos.es\/blogs\/planlector\/wp-json\/wp\/v2\/pages"}],"about":[{"href":"https:\/\/diocesanos.es\/blogs\/planlector\/wp-json\/wp\/v2\/types\/page"}],"author":[{"embeddable":true,"href":"https:\/\/diocesanos.es\/blogs\/planlector\/wp-json\/wp\/v2\/users\/19"}],"replies":[{"embeddable":true,"href":"https:\/\/diocesanos.es\/blogs\/planlector\/wp-json\/wp\/v2\/comments?post=260"}],"version-history":[{"count":0,"href":"https:\/\/diocesanos.es\/blogs\/planlector\/wp-json\/wp\/v2\/pages\/260\/revisions"}],"wp:attachment":[{"href":"https:\/\/diocesanos.es\/blogs\/planlector\/wp-json\/wp\/v2\/media?parent=260"}],"curies":[{"name":"wp","href":"https:\/\/api.w.org\/{rel}","templated":true}]}}