{"id":1625,"date":"2015-08-05T08:59:55","date_gmt":"2015-08-05T08:59:55","guid":{"rendered":"https:\/\/diocesanos.es\/blogs\/planlector\/?page_id=1625"},"modified":"2015-08-08T13:03:57","modified_gmt":"2015-08-08T13:03:57","slug":"carta-de-un-extrano","status":"publish","type":"page","link":"https:\/\/diocesanos.es\/blogs\/planlector\/carta-de-un-extrano\/","title":{"rendered":"CARTA DE UN PERSONAJE MISTERIOSO"},"content":{"rendered":"<div class=\"nH\">\n<div class=\"nH\">\n<div class=\"nH\">\n<div class=\"no\">\n<div class=\"nH nn\">\n<div class=\"nH\">\n<div class=\"nH\">\n<div class=\" ar4 z aeI\">\n<div class=\"AO\">\n<div id=\":4\" class=\"Tm aeJ\">\n<div id=\":2\" class=\"aeF\">\n<div class=\"nH\">\n<div class=\"nH\">\n<div class=\"nH g\">\n<p style=\"text-align: justify\">Durante la Semana de la Lectura, los alumnos\/as de 5 a\u00f1os realizaron una serie de actividades en torno a la figura de Miguel de Cervantes y su obra cumbre: \u00abDon Quijote de la Mancha\u00bb.<\/p>\n<\/div>\n<\/div>\n<div class=\"nH\">\n<div class=\"nH g\">\n<p><img loading=\"lazy\" decoding=\"async\" class=\" size-medium wp-image-1696 aligncenter\" src=\"https:\/\/diocesanos.es\/blogs\/planlector\/wp-content\/uploads\/sites\/8\/2015\/08\/carta-300x231.jpg\" alt=\"carta\" width=\"300\" height=\"231\" srcset=\"https:\/\/diocesanos.es\/blogs\/planlector\/wp-content\/uploads\/sites\/8\/2015\/08\/carta-300x231.jpg 300w, https:\/\/diocesanos.es\/blogs\/planlector\/wp-content\/uploads\/sites\/8\/2015\/08\/carta-299x230.jpg 299w, https:\/\/diocesanos.es\/blogs\/planlector\/wp-content\/uploads\/sites\/8\/2015\/08\/carta.jpg 344w\" sizes=\"auto, (max-width: 300px) 100vw, 300px\" \/><\/p>\n<ul>\n<li style=\"text-align: justify\"><span style=\"color: #0000ff\"><a style=\"color: #0000ff\" href=\"https:\/\/diocesanos.es\/blogs\/planlector\/1-2\/\" target=\"_blank\">Recibimos\u00a0una carta de un misterioso personaje.<\/a><\/span><\/li>\n<\/ul>\n<\/div>\n<\/div>\n<\/div>\n<\/div>\n<\/div>\n<\/div>\n<\/div>\n<\/div>\n<\/div>\n<\/div>\n<\/div>\n<\/div>\n<\/div>\n<\/div>\n<div class=\"nH\">\n<div class=\"nH\">\n<div class=\"nH\">\n<div class=\"no\">\n<div class=\"nH nn\">\n<div class=\"nH\">\n<div class=\"nH\">\n<div class=\" ar4 z aeI\">\n<div class=\"AO\">\n<div id=\":4\" class=\"Tm aeJ\">\n<div id=\":2\" class=\"aeF\">\n<div class=\"nH\">\n<div class=\"nH\">\n<div class=\"nH g\" style=\"text-align: justify\">\n<ul>\n<li>\u00a0A partir\u00a0 de aqu\u00ed los ni\u00f1os investigaron en casa qui\u00e9n era, por qu\u00e9 era importante y \u00a0todo el mundo hablaba de \u00e9l estos d\u00edas.<br \/>\n<span style=\"color: #0000ff\"><a style=\"color: #0000ff\" href=\"https:\/\/diocesanos.es\/blogs\/planlector\/2-2\/\" target=\"_blank\"> Buscaron objetos en sus casas relacionados con el personaje y lo trajeron a clase para ponerlo en com\u00fan.<\/a><\/span><\/li>\n<\/ul>\n<\/div>\n<div class=\"nH g\">\n<ul>\n<li style=\"text-align: justify\">Investigamos sobre los personajes del Quijote, e <span style=\"color: #0000ff\"><a style=\"color: #0000ff\" href=\"https:\/\/diocesanos.es\/blogs\/planlector\/descripciones\/\" target=\"_blank\">hicieron descripciones<\/a><\/span> trabajando en equipo.<\/li>\n<\/ul>\n<ul>\n<li style=\"text-align: justify\"><span style=\"color: #0000ff\"><a style=\"color: #0000ff\" href=\"https:\/\/diocesanos.es\/blogs\/planlector\/lectura-2\/\" target=\"_blank\">Le\u00edmos un libro del Quijote adaptado a ni\u00f1os.<\/a><\/span><\/li>\n<\/ul>\n<ul>\n<li style=\"text-align: justify\">Aprovechando que est\u00e1bamos trabajando los medios de comunicaci\u00f3n, los ni\u00f1os se<span style=\"color: #000000\"> inventaron con sus familias noticias <\/span>de diferentes tipos: sucesos, moda, deporte&#8230;; <span style=\"color: #0000ff\">\u00a0<a style=\"color: #0000ff\" href=\"https:\/\/diocesanos.es\/blogs\/planlector\/noticia\/\" target=\"_blank\">le\u00edmos y clasificamos estas noticias<\/a><\/span>.\u00a0Para crear despu\u00e9s nuestro peri\u00f3dico.<\/li>\n<\/ul>\n<ul>\n<li style=\"text-align: justify\"><span style=\"color: #0000ff\"><a style=\"color: #0000ff\" href=\"https:\/\/diocesanos.es\/blogs\/planlector\/diario\/\" target=\"_blank\">Escribimos nuestro diario:<\/a><\/span> <strong>\u00bb Los sue\u00f1os de Don Quijote de La Mancha\u00bb.<\/strong><\/li>\n<\/ul>\n<ul>\n<li style=\"text-align: justify\">Tambi\u00e9n <span style=\"color: #0000ff\"><a style=\"color: #0000ff\" href=\"https:\/\/diocesanos.es\/blogs\/planlector\/exposicion\/\" target=\"_blank\">decoramos clases y pasillos<\/a><\/span> con nuestros trabajos, \u00a0que con la ayuda de nuestras profesoras y \u00a0familias, convertimos en una aut\u00e9ntica exposici\u00f3n.<\/li>\n<\/ul>\n<p style=\"text-align: justify\">\n<\/div>\n<\/div>\n<\/div>\n<\/div>\n<\/div>\n<\/div>\n<\/div>\n<\/div>\n<\/div>\n<\/div>\n<\/div>\n<\/div>\n<\/div>\n<\/div>\n","protected":false},"excerpt":{"rendered":"<p>Durante la Semana de la Lectura, los alumnos\/as de 5 a\u00f1os realizaron una serie de actividades en torno a la figura de Miguel de Cervantes y su obra cumbre: \u00abDon Quijote de la Mancha\u00bb. Recibimos\u00a0una carta de un misterioso personaje. \u00a0A partir\u00a0 de aqu\u00ed los ni\u00f1os investigaron en casa qui\u00e9n era, por qu\u00e9 era importante [&hellip;]<\/p>\n","protected":false},"author":19,"featured_media":0,"parent":0,"menu_order":0,"comment_status":"closed","ping_status":"closed","template":"","meta":{"footnotes":""},"class_list":["post-1625","page","type-page","status-publish","hentry"],"_links":{"self":[{"href":"https:\/\/diocesanos.es\/blogs\/planlector\/wp-json\/wp\/v2\/pages\/1625","targetHints":{"allow":["GET"]}}],"collection":[{"href":"https:\/\/diocesanos.es\/blogs\/planlector\/wp-json\/wp\/v2\/pages"}],"about":[{"href":"https:\/\/diocesanos.es\/blogs\/planlector\/wp-json\/wp\/v2\/types\/page"}],"author":[{"embeddable":true,"href":"https:\/\/diocesanos.es\/blogs\/planlector\/wp-json\/wp\/v2\/users\/19"}],"replies":[{"embeddable":true,"href":"https:\/\/diocesanos.es\/blogs\/planlector\/wp-json\/wp\/v2\/comments?post=1625"}],"version-history":[{"count":0,"href":"https:\/\/diocesanos.es\/blogs\/planlector\/wp-json\/wp\/v2\/pages\/1625\/revisions"}],"wp:attachment":[{"href":"https:\/\/diocesanos.es\/blogs\/planlector\/wp-json\/wp\/v2\/media?parent=1625"}],"curies":[{"name":"wp","href":"https:\/\/api.w.org\/{rel}","templated":true}]}}