{"id":1273,"date":"2015-04-26T14:57:01","date_gmt":"2015-04-26T14:57:01","guid":{"rendered":"https:\/\/diocesanos.es\/blogs\/planlector\/?page_id=1273"},"modified":"2015-04-26T15:16:34","modified_gmt":"2015-04-26T15:16:34","slug":"en-un-lugar-de","status":"publish","type":"page","link":"https:\/\/diocesanos.es\/blogs\/planlector\/en-un-lugar-de\/","title":{"rendered":"En un lugar de&#8230;"},"content":{"rendered":"<p style=\"text-align: center\"><a href=\"https:\/\/diocesanos.es\/blogs\/planlector\/wp-content\/uploads\/sites\/8\/2015\/04\/descarga-1.jpg\"><img loading=\"lazy\" decoding=\"async\" class=\"alignnone  wp-image-1289\" src=\"https:\/\/diocesanos.es\/blogs\/planlector\/wp-content\/uploads\/sites\/8\/2015\/04\/descarga-1.jpg\" alt=\"descarga (1)\" width=\"242\" height=\"181\" \/><\/a><\/p>\n<ul>\n<li style=\"text-align: justify\">Visionado y comentario de una \u00a0noticia de actualidad sobre Miguel de\u00a0\u00a0Cervantes:<\/li>\n<\/ul>\n<p style=\"text-align: justify\"><span style=\"color: #0000ff\">\u00a0 \u00a0 \u00a0 \u00a0 \u00a0 \u00a0 * \u00a0<a style=\"color: #0000ff\" href=\"http:\/\/www.elmundo.es\/madrid\/2015\/01\/25\/54c562a522601d256f8b456b.html\">Noticia digital<\/a>.<\/span><\/p>\n<p style=\"text-align: justify\"><span style=\"color: #0000ff\">\u00a0 \u00a0 \u00a0 \u00a0 \u00a0 \u00a0 *\u00a0<a style=\"color: #0000ff\" href=\"http:\/\/www.colegiopablovi.es\/index.php?dwn=1&amp;d=39&amp;f=3997\" target=\"_blank\">Ficha de preguntas<\/a>.<\/span><\/p>\n<ul>\n<li style=\"text-align: justify\"><span style=\"color: #0000ff\"><a style=\"color: #0000ff\" href=\"http:\/\/www.colegiopablovi.es\/index.php?dwn=1&amp;d=39&amp;f=3998\" target=\"_blank\">Webquest<\/a><\/span>\u00a0 sobre Miguel de Cervantes.<\/li>\n<li style=\"text-align: justify\">Elaboraci\u00f3n de una presentaci\u00f3n en\u00a0 Powerpoint sobre la vida y obra de Cervantes utilizando la informaci\u00f3n obtenida en\u00a0 diferentes p\u00e1ginas web.<\/li>\n<li style=\"text-align: justify\">Visionado de un <span style=\"color: #0000ff\"><a style=\"color: #0000ff\" href=\"http:\/\/www.rtve.es\/alacarta\/videos\/el-quijote\/quijote-capitulo-1\/457109\/\" target=\"_blank\">v\u00eddeo<\/a><\/span> que presenta la aventura de los molinos en forma de pel\u00edcula.<\/li>\n<li style=\"text-align: justify\"><span style=\"color: #0000ff\"><a style=\"color: #0000ff\" href=\"http:\/\/descargas.pntic.mec.es\/cedec\/proyectoedia\/reaprimaria\/losmolinos\/contenidos\/don_quijote_contra_los_gigantes.html\" target=\"_blank\">\u00abResumir y contar a los dem\u00e1s la aventura de los molinos\u201d.<\/a><\/span><\/li>\n<li style=\"text-align: justify\">Resumen e ilustraci\u00f3n de dos \u00a0cap\u00edtulos de la II parte del Quijote, que formar\u00e1n parte del proyecto de libro digital biling\u00fce.<\/li>\n<\/ul>\n<p>&nbsp;<\/p>\n","protected":false},"excerpt":{"rendered":"<p>Visionado y comentario de una \u00a0noticia de actualidad sobre Miguel de\u00a0\u00a0Cervantes: \u00a0 \u00a0 \u00a0 \u00a0 \u00a0 \u00a0 * \u00a0Noticia digital. \u00a0 \u00a0 \u00a0 \u00a0 \u00a0 \u00a0 *\u00a0Ficha de preguntas. Webquest\u00a0 sobre Miguel de Cervantes. Elaboraci\u00f3n de una presentaci\u00f3n en\u00a0 Powerpoint sobre la vida y obra de Cervantes utilizando la informaci\u00f3n obtenida en\u00a0 diferentes p\u00e1ginas web. [&hellip;]<\/p>\n","protected":false},"author":19,"featured_media":0,"parent":0,"menu_order":0,"comment_status":"closed","ping_status":"closed","template":"","meta":{"footnotes":""},"class_list":["post-1273","page","type-page","status-publish","hentry"],"_links":{"self":[{"href":"https:\/\/diocesanos.es\/blogs\/planlector\/wp-json\/wp\/v2\/pages\/1273","targetHints":{"allow":["GET"]}}],"collection":[{"href":"https:\/\/diocesanos.es\/blogs\/planlector\/wp-json\/wp\/v2\/pages"}],"about":[{"href":"https:\/\/diocesanos.es\/blogs\/planlector\/wp-json\/wp\/v2\/types\/page"}],"author":[{"embeddable":true,"href":"https:\/\/diocesanos.es\/blogs\/planlector\/wp-json\/wp\/v2\/users\/19"}],"replies":[{"embeddable":true,"href":"https:\/\/diocesanos.es\/blogs\/planlector\/wp-json\/wp\/v2\/comments?post=1273"}],"version-history":[{"count":0,"href":"https:\/\/diocesanos.es\/blogs\/planlector\/wp-json\/wp\/v2\/pages\/1273\/revisions"}],"wp:attachment":[{"href":"https:\/\/diocesanos.es\/blogs\/planlector\/wp-json\/wp\/v2\/media?parent=1273"}],"curies":[{"name":"wp","href":"https:\/\/api.w.org\/{rel}","templated":true}]}}