{"id":1044,"date":"2015-04-26T15:46:39","date_gmt":"2015-04-26T15:46:39","guid":{"rendered":"https:\/\/diocesanos.es\/blogs\/planlector\/?page_id=1044"},"modified":"2015-04-26T15:46:39","modified_gmt":"2015-04-26T15:46:39","slug":"el-quijote","status":"publish","type":"page","link":"https:\/\/diocesanos.es\/blogs\/planlector\/el-quijote\/","title":{"rendered":"El Quijote"},"content":{"rendered":"<p>&nbsp;<\/p>\n<p><a class=\"first-child\" href=\"http:\/\/www.educaciontrespuntocero.com\/wp-content\/uploads\/2015\/01\/actividades-el-quijote.jpg\"><img loading=\"lazy\" decoding=\"async\" class=\"alignleft size-thumbnail wp-image-23861 last-child first-child\" src=\"http:\/\/www.educaciontrespuntocero.com\/wp-content\/uploads\/2015\/01\/actividades-el-quijote-150x150.jpg\" alt=\"actividades el quijote\" width=\"150\" height=\"150\" \/><\/a><strong class=\"last-child\"><span class=\"last-child first-child\"><a class=\"last-child first-child\" href=\"http:\/\/www.gobiernodecanarias.org\/educacion\/5\/DGOIE\/PublicaCE\/docsup\/LibroElQuijote_en_el_mundo.pdf\" target=\"_blank\">Actividades El Quijote en el mundo:<\/a><\/span><\/strong> la web de la Consejer\u00eda de Educaci\u00f3n del Gobierno de Canaria pone a disposici\u00f3n de docentes, alumnos y familias este PDF que incluye actividades complementarias y extraescolares sobre la obra de \u2018El Quijote\u2019 dirigidas todos los niveles educativos: Infantil, Primaria, Secundaria y Bachillerato.<\/p>\n<p><strong class=\"last-child first-child\"><a class=\"first-child\" href=\"http:\/\/larebeliondelmandilon.blogspot.com.es\/2014\/05\/un-lugar-de-la-mancha.html\"><img loading=\"lazy\" decoding=\"async\" class=\"alignright wp-image-18402 last-child first-child\" src=\"http:\/\/www.educaciontrespuntocero.com\/wp-content\/uploads\/2014\/05\/Un-lugar-de-la-Mancha-300x185.jpg\" alt=\"Un lugar de la Mancha\" width=\"231\" height=\"139\" \/><\/a><a class=\"last-child\" href=\"http:\/\/larebeliondelmandilon.blogspot.com.es\/2014\/05\/un-lugar-de-la-mancha.html\" target=\"_blank\"><span class=\"last-child first-child\"><span class=\"first-child\">Un lugar de la Mancha: <\/span><span class=\"last-child\">Carla Men\u00e9ndez <\/span><\/span><\/a><\/strong>es una maestra asturiana de Infantil que ha llevado a cabo con sus alumnos de tres a\u00f1os una pel\u00edcula sobre El Quijote. Men\u00e9ndez explica en su blog c\u00f3mo ha sido la experiencia: \u201d Fueron\u00a0dos meses largos de mucho esfuerzo, pero mereci\u00f3 la pena. Muchas veces no sabemos todo lo que hay detr\u00e1s de unos minutos de exposici\u00f3n: saber presentar una historia, caracterizaci\u00f3n de los personajes, preparaci\u00f3n de los materiales, aprendizaje del texto, ensayos o simples imprevistos que vas encontrando durante el desarrollo del trabajo\u201d.<\/p>\n<p><strong class=\"first-child\"><a class=\"first-child\" href=\"http:\/\/www.educaciontrespuntocero.com\/wp-content\/uploads\/2014\/05\/El-Quijote-en-el-aula.jpg\"><img loading=\"lazy\" decoding=\"async\" class=\"alignleft  wp-image-18403 last-child first-child\" src=\"http:\/\/www.educaciontrespuntocero.com\/wp-content\/uploads\/2014\/05\/El-Quijote-en-el-aula-300x218.jpg\" alt=\"El Quijote en el aula\" width=\"219\" height=\"159\" \/><\/a><span class=\"last-child\"><a class=\"last-child first-child\" href=\"http:\/\/cvc.cervantes.es\/ensenanza\/quijote_aula\/\" target=\"_blank\"><span class=\"last-child first-child\">El Quijote en el aula:<\/span><\/a><\/span> <\/strong>Este proyecto del <strong><span class=\"last-child first-child\"><a class=\"last-child first-child\" href=\"http:\/\/www.educaciontrespuntocero.com\/noticias\/comienza-tour-pop-emprendedores-de-fundacion-telefonica-ayuda-emprender-los-jovenes\/17299.html\" target=\"_blank\"><span class=\"last-child first-child\">Centro Virtual Cervantes<\/span><\/a><\/span><\/strong>, destinado a profesores de espa\u00f1ol como lengua no nativa, tiene como finalidad profundizar en la interacci\u00f3n entre la lengua y la cultura mediante la lectura del texto cervantino a partir de material aut\u00e9ntico y no de versiones adaptadas. As\u00ed, se convierte en un instrumento para los docentes de espa\u00f1ol para la construcci\u00f3n de las competencias literarias, culturales, discursivas y l\u00e9xico-gramaticales. A trav\u00e9s del\u00a0<strong class=\"last-child\"><span class=\"last-child first-child\"><a class=\"last-child first-child\" href=\"http:\/\/cvc.cervantes.es\/debates\/debates.asp?vdeb=36\" target=\"_blank\"><span class=\"last-child first-child\">debate creado para este proyecto<\/span><\/a><\/span><\/strong>, el profesor podr\u00e1 comentar esta propuesta e intercambiar ideas con otros docentes que la hayan aplicado en sus clases.<\/p>\n<p><strong class=\"last-child first-child\"><a class=\"first-child\" href=\"http:\/\/www.educaciontrespuntocero.com\/wp-content\/uploads\/2014\/05\/Las-Aventuras-de-Don-Quijote-de-ToC-.jpg\"><img loading=\"lazy\" decoding=\"async\" class=\"alignright  wp-image-18404 last-child first-child\" src=\"http:\/\/www.educaciontrespuntocero.com\/wp-content\/uploads\/2014\/05\/Las-Aventuras-de-Don-Quijote-de-ToC--300x225.jpg\" alt=\"Las Aventuras de Don Quijote de ToC\" width=\"237\" height=\"178\" \/><\/a><span class=\"last-child\"><a class=\"last-child first-child\" href=\"https:\/\/itunes.apple.com\/es\/app\/las-aventuras-de-don-quijote\/id519018214?mt=8\" target=\"_blank\"><span class=\"last-child first-child\">Las Aventuras de Don Quijote de ToC:<\/span><\/a><\/span><\/strong>Disponible para los dispositivos con sistema operativo iOS, esta divertida y pedag\u00f3gica app permite a los alumnos conocer este cl\u00e1sico universal adaptado al p\u00fablico infantil. Con textos en ingl\u00e9s y espa\u00f1ol, ofrece narraciones grabadas por actores, m\u00fasica original, elementos y juegos interactivos, juegos para colorear, dibujar y pintar, puzzles y una opci\u00f3n para grabar una versi\u00f3n propia.<\/p>\n<p><a class=\"first-child\" href=\"http:\/\/www.educaciontrespuntocero.com\/wp-content\/uploads\/2014\/05\/Aprox-did%C3%A1ctica-al-Quijote.jpg\"><img loading=\"lazy\" decoding=\"async\" class=\"alignleft  wp-image-18405 last-child first-child\" src=\"http:\/\/www.educaciontrespuntocero.com\/wp-content\/uploads\/2014\/05\/Aprox-did%C3%A1ctica-al-Quijote-300x282.jpg\" alt=\"Aproximaci\u00f3n did\u00e1ctica al Quijote\" width=\"161\" height=\"151\" \/><\/a><strong class=\"last-child\"><a class=\"last-child first-child\" href=\"http:\/\/www.juntadeandalucia.es\/averroes\/quijote\/contenidos\/actividades.htm\" target=\"_blank\"><span class=\"last-child first-child\">Aproximaci\u00f3n did\u00e1ctica al Quijote:<\/span> <\/a><\/strong>En esta p\u00e1gina web creada por la Junta de Andaluc\u00eda los alumnos encontrar\u00e1n toda una lista de ejercicios sobre Miguel de Cervantes y El Quijote. Asimismo, tras la lectura del libro, podr\u00e1n ordenar frases, relacionar personajes y responder preguntas, entre otras opciones.<\/p>\n<p><a class=\"last-child first-child\" href=\"http:\/\/www.educaciontrespuntocero.com\/wp-content\/uploads\/2014\/05\/Aprende-y-divi%C3%A9rtete-con-El-Quijote.jpg\"><img loading=\"lazy\" decoding=\"async\" class=\"alignright  wp-image-18406 last-child first-child\" src=\"http:\/\/www.educaciontrespuntocero.com\/wp-content\/uploads\/2014\/05\/Aprende-y-divi%C3%A9rtete-con-El-Quijote-300x219.jpg\" alt=\"Aprende y divi\u00e9rtete con El Quijote\" width=\"246\" height=\"180\" \/><\/a><\/p>\n<p><strong class=\"first-child\"><span class=\"last-child first-child\"><a class=\"last-child first-child\" href=\"http:\/\/www.juntadeandalucia.es\/averroes\/carambolo\/WEB%20JCLIC2\/Agrega\/Lengua\/Quijote\/aprende_diviertete_quijote\/escritorio.htm\" target=\"_blank\"><span class=\"last-child first-child\">Aprende y divi\u00e9rtete con Don Quijote: <\/span><\/a><\/span><\/strong>Con este portal del <a class=\"last-child\" href=\"http:\/\/www.ite.educacion.es\/es\/intef\" target=\"_blank\"><strong class=\"last-child first-child\"><span class=\"first-child\">I<\/span><span class=\"last-child\"><strong class=\"last-child first-child\">N<\/strong>TEF <\/span><\/strong><\/a>los alumnos del primer y segundo ciclo de Primaria podr\u00e1n trabajar tanto temas de Lengua como de Matem\u00e1ticas en compa\u00f1\u00eda de El Quijote y Sancho Panza. Adem\u00e1s, ofrece cuatro aventuras interactivas de este hidalgo que el alumnado podr\u00e1 visualizar antes de realizar las actividades.<\/p>\n<p><strong class=\"last-child first-child\">\u00a0<\/strong><\/p>\n<p><strong class=\"first-child\"><a class=\"first-child\" href=\"http:\/\/www.educaciontrespuntocero.com\/wp-content\/uploads\/2014\/05\/Junta.jpg\"><img loading=\"lazy\" decoding=\"async\" class=\"alignleft wp-image-17828 last-child first-child\" src=\"http:\/\/www.educaciontrespuntocero.com\/wp-content\/uploads\/2014\/05\/Junta-300x222.jpg\" alt=\"Junta de Castilla y Le\u00f3n\" width=\"228\" height=\"169\" \/><\/a><span class=\"last-child\"><a class=\"last-child first-child\" href=\"http:\/\/www.educa.jcyl.es\/educacyl\/cm\/gallery\/Recursos%20Infinity\/tematicas\/webquijote\/index.html\" target=\"_blank\"><span class=\"last-child first-child\">Web de Don Quijote de la Junta de Castilla y Le\u00f3n:<\/span><\/a><\/span><\/strong>Leer, escuchar y<br class=\"last-child\" \/>descargar el libro, realizar actividades relacionadas con su contenido (tests, crucigramas, sopas de letras\u2026), conocer m\u00e1s sobre Don Quijote y otros\u00a0protagonistas, un diccionario con t\u00e9rminos que aparecen en la obra\u2026 \u00c9stas son algunas de las\u00a0opciones que ofrece este portal de la Junta de Castilla y Le\u00f3n dedicado a esta obra de Cervantes.<\/p>\n<p><strong class=\"last-child first-child\"><a class=\"last-child first-child\" href=\"http:\/\/www.educaciontrespuntocero.com\/wp-content\/uploads\/2014\/05\/quijote_app5.jpg\"><img loading=\"lazy\" decoding=\"async\" class=\"alignright wp-image-17829 last-child first-child\" src=\"http:\/\/www.educaciontrespuntocero.com\/wp-content\/uploads\/2014\/05\/quijote_app5-300x200.jpg\" alt=\"quijote_app5\" width=\"242\" height=\"161\" \/><\/a><\/strong><\/p>\n<p><a class=\"first-child\" title=\"Las aventuras de Don Quijote\" href=\"https:\/\/itunes.apple.com\/es\/app\/las-aventuras-don-quijote\/id519018214?mt=8%20\" target=\"_blank\"><strong class=\"last-child first-child\"><span class=\"last-child first-child\">Las aventuras de Don Quijote: <\/span><\/strong><\/a><span class=\"last-child first-child\">D<\/span>isponible tanto para<strong><span class=\"last-child first-child\"><a class=\"last-child first-child\" href=\"https:\/\/play.google.com\/store\/apps\/details?id=com.lasaventurasdedonquijote&amp;hl=es\" target=\"_blank\"><span class=\"last-child first-child\">Android<\/span><\/a> <\/span><\/strong>como <strong><span class=\"last-child first-child\"><a class=\"last-child first-child\" href=\"https:\/\/itunes.apple.com\/es\/app\/las-aventuras-don-quijote\/id519018214?mt=8%20\" target=\"_blank\"><span class=\"last-child first-child\">iOs<\/span><\/a><\/span><\/strong>, esta app se presenta en forma de un divertido cuento. Los alumnos pueden interactuar con elementos y personajes de la historia a trav\u00e9s de las ilustraciones, as\u00ed como enfrentarse a diversos acertijos, juegos\u00a0para colorear, dibujar y pintar,\u00a0y puzzles que hacen m\u00e1s entretenido para ni\u00f1os el acercamiento a la historia por medio de la\u00a0gamificaci\u00f3n. Adem\u00e1s,<strong class=\"last-child\">\u00a0<\/strong>los textos se encuentran en ingl\u00e9s y en espa\u00f1ol.<\/p>\n","protected":false},"excerpt":{"rendered":"<p>&nbsp; Actividades El Quijote en el mundo: la web de la Consejer\u00eda de Educaci\u00f3n del Gobierno de Canaria pone a disposici\u00f3n de docentes, alumnos y familias este PDF que incluye actividades complementarias y extraescolares sobre la obra de \u2018El Quijote\u2019 dirigidas todos los niveles educativos: Infantil, Primaria, Secundaria y Bachillerato. Un lugar de la Mancha: [&hellip;]<\/p>\n","protected":false},"author":19,"featured_media":0,"parent":0,"menu_order":0,"comment_status":"closed","ping_status":"closed","template":"","meta":{"footnotes":""},"class_list":["post-1044","page","type-page","status-publish","hentry"],"_links":{"self":[{"href":"https:\/\/diocesanos.es\/blogs\/planlector\/wp-json\/wp\/v2\/pages\/1044","targetHints":{"allow":["GET"]}}],"collection":[{"href":"https:\/\/diocesanos.es\/blogs\/planlector\/wp-json\/wp\/v2\/pages"}],"about":[{"href":"https:\/\/diocesanos.es\/blogs\/planlector\/wp-json\/wp\/v2\/types\/page"}],"author":[{"embeddable":true,"href":"https:\/\/diocesanos.es\/blogs\/planlector\/wp-json\/wp\/v2\/users\/19"}],"replies":[{"embeddable":true,"href":"https:\/\/diocesanos.es\/blogs\/planlector\/wp-json\/wp\/v2\/comments?post=1044"}],"version-history":[{"count":0,"href":"https:\/\/diocesanos.es\/blogs\/planlector\/wp-json\/wp\/v2\/pages\/1044\/revisions"}],"wp:attachment":[{"href":"https:\/\/diocesanos.es\/blogs\/planlector\/wp-json\/wp\/v2\/media?parent=1044"}],"curies":[{"name":"wp","href":"https:\/\/api.w.org\/{rel}","templated":true}]}}