{"id":100,"date":"2015-01-09T10:55:00","date_gmt":"2015-01-09T10:55:00","guid":{"rendered":"https:\/\/diocesanos.es\/blogs\/planlector\/?page_id=100"},"modified":"2015-04-12T20:33:30","modified_gmt":"2015-04-12T20:33:30","slug":"lmlnv","status":"publish","type":"page","link":"https:\/\/diocesanos.es\/blogs\/planlector\/recomendaciones\/lmlnv\/","title":{"rendered":"LOS MEJORES LIBROS DE NUESTRA VIDA"},"content":{"rendered":"<p style=\"text-align: justify\">Seguro que de todos los libros que has le\u00eddo a lo largo de tu vida \u00a0hay alguno\u00a0inolvidable, un libro que te\u00a0emocion\u00f3\u00a0y que\u00a0recomendar\u00edas sin dudarlo.<\/p>\n<p style=\"text-align: justify\">Queremos\u00a0hacer una peque\u00f1a\u00a0gu\u00eda\u00a0con todos esos t\u00edtulos de libros especiales,\u00a0 libros que animan a seguir leyendo, libros que hacen amar la lectura.<\/p>\n<p style=\"text-align: center\"><a href=\"https:\/\/diocesanos.es\/blogs\/planlector\/wp-content\/uploads\/sites\/8\/2015\/01\/l1.jpg\"><img loading=\"lazy\" decoding=\"async\" class=\"alignnone size-medium wp-image-101\" src=\"https:\/\/diocesanos.es\/blogs\/planlector\/wp-content\/uploads\/sites\/8\/2015\/01\/l1-300x222.jpg\" alt=\"Reading\" width=\"300\" height=\"222\" srcset=\"https:\/\/diocesanos.es\/blogs\/planlector\/wp-content\/uploads\/sites\/8\/2015\/01\/l1-300x222.jpg 300w, https:\/\/diocesanos.es\/blogs\/planlector\/wp-content\/uploads\/sites\/8\/2015\/01\/l1.jpg 402w\" sizes=\"auto, (max-width: 300px) 100vw, 300px\" \/><\/a><\/p>\n<p style=\"text-align: justify\">An\u00edmate y dinos cu\u00e1les son los tuyos. Para ello s\u00f3lo tienes que mandarnos un correo a la direcci\u00f3n <a href=\"mailto:milibro@colegiopablovi.es\" target=\"_blank\">milibro@colegiopablovi.es<\/a> con los siguientes datos:<\/p>\n<ul>\n<li style=\"text-align: justify\">Tu nombre<\/li>\n<li style=\"text-align: justify\">T\u00edtulo y autor del libro<\/li>\n<li style=\"text-align: justify\">Una foto de la portada (si puedes)<\/li>\n<li style=\"text-align: justify\">Cu\u00e9ntanos porqu\u00e9 lo elegiste.<\/li>\n<\/ul>\n<p align=\"center\"><strong>QUIZ\u00c1S T\u00da CONDUZCAS A ALGUIEN HASTA EL LIBRO DE SU VIDA<\/strong><\/p>\n<hr \/>\n<h3><\/h3>\n<p style=\"text-align: justify\"><a href=\"https:\/\/diocesanos.es\/blogs\/planlector\/wp-content\/uploads\/sites\/8\/2015\/01\/l2.jpg\"><img loading=\"lazy\" decoding=\"async\" class=\"alignleft wp-image-104\" src=\"https:\/\/diocesanos.es\/blogs\/planlector\/wp-content\/uploads\/sites\/8\/2015\/01\/l2-210x300.jpg\" alt=\"portada\" width=\"152\" height=\"217\" align=\"left\" srcset=\"https:\/\/diocesanos.es\/blogs\/planlector\/wp-content\/uploads\/sites\/8\/2015\/01\/l2-210x300.jpg 210w, https:\/\/diocesanos.es\/blogs\/planlector\/wp-content\/uploads\/sites\/8\/2015\/01\/l2.jpg 350w\" sizes=\"auto, (max-width: 152px) 100vw, 152px\" \/><\/a>Aunque resulta dif\u00edcil elegir un \u00fanico libro, hay uno que es muy especial para m\u00ed y que \u00a0me cautiv\u00f3 desde la primera p\u00e1gina: \u201c<em><strong>Mi planta de naranja-lima<\/strong><\/em>\u201d de Jos\u00e9 Mauro de Vanconcelos.<\/p>\n<p style=\"text-align: justify\">Es un libro muy f\u00e1cil de leer pero de car\u00e1cter muy fuerte; tierno, conmovedor y capaz de meternos en la piel del protagonista. Cuenta la historia de un ni\u00f1o que vive en una favela de Rio de Janeiro y al que la vida le hace aprender a golpes y convertirse en adulto precozmente. Una historia dura pero esperanzadora que nos habla de la bondad y de la imaginaci\u00f3n para enfrentarnos a las dificultades de la vida.<\/p>\n<p style=\"text-align: justify\">Yo tuve la suerte de que alguien puso este libro en mis manos y ahora os animo a aventuraros con la lectura en esta preciosa historia.<\/p>\n<p style=\"text-align: center\">Espero que os guste tanto como a m\u00ed y estoy segura que no os dejar\u00e1 indiferentes.<\/p>\n<h5 style=\"text-align: right\">NURIA JIM\u00c9NEZ Profesora E.S.O.<\/h5>\n<hr \/>\n<p style=\"text-align: justify\"><a href=\"https:\/\/diocesanos.es\/blogs\/planlector\/wp-content\/uploads\/sites\/8\/2015\/01\/9788495311788.jpg\"><img loading=\"lazy\" decoding=\"async\" class=\"  wp-image-282 alignleft\" src=\"https:\/\/diocesanos.es\/blogs\/planlector\/wp-content\/uploads\/sites\/8\/2015\/01\/9788495311788-189x300.jpg\" alt=\"9788495311788\" width=\"122\" height=\"194\" srcset=\"https:\/\/diocesanos.es\/blogs\/planlector\/wp-content\/uploads\/sites\/8\/2015\/01\/9788495311788-189x300.jpg 189w, https:\/\/diocesanos.es\/blogs\/planlector\/wp-content\/uploads\/sites\/8\/2015\/01\/9788495311788-645x1024.jpg 645w, https:\/\/diocesanos.es\/blogs\/planlector\/wp-content\/uploads\/sites\/8\/2015\/01\/9788495311788-145x230.jpg 145w, https:\/\/diocesanos.es\/blogs\/planlector\/wp-content\/uploads\/sites\/8\/2015\/01\/9788495311788.jpg 715w\" sizes=\"auto, (max-width: 122px) 100vw, 122px\" \/><\/a>Mi libro favorito es <strong><em>El retrato de Dorian Gray<\/em><\/strong>, de Oscar Wilde.<\/p>\n<p style=\"text-align: justify\">Lo descubr\u00ed en mi \u00e9poca universitaria en Salamanca, ya que era una de las lecturas obligatorias dentro de la carrera de Filolog\u00eda. Desde el primer momento me fascinaron sus intrigas y la fuerza del relato en s\u00ed. Lo he le\u00eddo varias veces, tanto en ingl\u00e9s como en castellano, y cada vez que entro en su historia, esta me atrapa como la primera vez.<\/p>\n<p style=\"text-align: justify\">Lo recomiendo porque es un cl\u00e1sico muy contempor\u00e1neo, con una historia trepidante llena de sorpresas que te acompa\u00f1ar\u00e1n desde el primer momento hasta el \u00faltimo.<\/p>\n<h5 style=\"text-align: right\"><strong>LAURA CANO Profesora E.S.O.<\/strong><\/h5>\n<hr \/>\n<p style=\"text-align: justify\"><a href=\"https:\/\/diocesanos.es\/blogs\/planlector\/wp-content\/uploads\/sites\/8\/2015\/01\/fahrenheit-451.jpg\"><img loading=\"lazy\" decoding=\"async\" class=\"  wp-image-439 alignleft\" src=\"https:\/\/diocesanos.es\/blogs\/planlector\/wp-content\/uploads\/sites\/8\/2015\/01\/fahrenheit-451-181x300.jpg\" alt=\"fahrenheit 451\" width=\"113\" height=\"187\" srcset=\"https:\/\/diocesanos.es\/blogs\/planlector\/wp-content\/uploads\/sites\/8\/2015\/01\/fahrenheit-451-181x300.jpg 181w, https:\/\/diocesanos.es\/blogs\/planlector\/wp-content\/uploads\/sites\/8\/2015\/01\/fahrenheit-451-139x230.jpg 139w, https:\/\/diocesanos.es\/blogs\/planlector\/wp-content\/uploads\/sites\/8\/2015\/01\/fahrenheit-451.jpg 550w\" sizes=\"auto, (max-width: 113px) 100vw, 113px\" \/><\/a>Uno de mis libros favoritos es <strong>\u00abFahrenheit 451<\/strong>\u00ab, de Ray Bradbury (1953).<\/p>\n<p style=\"text-align: justify\">El t\u00edtulo hace referencia a la temperatura en la escala de Fahrenheit (\u00b0F) a la que el papel de los libros se inflama y arde, equivalente a 233\u00baC.<br \/>\nEs una novela de ciencia ficci\u00f3n en la que se nos describe de un modo\u00a0peculiar un mundo falsamente feliz, en el que el pensamiento y la\u00a0sabidur\u00eda son una barrera para la felicidad, proclamando la ignorancia,la censura, el ocio y el entretenimiento manipulador televisivo como\u00a0mantenimiento de la placidez mental. Para ello, el autor nos sit\u00faa en un\u00a0lugar donde el bombero Montang, por orden del gobierno, en vez de apagar\u00a0el fuego, aviva el mismo con la principal intenci\u00f3n de quemar libros,las pantallas de televisi\u00f3n ocupan paredes y exhiben folletines\u00a0informativos, en las avenidas los coches corren a 150 kil\u00f3metros por\u00a0hora persiguiendo a peatones\u2026<\/p>\n<p style=\"text-align: justify\">Todas los valores que quiere trasmitir el autor, aun siendo la obra de\u00a0otra \u00e9poca, siguen estando vigentes y ya auguraban muchos de los\u00a0defectos de la sociedad actual.<\/p>\n<p style=\"text-align: center\">Es una obra corta, de f\u00e1cil lectura y que engancha. \u00a1Os animo a leerla!<\/p>\n<h5 style=\"text-align: right\">JORGE ESQUILAS\u00a0\u00a0Administraci\u00f3n<\/h5>\n<hr \/>\n<p><a href=\"https:\/\/diocesanos.es\/blogs\/planlector\/wp-content\/uploads\/sites\/8\/2015\/02\/Scan.jpg\"><img loading=\"lazy\" decoding=\"async\" class=\"alignleft wp-image-647 \" src=\"https:\/\/diocesanos.es\/blogs\/planlector\/wp-content\/uploads\/sites\/8\/2015\/02\/Scan-188x300.jpg\" alt=\"Scan\" width=\"118\" height=\"188\" srcset=\"https:\/\/diocesanos.es\/blogs\/planlector\/wp-content\/uploads\/sites\/8\/2015\/02\/Scan-188x300.jpg 188w, https:\/\/diocesanos.es\/blogs\/planlector\/wp-content\/uploads\/sites\/8\/2015\/02\/Scan-642x1024.jpg 642w, https:\/\/diocesanos.es\/blogs\/planlector\/wp-content\/uploads\/sites\/8\/2015\/02\/Scan-144x230.jpg 144w, https:\/\/diocesanos.es\/blogs\/planlector\/wp-content\/uploads\/sites\/8\/2015\/02\/Scan.jpg 1038w\" sizes=\"auto, (max-width: 118px) 100vw, 118px\" \/><\/a><\/p>\n<p><strong>\u201cCINCO PANES DE CEBADA \u201d \u00a0 \u00a0<\/strong>de Luc\u00eda Baquedano<\/p>\n<p style=\"text-align: justify\">\u00a0 \u00a0Me lo recomend\u00f3 ,no hace\u00a0mucho, una compa\u00f1era,\u00a0 porque seg\u00fan me cont\u00f3, para ella supuso recordar sus \u00a0 \u00a0comienzos en una escuela rural. Yo nunca he trabajado en este tipo de\u00a0colegios as\u00ed que le ped\u00ed que me \u00a0 \u00a0dejar\u00e1 el libro \u00a0 y hoy, desde \u00a0aqu\u00ed, se lo\u00a0agradezco de coraz\u00f3n.<\/p>\n<p style=\"text-align: justify\">\u00a0 Es una novela realista ambientada en el mundo rural que muestra los dif\u00edciles, aunque\u00a0 gratificantes \u00a0momentos, que \u00a0 vive una\u00a0joven diplomada en magisterio, en la escuela del pueblo que se convertir\u00e1\u00a0en su \u00a0primer destino. Todas las \u00a0 \u00a0ilusiones con las que llega al lugar que\u00a0durante un curso escolar ser\u00e1 su casa, \u00a0chocan con la dura realidad de un\u00a0pueblo perdido entre las monta\u00f1as del Pirineo navarro. Poco a poco, \u00a0ir\u00e1\u00a0superando su des\u00e1nimo y descubrir\u00e1 su aut\u00e9ntica vocaci\u00f3n en esta dif\u00edcil\u00a0tarea de educar.<\/p>\n<h5 style=\"text-align: right\"><strong>REYES MU\u00d1OZ \u00a0 \u00a0Profesora de Primaria<\/strong><\/h5>\n<hr \/>\n<h3>\u00a0MANUSCRIPT FOUND IN ACCRA \u00a0(<i><b>El manuscrito encontrado en Accra)<\/b><\/i> \u00a0de Paulo Coehlo<\/h3>\n<p style=\"text-align: justify\"><a href=\"https:\/\/diocesanos.es\/blogs\/planlector\/wp-content\/uploads\/sites\/8\/2015\/03\/16054811.jpg\"><img loading=\"lazy\" decoding=\"async\" class=\"  wp-image-823 alignleft\" src=\"https:\/\/diocesanos.es\/blogs\/planlector\/wp-content\/uploads\/sites\/8\/2015\/03\/16054811-203x300.jpg\" alt=\"16054811\" width=\"166\" height=\"246\" srcset=\"https:\/\/diocesanos.es\/blogs\/planlector\/wp-content\/uploads\/sites\/8\/2015\/03\/16054811-203x300.jpg 203w, https:\/\/diocesanos.es\/blogs\/planlector\/wp-content\/uploads\/sites\/8\/2015\/03\/16054811-156x230.jpg 156w, https:\/\/diocesanos.es\/blogs\/planlector\/wp-content\/uploads\/sites\/8\/2015\/03\/16054811.jpg 318w\" sizes=\"auto, (max-width: 166px) 100vw, 166px\" \/><\/a>This book is an easy read. It\u2019s that kind of bo ok where you can find plenty of quotable quotes that will teach you things about life and how to deal with it. Personally, my favorite chapter is the one about solitude; let me share a few lines, which I find inspiring\u2026 \u201cWithout solitude, no plant or animal can survive, no soil can remain productive, no child can learn about life, no artist can create, no work can grow and be transformed. Solitude is not the absence of company, but the moment when our souls is free to speak to us and help us decide what to do with our life\u201d Everyone is busy nowadays and it\u2019s nice to feed our brain and soul in every chance we get. Hope you get inspired in the same way as I did!<\/p>\n<p style=\"text-align: right\"><strong>DENISE MART\u00cdNEZ\u00a0\u00a0<\/strong>Profesora nativa<\/p>\n<p>&nbsp;<\/p>\n<hr \/>\n<p>&nbsp;<\/p>\n<h3><a href=\"https:\/\/diocesanos.es\/blogs\/planlector\/wp-content\/uploads\/sites\/8\/2015\/03\/libro_1322012246.jpg\"><img loading=\"lazy\" decoding=\"async\" class=\"  wp-image-929 alignleft\" src=\"https:\/\/diocesanos.es\/blogs\/planlector\/wp-content\/uploads\/sites\/8\/2015\/03\/libro_1322012246-197x300.jpg\" alt=\"libro_1322012246\" width=\"158\" height=\"241\" srcset=\"https:\/\/diocesanos.es\/blogs\/planlector\/wp-content\/uploads\/sites\/8\/2015\/03\/libro_1322012246-197x300.jpg 197w, https:\/\/diocesanos.es\/blogs\/planlector\/wp-content\/uploads\/sites\/8\/2015\/03\/libro_1322012246-151x230.jpg 151w, https:\/\/diocesanos.es\/blogs\/planlector\/wp-content\/uploads\/sites\/8\/2015\/03\/libro_1322012246.jpg 200w\" sizes=\"auto, (max-width: 158px) 100vw, 158px\" \/><\/a>\u00a0\u00abLA LADRONA DE LIBROS\u201d de Markus Zusak<\/h3>\n<p style=\"text-align: justify\">En plena II Guerra Mundial, la protagonista una ni\u00f1a llamada Liesel hallar\u00e1\u00a0su salvaci\u00f3n en la lectura. Es una\u00a0 novela preciosa, tremendamente humana y\u00a0emocionante, que describe las peripecias de esta ni\u00f1a de nueve a\u00f1os que es\u00a0dada en adopci\u00f3n por su madre hasta el final de la guerra. La nueva\u00a0 familia\u00a0de Liesel es\u00a0 sencilla, la ense\u00f1a a leer y a trav\u00e9s de los libros,\u00a0 Liesel\u00a0logra distraerse durante los bombardeos y combatir la tristeza. Tiene cada\u00a0frase\u2026 Cada sentimiento volcado en cada palabra escrita. Puedes leer una\u00a0frase sobre un personaje que le pasan cosas buenas, y que, al terminar\u00a0dicha frase, lo que empez\u00f3 siendo alegr\u00eda se convierta en tristeza. Los\u00a0sentimientos, la ternura de los personajes y el respeto entre ellos en un\u00a0marco tan duro, llama la atenci\u00f3n. Es una\u00a0 novela dedicada integramente a\u00a0la parte alemana de aquella guerra atroz, el sufrimiento vivido tambi\u00e9n por\u00a0aquellos que no eran jud\u00edos y la repulsa de lo que se estaba haciendo, bien\u00a0reflejada en Hans , padre adoptivo de Liesel (personaje admirable y tierno).<\/p>\n<p style=\"text-align: justify\">Es un hermoso libro, de esos que\u00a0 te enganchan. Es una historia\u00a0interesante, de f\u00e1cil lectura,\u00a0 amena\u00a0 y muy emotiva, conmueve por los\u00a0sentimientos de sus personajes, las emociones desencadenadas por los\u00a0acontecimientos vividos\u00a0 y por encontrarse en lugares y momentos sumamente\u00a0dif\u00edciles.<br \/>\nLo\u00a0 destacable de este libro es la experiencia de tantos alemanes no\u00a0fan\u00e1ticos, que tambi\u00e9n sufrieron con el Holocausto.\u00a0 Creo que es un buen\u00a0libro, siempre es reconfortante hallar gestos de humanidad en medio de las\u00a0atrocidades, sea cual fuere la misma.\u00a0 Te hace sentir muchas emociones s\u00f3lo\u00a0bas\u00e1ndose en hechos hist\u00f3ricos en los que los protagonistas bien pueden\u00a0haber existido.\u00a0 La forma en que es relatada permite introducirte dentro de\u00a0la historia, conocer a los personajes cara a cara. Nos\u00a0 ense\u00f1a diversas\u00a0lecciones, todos tomamos a los alemanes (en general) como los enemigos\u00a0despiadados, sin embargo con esta lectura aprendemos que no todos los\u00a0alemanes estuvieron de acuerdo con las \u00f3rdenes del Fuhrer.<br \/>\nMe parece un excelente libro. Muy recomendable.<br \/>\nPues si\u2026.me ha encantado!!!!<\/p>\n<p style=\"text-align: right\"><strong>Fuencisla Carrero <\/strong>Orientadora de Educaci\u00f3n Infantil y Primaria<\/p>\n","protected":false},"excerpt":{"rendered":"<p>Seguro que de todos los libros que has le\u00eddo a lo largo de tu vida \u00a0hay alguno\u00a0inolvidable, un libro que te\u00a0emocion\u00f3\u00a0y que\u00a0recomendar\u00edas sin dudarlo. Queremos\u00a0hacer una peque\u00f1a\u00a0gu\u00eda\u00a0con todos esos t\u00edtulos de libros especiales,\u00a0 libros que animan a seguir leyendo, libros que hacen amar la lectura. An\u00edmate y dinos cu\u00e1les son los tuyos. Para ello s\u00f3lo [&hellip;]<\/p>\n","protected":false},"author":1,"featured_media":0,"parent":734,"menu_order":1,"comment_status":"open","ping_status":"open","template":"","meta":{"footnotes":""},"class_list":["post-100","page","type-page","status-publish","hentry"],"_links":{"self":[{"href":"https:\/\/diocesanos.es\/blogs\/planlector\/wp-json\/wp\/v2\/pages\/100","targetHints":{"allow":["GET"]}}],"collection":[{"href":"https:\/\/diocesanos.es\/blogs\/planlector\/wp-json\/wp\/v2\/pages"}],"about":[{"href":"https:\/\/diocesanos.es\/blogs\/planlector\/wp-json\/wp\/v2\/types\/page"}],"author":[{"embeddable":true,"href":"https:\/\/diocesanos.es\/blogs\/planlector\/wp-json\/wp\/v2\/users\/1"}],"replies":[{"embeddable":true,"href":"https:\/\/diocesanos.es\/blogs\/planlector\/wp-json\/wp\/v2\/comments?post=100"}],"version-history":[{"count":0,"href":"https:\/\/diocesanos.es\/blogs\/planlector\/wp-json\/wp\/v2\/pages\/100\/revisions"}],"up":[{"embeddable":true,"href":"https:\/\/diocesanos.es\/blogs\/planlector\/wp-json\/wp\/v2\/pages\/734"}],"wp:attachment":[{"href":"https:\/\/diocesanos.es\/blogs\/planlector\/wp-json\/wp\/v2\/media?parent=100"}],"curies":[{"name":"wp","href":"https:\/\/api.w.org\/{rel}","templated":true}]}}