{"id":78,"date":"2015-03-05T17:29:33","date_gmt":"2015-03-05T17:29:33","guid":{"rendered":"https:\/\/diocesanos.es\/blogs\/orientapvi\/?page_id=78"},"modified":"2015-03-13T11:27:35","modified_gmt":"2015-03-13T11:27:35","slug":"escuela-para-padres","status":"publish","type":"page","link":"https:\/\/diocesanos.es\/blogs\/orientapvi\/escuela-para-padres\/","title":{"rendered":"Escuela para padres"},"content":{"rendered":"<p>Estimadas familias: desde el Centro queremos impulsar la <strong>Escuela de Padres<\/strong>. Por ello os animamos a compartir este espacio lleno de recursos e ideas para poner en pr\u00e1ctica en el d\u00eda a d\u00eda como padres. En la primera sesi\u00f3n trataremos de conocer qu\u00e9 son las emociones y la inteligencia emocional, como una estrategia a aprender para acercarnos m\u00e1s a nuestros hijos.<\/p>\n<p>&nbsp;<\/p>\n<p style=\"text-align: center\"><a href=\"https:\/\/diocesanos.es\/blogs\/orientapvi\/wp-content\/uploads\/sites\/16\/2015\/02\/Escuela-de-padres.jpg\"><img loading=\"lazy\" decoding=\"async\" class=\"alignnone size-medium wp-image-31\" src=\"https:\/\/diocesanos.es\/blogs\/orientapvi\/wp-content\/uploads\/sites\/16\/2015\/02\/Escuela-de-padres-213x300.jpg\" alt=\"Escuela de padres\" width=\"213\" height=\"300\" srcset=\"https:\/\/diocesanos.es\/blogs\/orientapvi\/wp-content\/uploads\/sites\/16\/2015\/02\/Escuela-de-padres-213x300.jpg 213w, https:\/\/diocesanos.es\/blogs\/orientapvi\/wp-content\/uploads\/sites\/16\/2015\/02\/Escuela-de-padres-726x1024.jpg 726w, https:\/\/diocesanos.es\/blogs\/orientapvi\/wp-content\/uploads\/sites\/16\/2015\/02\/Escuela-de-padres.jpg 747w\" sizes=\"auto, (max-width: 213px) 100vw, 213px\" \/><\/a><\/p>\n<p>Os esperamos a todos el pr\u00f3ximo martes 24 de febrero de 17:00 a 18:30 en el aula Auxiliar III (junto a la Capilla).<\/p>\n","protected":false},"excerpt":{"rendered":"<p>Estimadas familias: desde el Centro queremos impulsar la Escuela de Padres. Por ello os animamos a compartir este espacio lleno de recursos e ideas para poner en pr\u00e1ctica en el d\u00eda a d\u00eda como padres. En la primera sesi\u00f3n trataremos de conocer qu\u00e9 son las emociones y la inteligencia emocional, como una estrategia a aprender [&hellip;]<\/p>\n","protected":false},"author":31,"featured_media":0,"parent":0,"menu_order":0,"comment_status":"closed","ping_status":"closed","template":"","meta":{"footnotes":""},"class_list":["post-78","page","type-page","status-publish","hentry"],"_links":{"self":[{"href":"https:\/\/diocesanos.es\/blogs\/orientapvi\/wp-json\/wp\/v2\/pages\/78","targetHints":{"allow":["GET"]}}],"collection":[{"href":"https:\/\/diocesanos.es\/blogs\/orientapvi\/wp-json\/wp\/v2\/pages"}],"about":[{"href":"https:\/\/diocesanos.es\/blogs\/orientapvi\/wp-json\/wp\/v2\/types\/page"}],"author":[{"embeddable":true,"href":"https:\/\/diocesanos.es\/blogs\/orientapvi\/wp-json\/wp\/v2\/users\/31"}],"replies":[{"embeddable":true,"href":"https:\/\/diocesanos.es\/blogs\/orientapvi\/wp-json\/wp\/v2\/comments?post=78"}],"version-history":[{"count":0,"href":"https:\/\/diocesanos.es\/blogs\/orientapvi\/wp-json\/wp\/v2\/pages\/78\/revisions"}],"wp:attachment":[{"href":"https:\/\/diocesanos.es\/blogs\/orientapvi\/wp-json\/wp\/v2\/media?parent=78"}],"curies":[{"name":"wp","href":"https:\/\/api.w.org\/{rel}","templated":true}]}}