{"id":115,"date":"2015-03-15T15:08:37","date_gmt":"2015-03-15T15:08:37","guid":{"rendered":"https:\/\/diocesanos.es\/blogs\/orientapvi\/?page_id=115"},"modified":"2015-03-15T15:14:51","modified_gmt":"2015-03-15T15:14:51","slug":"orientaciones-3","status":"publish","type":"page","link":"https:\/\/diocesanos.es\/blogs\/orientapvi\/orientaciones-3\/","title":{"rendered":"Las rabietas, una gu\u00eda para manejarlas"},"content":{"rendered":"<p>Puedes aprender a manejar las rabietas para que disminuyan y desaparezcan<\/p>\n<p style=\"text-align: justify\"><a href=\"https:\/\/diocesanos.es\/blogs\/orientapvi\/wp-content\/uploads\/sites\/16\/2015\/03\/rabietas_infantiles_que_hacer.jpg\"><img loading=\"lazy\" decoding=\"async\" class=\" size-medium wp-image-110 aligncenter\" src=\"https:\/\/diocesanos.es\/blogs\/orientapvi\/wp-content\/uploads\/sites\/16\/2015\/03\/rabietas_infantiles_que_hacer-300x212.jpg\" alt=\"rabietas_infantiles_que_hacer\" width=\"300\" height=\"212\" srcset=\"https:\/\/diocesanos.es\/blogs\/orientapvi\/wp-content\/uploads\/sites\/16\/2015\/03\/rabietas_infantiles_que_hacer-300x212.jpg 300w, https:\/\/diocesanos.es\/blogs\/orientapvi\/wp-content\/uploads\/sites\/16\/2015\/03\/rabietas_infantiles_que_hacer-326x230.jpg 326w, https:\/\/diocesanos.es\/blogs\/orientapvi\/wp-content\/uploads\/sites\/16\/2015\/03\/rabietas_infantiles_que_hacer.jpg 800w\" sizes=\"auto, (max-width: 300px) 100vw, 300px\" \/><\/a><\/p>\n<p style=\"text-align: justify\"><strong>Las rabietas infantiles: \u00bfqu\u00e9 hacer?<\/strong><\/p>\n<p style=\"text-align: justify\">\u201cMi hijo llora enseguida cuando no hago lo que \u00e9l quiere\u201d, \u201cmi hija se tira al suelo y grita cuando se enfada\u201d, \u201ccuando le digo que no pega y grita\u201d, etc. Estas son algunas dudas que recibimos en Ed\u00fakame de padres preocupados por la conducta de sus hijos. Estos comportamientos corresponden a las t\u00edpicas rabietas que los ni\u00f1os y ni\u00f1as tienen entre los 18 meses y los 4 a\u00f1os de edad, debido a su poca tolerancia ante las frustraciones.<\/p>\n<p style=\"text-align: justify\">Nuestra experiencia nos dice que cuando los padres aprenden c\u00f3mo manejar esta etapa, el resultado son ni\u00f1os m\u00e1s tranquilos y equilibrados emocionalmente. Por lo tanto, ni\u00f1os felices y con m\u00e1s habilidades emocionales. Ed\u00fakame tiene un gran inter\u00e9s en formar a los padres, ofreci\u00e9ndoles informaci\u00f3n pr\u00e1ctica y clara sobre el periodo de los berrinches, como podeis ver en el contenido premium SOS Tiene rabietas.<\/p>\n<p style=\"text-align: justify\">La etapa de las rabietas es una fase normal en el desarrollo del ni\u00f1o, adem\u00e1s de necesaria \u2013aunque sea inc\u00f3moda y dif\u00edcil para los padres\u2013 para que los ni\u00f1os puedan aprender a tolerar la frustraci\u00f3n, y a expresar y canalizar sus emociones negativas (ambas son buenas habilidades emocionales). Un aprendizaje vital para vivir en una sociedad en la que tendr\u00e1n que lidiar con normas, l\u00edmites y renuncias, pues cuando sean adolescentes o adultos ver\u00e1n que no siempre las cosas ser\u00e1n como ellos deseen. Como padres nos gustar\u00eda que estuvieran preparados para afrontarlos y gestionarlos de la mejor manera, ofreci\u00e9ndoles felicidad.<\/p>\n<p style=\"text-align: justify\">La etapa de las rabietas le permiten al ni\u00f1o ir practicando para ganar en tolerancia ante sus propias frustraciones, desilusiones, reveses, p\u00e9rdidas, errores, equivocaciones, etc. Por lo tanto, son oportunidades que tenemos los padres para ense\u00f1arles habilidades emocionales que les ayudar\u00e1n a ser adolescentes y adultos con madurez interna.<\/p>\n<p style=\"text-align: justify\"><strong>\u00bfQu\u00e9 es una rabieta?<\/strong><\/p>\n<p style=\"text-align: justify\">La rabieta es una explosi\u00f3n emocional, que sirve como canal para expresar emociones negativas de rabia o enfado. Esta puede darse porque el ni\u00f1o no ha conseguido lo que deseaba, como por ejemplo: quedarse jugando en el parque y no irse a casa (como muestra el cuento La rabieta de Julieta), ponerse esa chaqueta y no la que le dice mam\u00e1, comerse una chocolatina y no el bocata, ir en brazos y no caminar, etc. Tambi\u00e9n puede ser porque algo no le ha salido como \u00e9l quer\u00eda. Por ejemplo, una torre de construcciones que se cae, el castillo de arena que no ha quedado bien, el dibujo que no ha resultado como \u00e9l quer\u00eda, su coche de carreras que se acaba de romper, un puzle que no sabe c\u00f3mo hacerlo y adem\u00e1s no se deja guiar por mam\u00e1, querer comer o tal vez escribir solito y enfadarse porque no le sale bien, etc.<\/p>\n<p style=\"text-align: justify\">Tanto estas situaciones como otras ponen al ni\u00f1o peque\u00f1o en contacto con emociones negativas y de forma intensa \u2013pues toda emoci\u00f3n en la infancia se vive de forma intensa\u2013, que adem\u00e1s todav\u00eda no sabe regular. Por eso se da la rabieta, porque expresa con todo el cuerpo su enfado ante el disgusto que siente, sin saber todav\u00eda c\u00f3mo tolerar esa frustraci\u00f3n.<\/p>\n<p style=\"text-align: justify\">Las rabietas son una parte normal del desarrollo y no se tienen que considerar algo negativo. Seg\u00fan sea el temperamento del ni\u00f1o o la ni\u00f1a, la rabieta se dar\u00e1n de forma regular, frecuente e intensa, o en pocas ocasiones.<\/p>\n<p style=\"text-align: justify\"><strong>\u00bfPor qu\u00e9 surge?<\/strong><\/p>\n<p style=\"text-align: justify\">A partir de los 18 meses y, sobre todo, de los 2 a\u00f1os en adelante, el ni\u00f1o ha ganado ciertas habilidades y madurez que le hacen ser m\u00e1s independiente: sabe caminar por s\u00ed solito, incluso correr, subir y bajarse de muchos lugares, sabe expresarse con palabras o peque\u00f1as frases, etc. Esta reciente autonom\u00eda le da un cierto poder que quiere empezar a practicar. Ya no depende tanto del adulto como en la etapa anterior de beb\u00e9 en la que ni siquiera pod\u00eda comer por \u00e9l mismo o trasladar sus juguetes. Ahora sabe expresar lo que quiere \u2013o lo que no quiere\u2013 con gestos y palabras (aunque sea de forma rudimentaria) e incluso desplazarse por donde \u00e9l quiere.<\/p>\n<p style=\"text-align: justify\">As\u00ed que ahora el peque\u00f1o de 18 meses o de 2 a\u00f1os y medio empieza a expresar sus deseos y espera obtener una respuesta inmediata y positiva por parte de sus padres o del adulto que est\u00e9 a su cargo a sus voluntades. Cuando no es as\u00ed, el ni\u00f1o siente una intensa frustraci\u00f3n que por la inmadurez propia de la edad no sabe a\u00fan gestionar.<\/p>\n<p style=\"text-align: justify\">Es propio de la infancia que el ni\u00f1o quiera que se satisfagan siempre sus deseos, y adem\u00e1s, sin espera, de forma r\u00e1pida e inmediata (sobre todo antes de los 3 a\u00f1os). Puede ser motivo de rabieta que le digas a tu ni\u00f1o: \u201cs\u00ed, ahora te acompa\u00f1o a tirarte por el tobog\u00e1n\u201d, pero que se enfade por esperar solo unos segundos. De nuevo, le vence la rabia porque su deseo no es cumplido de forma inmediata.<\/p>\n<p style=\"text-align: justify\">Otro motivo de rabieta puede ser que el ni\u00f1o no tenga cubierta alguna necesidad. El hambre, el cansancio, el aburrimiento, el sue\u00f1o, el sentirse solo o no atendido suelen desencadenar rabietas porque el ni\u00f1o siente una emoci\u00f3n desagradable y negativa y no sabe c\u00f3mo gestionarla adecuadamente (ni sabr\u00e1, de momento, por la inmadurez de su edad).<\/p>\n<p style=\"text-align: justify\">Un v\u00eddeo d\u00f3nde Cristina te explica como actuar ante los berrinches<\/p>\n<p><iframe loading=\"lazy\" title=\"\u00bfC\u00f3mo actuar ante las rabietas y berrinches infantiles?\" width=\"500\" height=\"375\" src=\"https:\/\/www.youtube.com\/embed\/eZnaIVCEuxI?feature=oembed\" frameborder=\"0\" allow=\"accelerometer; autoplay; clipboard-write; encrypted-media; gyroscope; picture-in-picture; web-share\" referrerpolicy=\"strict-origin-when-cross-origin\" allowfullscreen><\/iframe><\/p>\n<p style=\"text-align: justify\"><strong>\u00bfCu\u00e1ndo surge?<\/strong><\/p>\n<p style=\"text-align: justify\">Las rabietas generalmente comienzan alrededor de la edad de 12 a 18 meses, empeoran entre los 2 y 3 a\u00f1os, luego disminuyen hacia los 4 a\u00f1os, y ya casi no se vuelven a presentar.<\/p>\n<p style=\"text-align: justify\">Entre los 2 y 3 a\u00f1os se suelen dar la mayor\u00eda de ellas, y, por tanto, son momentos de aprendizaje para nuestros peque\u00f1os. Necesitan aprender a regular la intensidad de sus emociones negativas y esto lo lograr\u00e1n con entrenamiento. Por eso este periodo, aunque nos parezca largo y algo inc\u00f3modo, es necesario para que puedan aprender a tolerar sus frustraciones y a autorregularse<\/p>\n<p style=\"text-align: justify\">C\u00f3mo superar la etapa de las rabietas<\/p>\n<p style=\"text-align: justify\">P\u00f3ster c\u00f3mo superar las rabietas de los ni\u00f1os<\/p>\n<p style=\"text-align: justify\">Tal y como hemos destacado en este p\u00f3ster -que en Ed\u00fakame hemos dise\u00f1ado de forma exclusiva-los padres y educadores debemos saber qu\u00e9 podemos hacer antes de la rabieta, durante la rabieta y despu\u00e9s de la rabieta.<\/p>\n<p style=\"text-align: justify\">La actuaci\u00f3n recomendable antes de la rabieta es la prevenci\u00f3n. Si reducimos los efectos que las provocan, nos permitir\u00e1 tener que lidiar con menos escenas de rabietas, pero no evitarlas del todo (repito que tampoco es lo deseable, pues es un mecanismo sano de sacar una emoci\u00f3n desagradable y aprender a autorregularse).<\/p>\n<p style=\"text-align: justify\">Ofrecerles pautas claras para que se sepan qu\u00e9 deben hacer y que es lo que se espera de ellos; ajustar las normas y expectativas a su edas; mantener los objetos prohibidos fuera de su vista y de su alcance; atender sus propios limites de sue\u00f1o y hambre; ofrecerles pocos \u00abno\u00bb pero claros y darles tiempo de calidad son aspectos que suelen reducir considerablemente la intensidad y duraci\u00f3n de esta etapa.<\/p>\n<p style=\"text-align: justify\">*Durante la rabieta, hemos de vigilar que la expresion de enfado no se vuelva en contra del ni\u00f1o, es decir, que se cumplan estas tres reglas:<br \/>\n1.No se hagan da\u00f1o a ellos mismos: golpe\u00e1ndose la cabeza, tir\u00e1ndose fuertemente al suelo, pellizc\u00e1ndose, tir\u00e1ndose del cabello, ara\u00f1\u00e1ndose los brazos o la cara, etc.<br \/>\n2.No hagan da\u00f1o a nadie: mordiendo, empujando, pegando a los dem\u00e1s, ya sea su amigo, su hermano, su madre, su padre, etc.<br \/>\n3.No da\u00f1en nada: rompiendo objetos o golpearlos fuertemente.<\/p>\n<p style=\"text-align: justify\">Durante la rabieta hemos de protegerles para que no se hagan da\u00f1o a ellos mismos, ni a nadie, ni a nada.<\/p>\n<p style=\"text-align: justify\">*Despu\u00e9s de la rabieta<\/p>\n<p style=\"text-align: justify\">Una vez pasada la explosi\u00f3n emocional que viene acompa\u00f1ada de llanto, gritos, pataletas, y una vez que el ni\u00f1o se haya calmado, es el momento de utilizar las palabras, la l\u00f3gica o la raz\u00f3n (antes no). Ahora s\u00ed podemos hablarle de cu\u00e1l era la conducta adecuada, los motivos por los que no le hemos dejado hacer una cosa u otra, o c\u00f3mo puede responder adecuadamente la pr\u00f3xima vez que se enfade: \u201cya veo que te ha enfadado que no te dejara ir descalzo por el parque, te puedes enfadar y llorar por ello pero no pegarme, cari\u00f1o. Si pegas haces da\u00f1o y eso no est\u00e1 bien\u201d.<\/p>\n<p style=\"text-align: justify\">Poner palabras a sus emociones y acciones de forma sencilla, les ayuda a ir aprendiendo a identificarlas y nombrarlas y tambi\u00e9n a expresarlas de forma correcta. Es decir, les permite a aprender a gestionarlas.<\/p>\n<p style=\"text-align: justify\">http:\/\/edukame.com\/las-rabietas<\/p>\n<p style=\"text-align: justify\">\n","protected":false},"excerpt":{"rendered":"<p>Puedes aprender a manejar las rabietas para que disminuyan y desaparezcan Las rabietas infantiles: \u00bfqu\u00e9 hacer? \u201cMi hijo llora enseguida cuando no hago lo que \u00e9l quiere\u201d, \u201cmi hija se tira al suelo y grita cuando se enfada\u201d, \u201ccuando le digo que no pega y grita\u201d, etc. Estas son algunas dudas que recibimos en Ed\u00fakame [&hellip;]<\/p>\n","protected":false},"author":31,"featured_media":0,"parent":0,"menu_order":0,"comment_status":"closed","ping_status":"closed","template":"","meta":{"footnotes":""},"class_list":["post-115","page","type-page","status-publish","hentry"],"_links":{"self":[{"href":"https:\/\/diocesanos.es\/blogs\/orientapvi\/wp-json\/wp\/v2\/pages\/115","targetHints":{"allow":["GET"]}}],"collection":[{"href":"https:\/\/diocesanos.es\/blogs\/orientapvi\/wp-json\/wp\/v2\/pages"}],"about":[{"href":"https:\/\/diocesanos.es\/blogs\/orientapvi\/wp-json\/wp\/v2\/types\/page"}],"author":[{"embeddable":true,"href":"https:\/\/diocesanos.es\/blogs\/orientapvi\/wp-json\/wp\/v2\/users\/31"}],"replies":[{"embeddable":true,"href":"https:\/\/diocesanos.es\/blogs\/orientapvi\/wp-json\/wp\/v2\/comments?post=115"}],"version-history":[{"count":0,"href":"https:\/\/diocesanos.es\/blogs\/orientapvi\/wp-json\/wp\/v2\/pages\/115\/revisions"}],"wp:attachment":[{"href":"https:\/\/diocesanos.es\/blogs\/orientapvi\/wp-json\/wp\/v2\/media?parent=115"}],"curies":[{"name":"wp","href":"https:\/\/api.w.org\/{rel}","templated":true}]}}