{"id":951,"date":"2016-11-22T21:43:22","date_gmt":"2016-11-22T21:43:22","guid":{"rendered":"https:\/\/diocesanos.es\/blogs\/museopablovi\/?page_id=951"},"modified":"2023-07-31T10:48:23","modified_gmt":"2023-07-31T10:48:23","slug":"da02-como-copiar-un-dibujo-con-cuadricula","status":"publish","type":"page","link":"https:\/\/diocesanos.es\/blogs\/museopablovi\/recursos-para-educacion-plastica-visual-y-audiovisual\/da02-como-copiar-un-dibujo-con-cuadricula\/","title":{"rendered":"ESCALAS"},"content":{"rendered":"<p>[et_pb_section fb_built=\u00bb1&#8243; admin_label=\u00bbsection\u00bb _builder_version=\u00bb4.16&#8243; global_colors_info=\u00bb{}\u00bb][et_pb_row admin_label=\u00bbrow\u00bb _builder_version=\u00bb4.16&#8243; background_size=\u00bbinitial\u00bb background_position=\u00bbtop_left\u00bb background_repeat=\u00bbrepeat\u00bb global_colors_info=\u00bb{}\u00bb][et_pb_column type=\u00bb4_4&#8243; _builder_version=\u00bb4.16&#8243; custom_padding=\u00bb|||\u00bb global_colors_info=\u00bb{}\u00bb custom_padding__hover=\u00bb|||\u00bb][et_pb_text admin_label=\u00bbText\u00bb _builder_version=\u00bb4.21.0&#8243; background_size=\u00bbinitial\u00bb background_position=\u00bbtop_left\u00bb background_repeat=\u00bbrepeat\u00bb hover_enabled=\u00bb0&#8243; global_colors_info=\u00bb{}\u00bb custom_padding=\u00bb||0px|||\u00bb sticky_enabled=\u00bb0&#8243;]<\/p>\n<p style=\"text-align: center;\"><span style=\"color: #808080;\"><strong>ESCALAS &#8211; como copiar un dibujo mediante la t\u00e9cnica de la cuadr\u00edcula<\/strong><\/span><\/p>\n<div class=\"style_SkipStroke_2 shape-with-text flowDefining\">\n<div class=\"text-content style_External_350_258\">\n<div class=\"style\" style=\"text-align: justify;\">\n<table class=\" aligncenter\" style=\"width: 776px;\">\n<tbody>\n<tr valign=\"top\">\n<td style=\"width: 364.140625px;\">\n<p><span style=\"color: #000000;\"><em><span style=\"font-family: 'andale mono', times; font-size: small;\">En este ejercicio vamos a copiar un modelo en 2D (dibujo, fotograf\u00eda, ilustraci\u00f3n, etc) utilizando la t\u00e9cnica de la cuadr\u00edcula como ESCALA, lo que nos va a facilitar\u00a0enormemente la tarea de reproducci\u00f3n<\/span><\/em><\/span><\/p>\n<p><span style=\"text-decoration: underline; color: #000000;\"><strong><span style=\"font-family: 'andale mono', times; font-size: 10pt;\">MATERIALES NECESARIOS:<\/span><\/strong><\/span><\/p>\n<p><span style=\"font-size: 8pt; color: #000000;\"><span style=\"font-family: 'andale mono', times;\">1 &#8211; Imagen original en papel, fotocopia, etc.<\/span><\/span><\/p>\n<p><span style=\"font-size: 8pt; color: #000000;\"><span style=\"font-family: 'andale mono', times;\">2 &#8211; Regla, escuadra y cartab\u00f3n.<\/span><\/span><\/p>\n<p><span style=\"font-size: 8pt; color: #000000;\"><span style=\"font-family: 'andale mono', times;\">3 &#8211; Lapiceros 2H y 2B, goma y sacapuntas.<\/span><\/span><\/p>\n<p><span style=\"font-size: 8pt; color: #000000;\"><span style=\"font-family: 'andale mono', times;\">4 &#8211; L\u00e1mina de dibujo del bloc.<\/span><\/span><\/p>\n<p><span style=\"color: #000000;\"><em><span style=\"font-family: 'andale mono', times; font-size: 10pt;\">Vamos a utilizar una fotocopia del modelo que queremos copiar, y sobre ella haremos una cuadr\u00edcula con cuadradillos o celdas de 1x1cm.<\/span><\/em><\/span><\/p>\n<p><span style=\"color: #000000;\"><em><span style=\"font-family: 'andale mono', times; font-size: 10pt;\">A continuaci\u00f3n tendremos que determinar la posici\u00f3n correcta de nuestra l\u00e1mina, y dibujar una cuadr\u00edcula similar que nos servir\u00e1 de gu\u00eda para hacer la reproducci\u00f3n.<\/span><\/em><\/span><\/p>\n<p><span style=\"color: #000000;\"><strong><span style=\"font-size: 8pt;\"><span style=\"font-family: 'andale mono', times; font-size: small;\">ESCALA =\u00a0<\/span><\/span><\/strong><strong><span style=\"font-size: 8pt;\"><span style=\"font-family: 'andale mono', times; font-size: small;\">medidas del dibujo : medidas de la realidad<\/span><\/span><\/strong><\/span><\/p>\n<p><span style=\"color: #000000;\"><em><span style=\"font-family: 'andale mono', times; font-size: small;\">Si en nuestro\u00a0dibujo\u00a0utilizamos una cuadr\u00edcula con id\u00e9nticas dimensiones que la utilizada en la imagen original estaremos haciendo una reproducci\u00f3n exacta del modelo original a Escala 1:1 (o escala natural). <\/span><\/em><\/span><\/p>\n<p><span style=\"color: #000000;\"><em><span style=\"font-family: 'andale mono', times; font-size: small;\">Por otro lado, si utilizamos una cuadr\u00edcula mayor que la del modelo estaremos usando\u00a0una Escala de Ampliaci\u00f3n (por ejemplo: Escala 2:1). Y si nuestro dibujo es menor que el modelo original habremos usado una Escala de Reducci\u00f3n (por ejemplo: Escala 1:100).<\/span><\/em><\/span><\/p>\n<p><span style=\"color: #000000;\"><em><span style=\"font-family: 'andale mono', times; font-size: small;\">En el ejemplo del drag\u00f3n que ten\u00e9is a la derecha, en el dibujo original se realiz\u00f3 una cuadr\u00edcula de 10x17cm. (cuadradillos de 1x1cm), y en nuestra l\u00e1mina de dibujo usamos una cuadr\u00edcula similar pero con cuadradillos de 1,7cm x 1,7cm. Por tanto hemos utilizado una Escala de Ampliaci\u00f3n (Escala 1,7:1) (o lo que es lo mismo, 1,7cm de\u00a0nuestro dibujo corresponden con 1cm del\u00a0dibujo original).<\/span><\/em><\/span><\/p>\n<p><span style=\"color: #000000;\"><em><span style=\"font-family: 'andale mono', times; font-size: small;\">Para continuar con el trabajo debemos numeraremos las celdas de la \u00a0cuadr\u00edcula en vertical y horizontal, y comenzaremos a realizar los trazos principales del dibujo fij\u00e1ndonos en lo que hay dentro de cada una de las celdas.<\/span><\/em><\/span><\/p>\n<p><span style=\"color: #000000;\"><em><span style=\"font-family: 'andale mono', times; font-size: small;\">Cuando tengamos hecho todo el dibujo borraremos la cuadr\u00edcula y realizaremos el claroscuro (sombreado) del dibujo.<\/span><\/em><\/span><\/p>\n<p><span style=\"color: #000000;\"><em><span style=\"font-family: 'andale mono', times; font-size: small;\">A continuaci\u00f3n ten\u00e9is dos v\u00eddeos Time Lapse en los que pod\u00e9is ver el proceso de trabajo para esta reproducci\u00f3n del drag\u00f3n a ESCALA 1,7:1<\/span><\/em><\/span><\/p>\n<p><strong><em><a href=\"https:\/\/diocesanos.es\/blogs\/museopablovi\/wp-content\/uploads\/sites\/6\/2016\/11\/DA02-Como-copiar-un-dibujo-con-cuadricula-1.mov\" target=\"_blank\" rel=\"noopener\"><span style=\"color: #000080;\">PINCHA AQUI PARA VER EL V\u00cdDEO \u2013 da02<\/span><\/a><\/em><\/strong><\/p>\n<p><span style=\"color: #000080;\"><em><strong><a style=\"color: #000080;\" href=\"https:\/\/diocesanos.es\/blogs\/museopablovi\/wp-content\/uploads\/sites\/6\/2016\/11\/DA02-Como-copiar-un-dibujo-con-cuadricula-2.mov\" target=\"_blank\" rel=\"noopener\">PINCHA AQUI PARA VER EL V\u00cdDEO \u2013 da03<\/a>\u00a0<\/strong><\/em><\/span><\/p>\n<\/td>\n<td style=\"width: 25.859375px; text-align: left;\">\u00a0<\/td>\n<td style=\"width: 364px;\">\n<p><a href=\"https:\/\/diocesanos.es\/blogs\/museopablovi\/wp-content\/uploads\/sites\/6\/2016\/11\/IMG_9309.jpg\"><img loading=\"lazy\" decoding=\"async\" class=\"aligncenter wp-image-961 size-full\" src=\"https:\/\/diocesanos.es\/blogs\/museopablovi\/wp-content\/uploads\/sites\/6\/2016\/11\/IMG_9309.jpg\" alt=\"img_9309\" width=\"425\" height=\"567\" srcset=\"https:\/\/diocesanos.es\/blogs\/museopablovi\/wp-content\/uploads\/sites\/6\/2016\/11\/IMG_9309.jpg 425w, https:\/\/diocesanos.es\/blogs\/museopablovi\/wp-content\/uploads\/sites\/6\/2016\/11\/IMG_9309-225x300.jpg 225w\" sizes=\"(max-width: 425px) 100vw, 425px\" \/><\/a><\/p>\n<p><span style=\"font-size: 10pt;\">\u00a0 \u00a0 Izquierda: modelo original \u00a0 \u00a0 \u00a0 \u00a0 \u00a0 \u00a0Derecha: nuestra copia<\/span><\/p>\n<p><a href=\"https:\/\/diocesanos.es\/blogs\/museopablovi\/wp-content\/uploads\/sites\/6\/2016\/11\/IMG_9310.jpg\"><img loading=\"lazy\" decoding=\"async\" class=\"aligncenter wp-image-962 size-full\" src=\"https:\/\/diocesanos.es\/blogs\/museopablovi\/wp-content\/uploads\/sites\/6\/2016\/11\/IMG_9310.jpg\" alt=\"img_9310\" width=\"425\" height=\"567\" srcset=\"https:\/\/diocesanos.es\/blogs\/museopablovi\/wp-content\/uploads\/sites\/6\/2016\/11\/IMG_9310.jpg 425w, https:\/\/diocesanos.es\/blogs\/museopablovi\/wp-content\/uploads\/sites\/6\/2016\/11\/IMG_9310-225x300.jpg 225w\" sizes=\"(max-width: 425px) 100vw, 425px\" \/><\/a><\/p>\n<p>\u00a0 \u00a0 \u00a0 \u00a0 \u00a0 \u00a0 \u00a0 \u00a0 \u00a0dibujo terminado (sin claroscuro)<\/p>\n<\/td>\n<\/tr>\n<\/tbody>\n<\/table>\n<\/div>\n<\/div>\n<\/div>\n<p style=\"text-align: center;\">[\/et_pb_text][\/et_pb_column][\/et_pb_row][\/et_pb_section]<\/p>\n","protected":false},"excerpt":{"rendered":"<p>ESCALAS &#8211; como copiar un dibujo mediante la t\u00e9cnica de la cuadr\u00edcula En este ejercicio vamos a copiar un modelo en 2D (dibujo, fotograf\u00eda, ilustraci\u00f3n, etc) utilizando la t\u00e9cnica de la cuadr\u00edcula como ESCALA, lo que nos va a facilitar\u00a0enormemente la tarea de reproducci\u00f3n MATERIALES NECESARIOS: 1 &#8211; Imagen original en papel, fotocopia, etc. 2 [&hellip;]<\/p>\n","protected":false},"author":9,"featured_media":962,"parent":890,"menu_order":0,"comment_status":"closed","ping_status":"closed","template":"","meta":{"_et_pb_use_builder":"on","_et_pb_old_content":"<p style=\"text-align: center\"><span style=\"color: #808080\"><strong>ESCALAS - como copiar un dibujo mediante la t\u00e9cnica de la cuadr\u00edcula<\/strong><\/span><\/p>\r\n\r\n<div class=\"style_SkipStroke_2 shape-with-text flowDefining\">\r\n<div class=\"text-content style_External_350_258\">\r\n<div class=\"style\" style=\"text-align: justify\">\r\n<table class=\" aligncenter\" style=\"width: 776px\">\r\n<tbody>\r\n<tr valign=\"top\">\r\n<td style=\"width: 364.140625px\"><span style=\"color: #000000\"><em><span style=\"font-family: 'andale mono', times;font-size: small\">En este ejercicio vamos a copiar un modelo en 2D (dibujo, fotograf\u00eda, ilustraci\u00f3n, etc) utilizando la t\u00e9cnica de la cuadr\u00edcula como ESCALA, lo que nos va a facilitar&nbsp;enormemente la tarea de reproducci\u00f3n<\/span><\/em><\/span>\r\n\r\n<span style=\"text-decoration: underline;color: #000000\"><strong><span style=\"font-family: 'andale mono', times;font-size: 10pt\">MATERIALES NECESARIOS:<\/span><\/strong><\/span>\r\n\r\n<span style=\"font-size: 8pt;color: #000000\"><span style=\"font-family: 'andale mono', times\">1 - Imagen original en papel, fotocopia, etc.<\/span><\/span>\r\n\r\n<span style=\"font-size: 8pt;color: #000000\"><span style=\"font-family: 'andale mono', times\">2 - Regla, escuadra y cartab\u00f3n.<\/span><\/span>\r\n\r\n<span style=\"font-size: 8pt;color: #000000\"><span style=\"font-family: 'andale mono', times\">3 - Lapiceros 2H y 2B, goma y sacapuntas.<\/span><\/span>\r\n\r\n<span style=\"font-size: 8pt;color: #000000\"><span style=\"font-family: 'andale mono', times\">4 - L\u00e1mina de dibujo del bloc.<\/span><\/span>\r\n\r\n<span style=\"color: #000000\"><em><span style=\"font-family: 'andale mono', times;font-size: 10pt\">Vamos a utilizar una fotocopia del modelo que queremos copiar, y sobre ella haremos una cuadr\u00edcula con cuadradillos o celdas de 1x1cm.<\/span><\/em><\/span>\r\n\r\n<span style=\"color: #000000\"><em><span style=\"font-family: 'andale mono', times;font-size: 10pt\">A continuaci\u00f3n tendremos que determinar la posici\u00f3n correcta de nuestra l\u00e1mina, y dibujar una cuadr\u00edcula similar que nos servir\u00e1 de gu\u00eda para hacer la reproducci\u00f3n.<\/span><\/em><\/span>\r\n\r\n<span style=\"color: #000000\"><strong><span style=\"font-size: 8pt\"><span style=\"font-family: 'andale mono', times;font-size: small\">ESCALA =&nbsp;<\/span><\/span><\/strong><strong><span style=\"font-size: 8pt\"><span style=\"font-family: 'andale mono', times;font-size: small\">medidas del dibujo : medidas de la realidad<\/span><\/span><\/strong><\/span>\r\n\r\n<span style=\"color: #000000\"><em><span style=\"font-family: 'andale mono', times;font-size: small\">Si en nuestro&nbsp;dibujo&nbsp;utilizamos una cuadr\u00edcula con id\u00e9nticas dimensiones que la utilizada en la imagen original estaremos haciendo una reproducci\u00f3n exacta del modelo original a Escala 1:1 (o escala natural). <\/span><\/em><\/span>\r\n\r\n<span style=\"color: #000000\"><em><span style=\"font-family: 'andale mono', times;font-size: small\">Por otro lado, si utilizamos una cuadr\u00edcula mayor que la del modelo estaremos usando&nbsp;una Escala de Ampliaci\u00f3n (por ejemplo: Escala 2:1). Y si nuestro dibujo es menor que el modelo original habremos usado una Escala de Reducci\u00f3n (por ejemplo: Escala 1:100).<\/span><\/em><\/span>\r\n\r\n<span style=\"color: #000000\"><em><span style=\"font-family: 'andale mono', times;font-size: small\">En el ejemplo del drag\u00f3n que ten\u00e9is a la derecha, en el dibujo original se realiz\u00f3 una cuadr\u00edcula de 10x17cm. (cuadradillos de 1x1cm), y en nuestra l\u00e1mina de dibujo usamos una cuadr\u00edcula similar pero con cuadradillos de 1,7cm x 1,7cm. Por tanto hemos utilizado una Escala de Ampliaci\u00f3n (Escala 1,7:1) (o lo que es lo mismo, 1,7cm de&nbsp;nuestro dibujo corresponden con 1cm del&nbsp;dibujo original).<\/span><\/em><\/span>\r\n\r\n<span style=\"color: #000000\"><em><span style=\"font-family: 'andale mono', times;font-size: small\">Para continuar con el trabajo debemos numeraremos las celdas de la &nbsp;cuadr\u00edcula en vertical y horizontal, y comenzaremos a realizar los trazos principales del dibujo fij\u00e1ndonos en lo que hay dentro de cada una de las celdas.<\/span><\/em><\/span>\r\n\r\n<span style=\"color: #000000\"><em><span style=\"font-family: 'andale mono', times;font-size: small\">Cuando tengamos hecho todo el dibujo borraremos la cuadr\u00edcula y realizaremos el claroscuro (sombreado) del dibujo.<\/span><\/em><\/span>\r\n\r\n<span style=\"color: #000000\"><em><span style=\"font-family: 'andale mono', times;font-size: small\">A continuaci\u00f3n ten\u00e9is dos v\u00eddeos Time Lapse en los que pod\u00e9is ver el proceso de trabajo para esta reproducci\u00f3n del drag\u00f3n a ESCALA 1,7:1<\/span><\/em><\/span>\r\n\r\n<strong><em><a href=\"https:\/\/diocesanos.es\/blogs\/museopablovi\/wp-content\/uploads\/sites\/6\/2016\/11\/DA02-Como-copiar-un-dibujo-con-cuadricula-1.mov\" target=\"_blank\" rel=\"noopener\"><span style=\"color: #000080\">PINCHA AQUI PARA VER EL V\u00cdDEO \u2013 da02<\/span><\/a><\/em><\/strong>\r\n\r\n<span style=\"color: #000080\"><em><strong><a style=\"color: #000080\" href=\"https:\/\/diocesanos.es\/blogs\/museopablovi\/wp-content\/uploads\/sites\/6\/2016\/11\/DA02-Como-copiar-un-dibujo-con-cuadricula-2.mov\" target=\"_blank\" rel=\"noopener\">PINCHA AQUI PARA VER EL V\u00cdDEO \u2013 da03<\/a>&nbsp;<\/strong><\/em><\/span><\/td>\r\n<td style=\"width: 25.859375px;text-align: left\">&nbsp;<\/td>\r\n<td style=\"width: 364px\"><a href=\"https:\/\/diocesanos.es\/blogs\/museopablovi\/wp-content\/uploads\/sites\/6\/2016\/11\/IMG_9309.jpg\"><img class=\"aligncenter wp-image-961 size-full\" src=\"https:\/\/diocesanos.es\/blogs\/museopablovi\/wp-content\/uploads\/sites\/6\/2016\/11\/IMG_9309.jpg\" alt=\"img_9309\" width=\"425\" height=\"567\"><\/a>\r\n\r\n<span style=\"font-size: 10pt\">&nbsp; &nbsp; Izquierda: modelo original &nbsp; &nbsp; &nbsp; &nbsp; &nbsp; &nbsp;Derecha: nuestra copia<\/span>\r\n\r\n<a href=\"https:\/\/diocesanos.es\/blogs\/museopablovi\/wp-content\/uploads\/sites\/6\/2016\/11\/IMG_9310.jpg\"><img class=\"aligncenter wp-image-962 size-full\" src=\"https:\/\/diocesanos.es\/blogs\/museopablovi\/wp-content\/uploads\/sites\/6\/2016\/11\/IMG_9310.jpg\" alt=\"img_9310\" width=\"425\" height=\"567\"><\/a>\r\n\r\n&nbsp; &nbsp; &nbsp; &nbsp; &nbsp; &nbsp; &nbsp; &nbsp; &nbsp;dibujo terminado (sin claroscuro)<\/td>\r\n<\/tr>\r\n<\/tbody>\r\n<\/table>\r\n<\/div>\r\n<\/div>\r\n<\/div>\r\n<p style=\"text-align: center\">&nbsp;<\/p>\r\n<p style=\"text-align: center\"><span style=\"font-family: 'andale mono', times;font-size: 10pt;color: #999999\"><a style=\"color: #999999\" title=\"copyright\" href=\"http:\/\/www.rmestudios.com\" target=\"_blank\" rel=\"noopener\"><b>\u00a9&nbsp;<\/b>All material copyright&nbsp;by R<\/a><a style=\"color: #999999\" title=\"copyright\" href=\"http:\/\/www.rmestudios.com\" target=\"_blank\" rel=\"noopener\">ICARDO MU\u00d1OZ MART\u00cdN<\/a><a style=\"color: #999999\" title=\"copyright\" href=\"http:\/\/www.rmestudios.com\" target=\"_blank\" rel=\"noopener\"> -&nbsp;<\/a><a style=\"color: #999999\" title=\"Colegio Pablo VI\" href=\"http:\/\/www.colegiopablovi.es\/\" target=\"_blank\" rel=\"noopener\">Dpto. Educaci\u00f3n Pl\u00e1stica y Visual - Colegio Pablo VI<\/a><\/span><\/p>","_et_gb_content_width":"","ngg_post_thumbnail":0,"footnotes":""},"class_list":["post-951","page","type-page","status-publish","has-post-thumbnail","hentry"],"_links":{"self":[{"href":"https:\/\/diocesanos.es\/blogs\/museopablovi\/wp-json\/wp\/v2\/pages\/951","targetHints":{"allow":["GET"]}}],"collection":[{"href":"https:\/\/diocesanos.es\/blogs\/museopablovi\/wp-json\/wp\/v2\/pages"}],"about":[{"href":"https:\/\/diocesanos.es\/blogs\/museopablovi\/wp-json\/wp\/v2\/types\/page"}],"author":[{"embeddable":true,"href":"https:\/\/diocesanos.es\/blogs\/museopablovi\/wp-json\/wp\/v2\/users\/9"}],"replies":[{"embeddable":true,"href":"https:\/\/diocesanos.es\/blogs\/museopablovi\/wp-json\/wp\/v2\/comments?post=951"}],"version-history":[{"count":23,"href":"https:\/\/diocesanos.es\/blogs\/museopablovi\/wp-json\/wp\/v2\/pages\/951\/revisions"}],"predecessor-version":[{"id":1866,"href":"https:\/\/diocesanos.es\/blogs\/museopablovi\/wp-json\/wp\/v2\/pages\/951\/revisions\/1866"}],"up":[{"embeddable":true,"href":"https:\/\/diocesanos.es\/blogs\/museopablovi\/wp-json\/wp\/v2\/pages\/890"}],"wp:featuredmedia":[{"embeddable":true,"href":"https:\/\/diocesanos.es\/blogs\/museopablovi\/wp-json\/wp\/v2\/media\/962"}],"wp:attachment":[{"href":"https:\/\/diocesanos.es\/blogs\/museopablovi\/wp-json\/wp\/v2\/media?parent=951"}],"curies":[{"name":"wp","href":"https:\/\/api.w.org\/{rel}","templated":true}]}}