{"id":347,"date":"2015-01-22T19:22:53","date_gmt":"2015-01-22T19:22:53","guid":{"rendered":"https:\/\/diocesanos.es\/blogs\/museopablovi\/?page_id=347"},"modified":"2023-07-31T10:30:24","modified_gmt":"2023-07-31T10:30:24","slug":"home","status":"publish","type":"page","link":"https:\/\/diocesanos.es\/blogs\/museopablovi\/","title":{"rendered":"MAIPAVI"},"content":{"rendered":"<p>[et_pb_section fb_built=\u00bb1&#8243; admin_label=\u00bbsection\u00bb _builder_version=\u00bb4.21.0&#8243; background_color=\u00bb#7E5E9B\u00bb background_image=\u00bbhttps:\/\/diocesanos.es\/blogs\/museopablovi\/wp-content\/uploads\/sites\/6\/2023\/07\/FOTO-1-1-scaled.jpg\u00bb transform_translate=\u00bb4px|7px\u00bb width=\u00bb100%\u00bb max_width=\u00bb100%\u00bb module_alignment=\u00bbcenter\u00bb min_height=\u00bb804px\u00bb min_height_tablet=\u00bb423px\u00bb min_height_phone=\u00bb234px\u00bb min_height_last_edited=\u00bbon|tablet\u00bb height=\u00bb224px\u00bb custom_margin=\u00bb||-42px|||\u00bb custom_padding=\u00bb0px|13px|38px|||\u00bb link_option_url=\u00bbhttps:\/\/diocesanos.es\/blogs\/museopablovi\/wp-content\/uploads\/sites\/6\/2023\/07\/FOTO-1-scaled.jpg\u00bb link_option_url_new_window=\u00bbon\u00bb hover_enabled=\u00bb0&#8243; global_colors_info=\u00bb{}\u00bb title_text=\u00bbFOTO 1&#8243; sticky_enabled=\u00bb0&#8243; max_height=\u00bb1000px\u00bb][\/et_pb_section][et_pb_section fb_built=\u00bb1&#8243; admin_label=\u00bbsection\u00bb _builder_version=\u00bb4.16&#8243; width=\u00bb100%\u00bb max_width=\u00bb100%\u00bb min_height=\u00bb152.5px\u00bb custom_margin=\u00bb48px||-42px|||\u00bb custom_padding=\u00bb0px||0px|||\u00bb global_colors_info=\u00bb{}\u00bb][et_pb_row _builder_version=\u00bb4.21.0&#8243; _module_preset=\u00bbdefault\u00bb min_height=\u00bb599.8px\u00bb global_colors_info=\u00bb{}\u00bb][et_pb_column type=\u00bb4_4&#8243; _builder_version=\u00bb4.21.0&#8243; _module_preset=\u00bbdefault\u00bb global_colors_info=\u00bb{}\u00bb][et_pb_blurb image=\u00bbhttps:\/\/diocesanos.es\/blogs\/museopablovi\/wp-content\/uploads\/sites\/6\/2022\/03\/Logo-transparente1.png\u00bb image_icon_width=\u00bb122%\u00bb content_max_width=\u00bb767px\u00bb _builder_version=\u00bb4.21.0&#8243; _module_preset=\u00bbdefault\u00bb max_height=\u00bb100px\u00bb custom_padding=\u00bb||37px|0px||\u00bb global_colors_info=\u00bb{}\u00bb]<\/p>\n<p>El Museo de Arte Infantil Pablo VI (MAIPAVI) inici\u00f3 su recorrido durante el curso escolar 2008-2009 impulsado por el profesor RICARDO MU\u00d1OZ-MART\u00cdN desde el \u00e1rea de Educaci\u00f3n Pl\u00e1stica, Visual y Audiovisual de Educaci\u00f3n del Colegio Pablo VI, en \u00c1vila (Espa\u00f1a).<\/p>\n<p>En un primer momento el proyecto se desarroll\u00f3 con alumnos y alumnas de tercer curso de Educaci\u00f3n Secundaria Obligatoria (ESO), cuyas edades est\u00e1n comprendidas entre los 14 y 15 a\u00f1os, pero con el tiempo este contenedor art\u00edstico fue evolucionando e involucrando a docentes y estudiantes de distintas materias y etapas educativas, siempre en el contexto de la educaci\u00f3n formal y bajo la supervisi\u00f3n del \u00e1rea de Educaci\u00f3n Pl\u00e1stica.<\/p>\n<p>Tras quince a\u00f1os de andadura, en el a\u00f1o 2023 el museo cuenta con 19 interpretaciones de grandes obras maestras del arte y concentra numerosos recursos did\u00e1cticos y pedag\u00f3gicos.<\/p>\n<p>[\/et_pb_blurb][\/et_pb_column][\/et_pb_row][\/et_pb_section][et_pb_section fb_built=\u00bb1&#8243; _builder_version=\u00bb4.21.0&#8243; _module_preset=\u00bbdefault\u00bb global_colors_info=\u00bb{}\u00bb][et_pb_row _builder_version=\u00bb4.21.0&#8243; _module_preset=\u00bbdefault\u00bb custom_padding=\u00bb27px|||||\u00bb global_colors_info=\u00bb{}\u00bb][et_pb_column type=\u00bb4_4&#8243; _builder_version=\u00bb4.21.0&#8243; _module_preset=\u00bbdefault\u00bb global_colors_info=\u00bb{}\u00bb][et_pb_divider _builder_version=\u00bb4.21.0&#8243; _module_preset=\u00bbdefault\u00bb width=\u00bb100%\u00bb max_width=\u00bb72%\u00bb module_alignment=\u00bbcenter\u00bb hover_enabled=\u00bb0&#8243; global_colors_info=\u00bb{}\u00bb show_divider=\u00bboff\u00bb sticky_enabled=\u00bb0&#8243;][\/et_pb_divider][\/et_pb_column][\/et_pb_row][\/et_pb_section]<\/p>\n","protected":false},"excerpt":{"rendered":"<p>El Museo de Arte Infantil Pablo VI (MAIPAVI) inici\u00f3 su recorrido durante el curso escolar 2008-2009 impulsado por el profesor RICARDO MU\u00d1OZ-MART\u00cdN desde el \u00e1rea de Educaci\u00f3n Pl\u00e1stica, Visual y Audiovisual de Educaci\u00f3n del Colegio Pablo VI, en \u00c1vila (Espa\u00f1a). En un primer momento el proyecto se desarroll\u00f3 con alumnos y alumnas de tercer curso [&hellip;]<\/p>\n","protected":false},"author":9,"featured_media":0,"parent":0,"menu_order":1,"comment_status":"closed","ping_status":"closed","template":"","meta":{"_et_pb_use_builder":"on","_et_pb_old_content":"<div class=\"style_SkipStroke_2 shape-with-text flowDefining\">\r\n<div class=\"text-content style_External_350_258\">\r\n<div class=\"style\" style=\"text-align: justify\">\r\n<p style=\"text-align: center\"><span style=\"font-family: 'trebuchet ms', geneva, sans-serif;color: #d4d4d4\"><b>'La pintura es poes\u00eda muda; la poes\u00eda pintura ciega' <em>Leonardo Da Vinci<\/em><\/b><\/span><\/p>\r\n\r\n<\/div>\r\n<p style=\"text-align: center\">&nbsp;<\/p>\r\n\r\n<div class=\"style_SkipStroke_2 shape-with-text flowDefining\">\r\n<div class=\"text-content style_External_350_258\">\r\n<div class=\"style\" style=\"text-align: justify\">\r\n<table class=\" aligncenter\" style=\"width: 771px;height: 1545px\">\r\n<tbody>\r\n<tr valign=\"top\">\r\n<td style=\"width: 760px\">\r\n<table style=\"height: 657px;width: 760px\">\r\n<tbody>\r\n<tr>\r\n<td style=\"width: 130.25px;text-align: center;vertical-align: top\"><img class=\"aligncenter wp-image-1021 size-full\" src=\"https:\/\/diocesanos.es\/blogs\/museopablovi\/wp-content\/uploads\/sites\/6\/2018\/03\/ORIGEN.png\" alt=\"\" width=\"75\" height=\"75\"><\/td>\r\n<td style=\"width: 617.75px\"><span style=\"color: #000000;font-family: 'andale mono', monospace\"><span style=\"font-size: 12pt\"><span style=\"font-size: 18pt\"><strong>ORIGEN:<\/strong> <\/span><\/span>En el a\u00f1o 2008 comenzamos la gran aventura del&nbsp;<span style=\"text-decoration: underline\"><a style=\"color: #000000;text-decoration: underline\" title=\"INICIO\" href=\"https:\/\/diocesanos.es\/blogs\/museopablovi\/home\/\" target=\"_blank\" rel=\"noopener\">MUSEO PABLO VI<\/a><\/span>, y desde entonces venimos desarrollando nuestro propio museo escolar en el colegio. Durante estos a\u00f1os hemos tenido la oportunidad de realizar diversas reproducciones de algunas de las obras m\u00e1s representativas de la Historia del Arte, todas ellas realizadas por alumnos y alumnas del&nbsp;<span style=\"text-decoration: underline\"><a style=\"color: #000000;text-decoration: underline\" title=\"COLEGIO PABLO VI\" href=\"http:\/\/www.colegiopablovi.es\" target=\"_blank\" rel=\"noopener\">Colegio Diocesano Pablo&nbsp;<\/a>VI,<\/span>&nbsp;de \u00c1vila (Espa\u00f1a). El Museo Pablo VI se inici\u00f3 desde el \u00e1rea de EDUCACI\u00d3N PL\u00c1STICA, VISUAL Y AUDIOVISUAL como un trabajo&nbsp;anual de investigaci\u00f3n con alumnos de tercer curso de Educaci\u00f3n Secundaria (14-15 a\u00f1os), pero con el paso del tiempo ha evolucionado hasta convertirse en un PROYECTO EDUCATIVO INTERDISCIPLINAR en el que participan distintos niveles educativos y m\u00faltiples \u00e1reas de conocimiento <em>(Niveles de Primaria y Secundaria; Educaci\u00f3n Pl\u00e1stica, Visual y Audiovisual, Geograf\u00eda e Historia, M\u00fasica, Tecnolog\u00eda, Orientaci\u00f3n o Inform\u00e1tica).<\/em><\/span>\r\n\r\n&nbsp;<\/td>\r\n<\/tr>\r\n<tr>\r\n<td style=\"width: 130.25px;text-align: center;vertical-align: top\"><img class=\"aligncenter wp-image-1020 size-full\" src=\"https:\/\/diocesanos.es\/blogs\/museopablovi\/wp-content\/uploads\/sites\/6\/2018\/03\/OBJETIVOS.png\" alt=\"\" width=\"75\" height=\"75\"><\/td>\r\n<td style=\"width: 617.75px\"><span style=\"color: #000000;font-family: 'andale mono', monospace;font-size: 12pt\"><strong><span style=\"font-size: 18pt\">OBJETIVO:<\/span><\/strong> Con este Proyecto Educativo la clase se organiza en peque\u00f1os grupos mixtos y heterog\u00e9neos donde los alumnos trabajan conjuntamente de forma coordinada, desarrollando sus capacidades art\u00edsticas y creativas, aprendiendo a valorar la est\u00e9tica, el arte y la historia, potenciando el esp\u00edritu de esfuerzo y superaci\u00f3n, generando autoestima, disciplina y capacidad de trabajo en equipo.<\/span>\r\n\r\n&nbsp;<\/td>\r\n<\/tr>\r\n<tr>\r\n<td style=\"width: 130.25px;text-align: center;vertical-align: top\"><img class=\"aligncenter wp-image-1018 size-full\" src=\"https:\/\/diocesanos.es\/blogs\/museopablovi\/wp-content\/uploads\/sites\/6\/2018\/03\/METODOLOGIA.png\" alt=\"\" width=\"75\" height=\"75\"><\/td>\r\n<td style=\"width: 617.75px\">\r\n<p class=\"mceTemp\" style=\"text-align: justify\"><span style=\"color: #000000;font-family: 'andale mono', monospace\"><span style=\"font-size: 12pt\"><span style=\"font-size: 18pt\"><strong>METODOLOG\u00cdA:<\/strong>&nbsp;<\/span>El MUSEO PABLO VI centra sus metodolog\u00edas did\u00e1cticas en las t\u00e9cnicas del 'APRENDIZAJE COOPERATIVO' y en las del APRENDIZAJE BASADO EN PROYECTOS (ABP). Utilizando estos m\u00e9todos de ense\u00f1anza conseguimos que el alumno sea parte activa en el proceso de aprendizaje m\u00e1s que un mero receptor de informaci\u00f3n. As\u00ed el alumno genera su propio conocimiento, afrontando retos sobre la informaci\u00f3n que ya maneja. Adem\u00e1s, e<\/span><span style=\"font-size: 12pt\">l aprendizaje cooperativo proporciona una serie de ventajas muy importantes en el desarrollo y la formaci\u00f3n del alumno: <\/span><\/span><\/p>\r\n\r\n<ul style=\"list-style-type: circle\">\r\n \t<li style=\"text-align: justify\"><span style=\"font-family: 'andale mono', monospace;font-size: 10pt;color: #000000\">Contribuye al desarrollo cognitivo.<\/span><\/li>\r\n \t<li style=\"text-align: justify\"><span style=\"font-family: 'andale mono', monospace;font-size: 10pt;color: #000000\">Reduce la ansiedad del estudiante.<\/span><\/li>\r\n \t<li style=\"text-align: justify\"><span style=\"font-family: 'andale mono', monospace;font-size: 10pt;color: #000000\">Fomenta la interacci\u00f3n y autonom\u00eda.<\/span><\/li>\r\n \t<li style=\"text-align: justify\"><span style=\"font-family: 'andale mono', monospace;font-size: 10pt;color: #000000\">Permite la adecuaci\u00f3n de los contenidos al nivel de los alumnos.<\/span><\/li>\r\n \t<li style=\"text-align: justify\"><span style=\"font-family: 'andale mono', monospace;font-size: 10pt;color: #000000\">Promueve el desarrollo de destrezas complejas de pensamiento cr\u00edtico.<\/span><\/li>\r\n \t<li style=\"text-align: justify\"><span style=\"font-family: 'andale mono', monospace;font-size: 10pt;color: #000000\">Favorece la integraci\u00f3n y la comprensi\u00f3n intercultural.<\/span><\/li>\r\n \t<li style=\"text-align: justify\"><span style=\"font-family: 'andale mono', monospace;font-size: 10pt;color: #000000\">Estimula el desarrollo socioafectivo.<\/span><\/li>\r\n \t<li style=\"text-align: justify\"><span style=\"font-family: 'andale mono', monospace;font-size: 10pt;color: #000000\">Aumenta la motivaci\u00f3n hacia el aprendizaje escolar.<\/span><\/li>\r\n \t<li style=\"text-align: justify\"><span style=\"font-family: 'andale mono', monospace;font-size: 10pt;color: #000000\">Mejora el rendimiento acad\u00e9mico.<\/span><\/li>\r\n \t<li style=\"text-align: justify\"><span style=\"font-family: 'andale mono', monospace;font-size: 10pt;color: #000000\">Contribuye a reducir la violencia en la escuela.<\/span><\/li>\r\n<\/ul>\r\n&nbsp;<\/td>\r\n<\/tr>\r\n<tr>\r\n<td style=\"width: 130.25px;text-align: center;vertical-align: top\"><img class=\"aligncenter wp-image-1019 size-full\" src=\"https:\/\/diocesanos.es\/blogs\/museopablovi\/wp-content\/uploads\/sites\/6\/2018\/03\/MUSEO.png\" alt=\"\" width=\"75\" height=\"75\"><\/td>\r\n<td style=\"width: 617.75px\"><span style=\"color: #000000;font-family: 'andale mono', monospace\"><span style=\"font-size: 12pt\"><span style=\"font-size: 18pt\"><span style=\"font-size: 12pt\"><strong><span style=\"font-size: 18pt\">EL MUSEO:<\/span><\/strong><\/span><\/span><\/span><span style=\"font-size: 12pt\"><span style=\"font-size: 18pt\">&nbsp;<\/span><\/span>Los trabajos finalizados quedan expuestos f\u00edsicamente en el Colegio Pablo VI, en los pasillos del Museo, y tambi\u00e9n virtualmente dentro de este sitio web. Adem\u00e1s, como recursos de apoyo se han elaborado <span style=\"color: #000080\"><a style=\"color: #000080\" href=\"https:\/\/diocesanos.es\/blogs\/museopablovi\/fichas\/\">FICHAS T\u00c9CNICAS<\/a><\/span>&nbsp;e hist\u00f3ricas de las obras, as\u00ed como <span style=\"color: #000080\"><a style=\"color: #000080\" href=\"https:\/\/diocesanos.es\/blogs\/museopablovi\/hojas\/\">HOJAS DE TRABAJO<\/a><\/span>&nbsp;y diversos <span style=\"color: #000080\"><a style=\"color: #000080\" href=\"https:\/\/diocesanos.es\/blogs\/museopablovi\/recursos-para-educacion-plastica-visual-y-audiovisual\/\">TUTORIALES<\/a><\/span>. Os invitamos a todos, alumnos, familias y profesores a disfrutar y compartir nuestros trabajos en el Museo Pablo VI.<\/span><\/td>\r\n<\/tr>\r\n<\/tbody>\r\n<\/table>\r\n<\/td>\r\n<\/tr>\r\n<\/tbody>\r\n<\/table>\r\n<\/div>\r\n<\/div>\r\n<\/div>\r\n<span style=\"text-align: justify;font-size: 1.6rem\">&nbsp;<\/span>\r\n\r\n<\/div>\r\n<\/div>\r\n<p style=\"text-align: center\"><span style=\"font-family: 'courier new', courier\"><a href=\"https:\/\/diocesanos.es\/blogs\/museopablovi\/logomarca\/\" target=\"_blank\" rel=\"noopener\"><img class=\"aligncenter wp-image-776 size-medium\" title=\"logomarca dise\u00f1ada por WANCHI HERNANDEZ ABAD alumno de 4\u00ba ESO, curso 2014-2015\" src=\"https:\/\/diocesanos.es\/blogs\/museopablovi\/wp-content\/uploads\/sites\/6\/2015\/02\/LOGO-MUSEO-147x300.png\" alt=\"LOGO MUSEO\" width=\"147\" height=\"300\"><\/a><\/span><\/p>\r\n<p style=\"text-align: center\"><span style=\"font-family: 'andale mono', times;font-size: 10pt;color: #999999\"><a style=\"color: #999999\" title=\"copyright\" href=\"http:\/\/www.rmestudios.com\" target=\"_blank\" rel=\"noopener\"><b>\u00a9&nbsp;<\/b>All material copyright&nbsp;by RICARDO MU\u00d1OZ MART\u00cdN - <\/a><a style=\"color: #999999\" title=\"Colegio Pablo VI\" href=\"http:\/\/www.colegiopablovi.es\/\" target=\"_blank\" rel=\"noopener\">Dpto. Educaci\u00f3n Pl\u00e1stica y Visual - Colegio Pablo VI<\/a><\/span><\/p>","_et_gb_content_width":"","ngg_post_thumbnail":0,"footnotes":""},"class_list":["post-347","page","type-page","status-publish","hentry"],"_links":{"self":[{"href":"https:\/\/diocesanos.es\/blogs\/museopablovi\/wp-json\/wp\/v2\/pages\/347","targetHints":{"allow":["GET"]}}],"collection":[{"href":"https:\/\/diocesanos.es\/blogs\/museopablovi\/wp-json\/wp\/v2\/pages"}],"about":[{"href":"https:\/\/diocesanos.es\/blogs\/museopablovi\/wp-json\/wp\/v2\/types\/page"}],"author":[{"embeddable":true,"href":"https:\/\/diocesanos.es\/blogs\/museopablovi\/wp-json\/wp\/v2\/users\/9"}],"replies":[{"embeddable":true,"href":"https:\/\/diocesanos.es\/blogs\/museopablovi\/wp-json\/wp\/v2\/comments?post=347"}],"version-history":[{"count":130,"href":"https:\/\/diocesanos.es\/blogs\/museopablovi\/wp-json\/wp\/v2\/pages\/347\/revisions"}],"predecessor-version":[{"id":1860,"href":"https:\/\/diocesanos.es\/blogs\/museopablovi\/wp-json\/wp\/v2\/pages\/347\/revisions\/1860"}],"wp:attachment":[{"href":"https:\/\/diocesanos.es\/blogs\/museopablovi\/wp-json\/wp\/v2\/media?parent=347"}],"curies":[{"name":"wp","href":"https:\/\/api.w.org\/{rel}","templated":true}]}}