{"id":31,"date":"2015-01-18T21:33:57","date_gmt":"2015-01-18T21:33:57","guid":{"rendered":"https:\/\/diocesanos.es\/blogs\/museopablovi\/?page_id=31"},"modified":"2023-07-31T10:34:51","modified_gmt":"2023-07-31T10:34:51","slug":"fichas","status":"publish","type":"page","link":"https:\/\/diocesanos.es\/blogs\/museopablovi\/fichas\/","title":{"rendered":"FICHAS T\u00c9CNICAS"},"content":{"rendered":"<p>[et_pb_section fb_built=\u00bb1&#8243; admin_label=\u00bbsection\u00bb _builder_version=\u00bb4.21.0&#8243; background_image=\u00bbhttps:\/\/diocesanos.es\/blogs\/museopablovi\/wp-content\/uploads\/sites\/6\/2023\/07\/03-LA-SIESTA-2010-scaled.jpg\u00bb min_height=\u00bb496.7px\u00bb custom_padding=\u00bb||234px|||\u00bb hover_enabled=\u00bb0&#8243; global_colors_info=\u00bb{}\u00bb title_text=\u00bbMAIPAVI 2010 &#8211; LA SIESTA &#8211; Vincent Van Gogh\u00bb sticky_enabled=\u00bb0&#8243;][et_pb_row _builder_version=\u00bb4.16&#8243; _module_preset=\u00bbdefault\u00bb global_colors_info=\u00bb{}\u00bb][et_pb_column type=\u00bb4_4&#8243; _builder_version=\u00bb4.16&#8243; _module_preset=\u00bbdefault\u00bb global_colors_info=\u00bb{}\u00bb][et_pb_text _builder_version=\u00bb4.21.0&#8243; _module_preset=\u00bbdefault\u00bb global_colors_info=\u00bb{}\u00bb]<\/p>\n<div class=\"et_pb_module et_pb_text et_pb_text_0 et_pb_text_align_left et_pb_bg_layout_light et_had_animation\" style=\"box-sizing: border-box; margin: 0px 0px 29.6875px; padding: 0px; border: 0px; outline: 0px; font-size: 14px; vertical-align: baseline; background-size: cover; background-color: transparent; animation-timing-function: linear; animation-duration: 0.2s; position: relative; word-wrap: break-word; text-align: left; caret-color: #666666; color: #666666; font-family: 'Open Sans', Arial, sans-serif; font-style: normal; font-variant-caps: normal; font-weight: 500; letter-spacing: normal; orphans: auto; text-indent: 0px; text-transform: none; white-space: normal; widows: auto; word-spacing: 0px; -webkit-text-size-adjust: auto; -webkit-text-stroke-width: 0px; text-decoration: none; background-position: 50% center; background-repeat: no-repeat no-repeat;\">\n<div class=\"et_pb_text_inner\" style=\"box-sizing: border-box; margin: 0px; padding: 0px; border: 0px; outline: 0px; font-size: 14px; vertical-align: baseline; background-color: transparent; position: relative;\">\n<h1 style=\"box-sizing: border-box; margin: 0px; padding: 0px 0px 10px; border: 0px none; outline: 0px; font-size: 60px; vertical-align: baseline; background-color: transparent; color: #353740 !important; line-height: 1.3em; font-weight: bold; overflow-wrap: break-word; font-family: Montserrat, Helvetica, Arial, Lucida, sans-serif; text-transform: uppercase; text-decoration-style: dotted; text-align: center;\"><span style=\"box-sizing: border-box; margin: 0px; padding: 0px; border: 0px; outline: 0px; font-size: 60px; vertical-align: baseline; background-color: transparent; color: #ffffff;\">fichas t\u00e9cnicas<br \/><\/span><\/h1>\n<\/div>\n<\/div>\n<p>[\/et_pb_text][\/et_pb_column][\/et_pb_row][\/et_pb_section][et_pb_section fb_built=\u00bb1&#8243; admin_label=\u00bbGallery\u00bb _builder_version=\u00bb4.21.0&#8243; custom_padding=\u00bb||90px|\u00bb global_colors_info=\u00bb{}\u00bb][et_pb_row column_structure=\u00bb1_5,1_5,1_5,1_5,1_5&#8243; _builder_version=\u00bb4.21.0&#8243; _module_preset=\u00bbdefault\u00bb global_colors_info=\u00bb{}\u00bb][et_pb_column type=\u00bb1_5&#8243; _builder_version=\u00bb4.21.0&#8243; _module_preset=\u00bbdefault\u00bb box_shadow_style=\u00bbpreset2&#8243; global_colors_info=\u00bb{}\u00bb][et_pb_image src=\u00bbhttps:\/\/diocesanos.es\/blogs\/museopablovi\/wp-content\/uploads\/sites\/6\/2023\/07\/04-FICHAS-SOROLLA-scaled.jpg\u00bb title_text=\u00bbLa vida de Joaqu\u00edn Sorolla\u00bb show_in_lightbox=\u00bbon\u00bb _builder_version=\u00bb4.21.0&#8243; _module_preset=\u00bbdefault\u00bb global_colors_info=\u00bb{}\u00bb][\/et_pb_image][et_pb_text _builder_version=\u00bb4.21.0&#8243; _module_preset=\u00bbdefault\u00bb global_colors_info=\u00bb{}\u00bb]<\/p>\n<p style=\"text-align: center;\"><strong>JOAQU\u00cdN SOROLLA<br \/><\/strong><\/p>\n<p style=\"text-align: center;\">Infograf\u00eda\/l\u00ednea temporal<\/p>\n<p>[\/et_pb_text][\/et_pb_column][et_pb_column type=\u00bb1_5&#8243; _builder_version=\u00bb4.21.0&#8243; _module_preset=\u00bbdefault\u00bb box_shadow_style=\u00bbpreset2&#8243; global_colors_info=\u00bb{}\u00bb][et_pb_image src=\u00bbhttps:\/\/diocesanos.es\/blogs\/museopablovi\/wp-content\/uploads\/sites\/6\/2023\/07\/01-FICHAS-EL-BESO-scaled.jpg\u00bb title_text=\u00bb01 &#8211; FICHAS &#8211; EL BESO\u00bb show_in_lightbox=\u00bbon\u00bb _builder_version=\u00bb4.21.0&#8243; _module_preset=\u00bbdefault\u00bb global_colors_info=\u00bb{}\u00bb][\/et_pb_image][et_pb_text _builder_version=\u00bb4.21.0&#8243; _module_preset=\u00bbdefault\u00bb global_colors_info=\u00bb{}\u00bb]<\/p>\n<p style=\"text-align: center;\"><strong>EL BESO<br \/><\/strong><\/p>\n<p style=\"text-align: center;\">Ficha t\u00e9cnica<\/p>\n<p>[\/et_pb_text][\/et_pb_column][et_pb_column type=\u00bb1_5&#8243; _builder_version=\u00bb4.21.0&#8243; _module_preset=\u00bbdefault\u00bb box_shadow_style=\u00bbpreset2&#8243; global_colors_info=\u00bb{}\u00bb][et_pb_image src=\u00bbhttps:\/\/diocesanos.es\/blogs\/museopablovi\/wp-content\/uploads\/sites\/6\/2023\/07\/02-FICHAS-PANTOCRATOR-scaled.jpg\u00bb title_text=\u00bb02 &#8211; FICHAS &#8211; PANTOCRATOR\u00bb show_in_lightbox=\u00bbon\u00bb _builder_version=\u00bb4.21.0&#8243; _module_preset=\u00bbdefault\u00bb global_colors_info=\u00bb{}\u00bb][\/et_pb_image][et_pb_text _builder_version=\u00bb4.21.0&#8243; _module_preset=\u00bbdefault\u00bb global_colors_info=\u00bb{}\u00bb]<\/p>\n<p style=\"text-align: center;\"><strong>PANTOCRATOR<\/strong><strong><br \/><\/strong><\/p>\n<p style=\"text-align: center;\">Ficha t\u00e9cnica<\/p>\n<p>[\/et_pb_text][\/et_pb_column][et_pb_column type=\u00bb1_5&#8243; _builder_version=\u00bb4.21.0&#8243; _module_preset=\u00bbdefault\u00bb box_shadow_style=\u00bbpreset2&#8243; global_colors_info=\u00bb{}\u00bb][et_pb_image src=\u00bbhttps:\/\/diocesanos.es\/blogs\/museopablovi\/wp-content\/uploads\/sites\/6\/2023\/07\/03-FICHAS-LA-FRAGUA-scaled.jpg\u00bb title_text=\u00bb03 &#8211; FICHAS &#8211; LA FRAGUA\u00bb show_in_lightbox=\u00bbon\u00bb _builder_version=\u00bb4.21.0&#8243; _module_preset=\u00bbdefault\u00bb global_colors_info=\u00bb{}\u00bb][\/et_pb_image][et_pb_text _builder_version=\u00bb4.21.0&#8243; _module_preset=\u00bbdefault\u00bb global_colors_info=\u00bb{}\u00bb]<\/p>\n<p style=\"text-align: center;\"><strong>LA FRAGUA DE VULCANO<\/strong><\/p>\n<p style=\"text-align: center;\">Ficha e infograf\u00edas<\/p>\n<p>[\/et_pb_text][\/et_pb_column][et_pb_column type=\u00bb1_5&#8243; _builder_version=\u00bb4.21.0&#8243; _module_preset=\u00bbdefault\u00bb global_colors_info=\u00bb{}\u00bb][et_pb_gallery gallery_ids=\u00bb832,842,841,840,839,838,837,836,835,834,833&#8243; posts_number=\u00bb1&#8243; show_title_and_caption=\u00bboff\u00bb _builder_version=\u00bb4.21.0&#8243; _dynamic_attributes=\u00bblink_option_url\u00bb _module_preset=\u00bbdefault\u00bb link_option_url=\u00bb@ET-DC@eyJkeW5hbWljIjp0cnVlLCJjb250ZW50IjoicG9zdF9saW5rX3VybF9hdHRhY2htZW50Iiwic2V0dGluZ3MiOnsicG9zdF9pZCI6IjE1ODYifX0=@\u00bb global_colors_info=\u00bb{}\u00bb][\/et_pb_gallery][\/et_pb_column][\/et_pb_row][\/et_pb_section]<\/p>\n","protected":false},"excerpt":{"rendered":"<p>fichas t\u00e9cnicas JOAQU\u00cdN SOROLLA Infograf\u00eda\/l\u00ednea temporalEL BESO Ficha t\u00e9cnicaPANTOCRATOR Ficha t\u00e9cnicaLA FRAGUA DE VULCANO Ficha e infograf\u00edas<\/p>\n","protected":false},"author":9,"featured_media":0,"parent":0,"menu_order":3,"comment_status":"closed","ping_status":"closed","template":"","meta":{"_et_pb_use_builder":"on","_et_pb_old_content":"<p style=\"text-align: center\"><span style=\"font-family: 'trebuchet ms', geneva, sans-serif;color: #000000;font-size: 14pt\"><span style=\"color: #000000;font-family: georgia, palatino, serif;font-size: large\">T \u00c9 C N I C A S<\/span><\/span><\/p>\r\n\r\n<div class=\"style_SkipStroke_2 shape-with-text flowDefining\">\r\n<div class=\"text-content style_External_350_258\">\r\n<div class=\"style\" style=\"text-align: justify\">\r\n<table class=\" aligncenter\" style=\"width: 776px\">\r\n<tbody>\r\n<tr valign=\"top\">\r\n<td style=\"width: 85px\">\r\n<table style=\"height: 20px\" width=\"767\">\r\n<tbody>\r\n<tr>\r\n<td style=\"width: 248.34375px\">\r\n\r\n[caption id=\"attachment_1221\" align=\"aligncenter\" width=\"212\"]<a style=\"background-color: #808000\" href=\"https:\/\/diocesanos.es\/blogs\/museopablovi\/wp-content\/uploads\/sites\/6\/2018\/03\/03-FICHA-LA-FRAGUA.jpg\" target=\"_blank\" rel=\"noopener\"><img class=\"wp-image-1221 size-medium\" src=\"https:\/\/diocesanos.es\/blogs\/museopablovi\/wp-content\/uploads\/sites\/6\/2018\/03\/03-FICHA-LA-FRAGUA-212x300.jpg\" alt=\"03 - FICHA - LA FRAGUA\" width=\"212\" height=\"300\"><\/a> 03 - FICHA - LA FRAGUA[\/caption]<\/td>\r\n<td style=\"width: 248.34375px\">\r\n\r\n[caption id=\"attachment_1220\" align=\"aligncenter\" width=\"212\"]<a href=\"https:\/\/diocesanos.es\/blogs\/museopablovi\/wp-content\/uploads\/sites\/6\/2018\/03\/02-FICHA-PANTOCRATOR.jpg\" target=\"_blank\" rel=\"noopener\"><img class=\"wp-image-1220 size-medium\" src=\"https:\/\/diocesanos.es\/blogs\/museopablovi\/wp-content\/uploads\/sites\/6\/2018\/03\/02-FICHA-PANTOCRATOR-212x300.jpg\" alt=\"02 - FICHA - PANTOCRATOR\" width=\"212\" height=\"300\"><\/a> 02 - FICHA - PANTOCRATOR[\/caption]<\/td>\r\n<td style=\"width: 248.34375px\">\r\n\r\n[caption id=\"attachment_1219\" align=\"aligncenter\" width=\"212\"]<a href=\"https:\/\/diocesanos.es\/blogs\/museopablovi\/wp-content\/uploads\/sites\/6\/2018\/03\/01-FICHAS-EL-BESO.jpg\" target=\"_blank\" rel=\"noopener\"><img class=\"wp-image-1219 size-medium\" src=\"https:\/\/diocesanos.es\/blogs\/museopablovi\/wp-content\/uploads\/sites\/6\/2018\/03\/01-FICHAS-EL-BESO-212x300.jpg\" alt=\"01 - FICHA - EL BESO\" width=\"212\" height=\"300\"><\/a> 01 - FICHA - EL BESO[\/caption]<\/td>\r\n<\/tr>\r\n<tr>\r\n<td style=\"width: 248.34375px\">\r\n<div class=\"mceTemp\">&nbsp;<\/div>\r\n<span style=\"font-family: 'andale mono', times;font-size: 8pt;color: #999999\">&nbsp;LA FRAGUA... I<\/span><a title=\"infografias La Fragua de Vulcano\" href=\"https:\/\/diocesanos.es\/blogs\/museopablovi\/infografias-la-fragua-de-vulcano\/\" target=\"_blank\" rel=\"noopener\"><span style=\"font-family: 'andale mono', times;font-size: 8pt;color: #999999\">nfograf\u00edas: aqu\u00ed<\/span><\/a><\/td>\r\n<td style=\"width: 248.34375px\">\r\n<div class=\"mceTemp\">&nbsp;<\/div><\/td>\r\n<td style=\"width: 248.34375px\">\r\n<div class=\"mceTemp\">&nbsp;<\/div><\/td>\r\n<\/tr>\r\n<\/tbody>\r\n<\/table>\r\n<\/td>\r\n<\/tr>\r\n<\/tbody>\r\n<\/table>\r\n<\/div>\r\n<\/div>\r\n<\/div>\r\n&nbsp;\r\n<p style=\"text-align: center\"><img class=\"aligncenter wp-image-776 size-medium\" src=\"https:\/\/diocesanos.es\/blogs\/museopablovi\/wp-content\/uploads\/sites\/6\/2015\/02\/LOGO-MUSEO-147x300.png\" alt=\"LOGO MUSEO\" width=\"147\" height=\"300\"><\/p>\r\n<p style=\"text-align: center\"><span style=\"font-family: 'andale mono', times;font-size: 10pt\"><a style=\"color: #999999\" title=\"copyright\" href=\"http:\/\/www.rmestudios.com\" target=\"_blank\" rel=\"noopener\"><b>\u00a9&nbsp;<\/b>All material copyright&nbsp;by R<span style=\"font-family: 'andale mono', times;font-size: 10pt;color: #999999\"><\/span><\/a><a style=\"color: #999999\" title=\"copyright\" href=\"http:\/\/www.rmestudios.com\" target=\"_blank\" rel=\"noopener\">ICARDO MU\u00d1OZ MART\u00cdN<\/a><\/span>&nbsp;-&nbsp;<a style=\"color: #999999\" title=\"Colegio Pablo VI\" href=\"http:\/\/www.colegiopablovi.es\/\" target=\"_blank\" rel=\"noopener\">Dpto. Educaci\u00f3n Pl\u00e1stica y Visual - Colegio Pablo VI<\/a><\/p>","_et_gb_content_width":"","ngg_post_thumbnail":0,"footnotes":""},"class_list":["post-31","page","type-page","status-publish","hentry"],"_links":{"self":[{"href":"https:\/\/diocesanos.es\/blogs\/museopablovi\/wp-json\/wp\/v2\/pages\/31","targetHints":{"allow":["GET"]}}],"collection":[{"href":"https:\/\/diocesanos.es\/blogs\/museopablovi\/wp-json\/wp\/v2\/pages"}],"about":[{"href":"https:\/\/diocesanos.es\/blogs\/museopablovi\/wp-json\/wp\/v2\/types\/page"}],"author":[{"embeddable":true,"href":"https:\/\/diocesanos.es\/blogs\/museopablovi\/wp-json\/wp\/v2\/users\/9"}],"replies":[{"embeddable":true,"href":"https:\/\/diocesanos.es\/blogs\/museopablovi\/wp-json\/wp\/v2\/comments?post=31"}],"version-history":[{"count":26,"href":"https:\/\/diocesanos.es\/blogs\/museopablovi\/wp-json\/wp\/v2\/pages\/31\/revisions"}],"predecessor-version":[{"id":1862,"href":"https:\/\/diocesanos.es\/blogs\/museopablovi\/wp-json\/wp\/v2\/pages\/31\/revisions\/1862"}],"wp:attachment":[{"href":"https:\/\/diocesanos.es\/blogs\/museopablovi\/wp-json\/wp\/v2\/media?parent=31"}],"curies":[{"name":"wp","href":"https:\/\/api.w.org\/{rel}","templated":true}]}}