{"id":2,"date":"2014-05-06T07:40:23","date_gmt":"2014-05-06T07:40:23","guid":{"rendered":"https:\/\/diocesanos.es\/blogs\/museopablovi\/?page_id=2"},"modified":"2024-01-10T22:45:46","modified_gmt":"2024-01-10T22:45:46","slug":"museo","status":"publish","type":"page","link":"https:\/\/diocesanos.es\/blogs\/museopablovi\/museo\/","title":{"rendered":"MOVIMIENTOS"},"content":{"rendered":"<p>[et_pb_section fb_built=\u00bb1&#8243; admin_label=\u00bbHero\u00bb _builder_version=\u00bb4.23.1&#8243; background_image=\u00bbhttps:\/\/diocesanos.es\/blogs\/museopablovi\/wp-content\/uploads\/sites\/6\/2023\/07\/01-EL-BESO-2008-scaled.jpg\u00bb parallax=\u00bbon\u00bb custom_padding=\u00bb59px||114px|||\u00bb animation_style=\u00bbzoom\u00bb animation_intensity_zoom=\u00bb4%\u00bb global_colors_info=\u00bb{}\u00bb][et_pb_row _builder_version=\u00bb4.16&#8243; background_size=\u00bbinitial\u00bb background_position=\u00bbtop_left\u00bb background_repeat=\u00bbrepeat\u00bb custom_padding=\u00bb|||\u00bb animation_style=\u00bbslide\u00bb animation_direction=\u00bbtop\u00bb animation_intensity_slide=\u00bb3%\u00bb global_colors_info=\u00bb{}\u00bb][et_pb_column type=\u00bb4_4&#8243; _builder_version=\u00bb4.16&#8243; custom_padding=\u00bb|||\u00bb global_colors_info=\u00bb{}\u00bb custom_padding__hover=\u00bb|||\u00bb][et_pb_text _builder_version=\u00bb4.16&#8243; text_font=\u00bb||||||||\u00bb header_font=\u00bbMontserrat|700||on|||||dotted\u00bb header_text_color=\u00bb#353740&#8243; header_font_size=\u00bb60px\u00bb header_line_height=\u00bb1.3em\u00bb background_size=\u00bbinitial\u00bb background_position=\u00bbtop_left\u00bb background_repeat=\u00bbrepeat\u00bb custom_margin=\u00bb|||\u00bb animation_style=\u00bbfade\u00bb header_font_size_last_edited=\u00bboff|desktop\u00bb locked=\u00bboff\u00bb global_colors_info=\u00bb{}\u00bb]<\/p>\n<h1 style=\"text-align: center;\"><span style=\"color: #ffffff;\">movimientos ART\u00cdSTICOS<br \/><\/span><\/h1>\n<p>[\/et_pb_text][et_pb_divider show_divider=\u00bboff\u00bb disabled_on=\u00bbon|on|off%22&#8243; _builder_version=\u00bb4.16&#8243; max_width=\u00bb120px\u00bb animation_style=\u00bbslide\u00bb animation_direction=\u00bbtop\u00bb animation_intensity_slide=\u00bb30%\u00bb global_colors_info=\u00bb{}\u00bb][\/et_pb_divider][\/et_pb_column][\/et_pb_row][\/et_pb_section][et_pb_section fb_built=\u00bb1&#8243; _builder_version=\u00bb4.21.0&#8243; _module_preset=\u00bbdefault\u00bb global_colors_info=\u00bb{}\u00bb][et_pb_row column_structure=\u00bb1_4,1_4,1_4,1_4&#8243; _builder_version=\u00bb4.23.1&#8243; _module_preset=\u00bbdefault\u00bb global_colors_info=\u00bb{}\u00bb][et_pb_column type=\u00bb1_4&#8243; _builder_version=\u00bb4.21.0&#8243; _module_preset=\u00bbdefault\u00bb box_shadow_style=\u00bbpreset2&#8243; global_colors_info=\u00bb{}\u00bb][et_pb_image src=\u00bbhttps:\/\/diocesanos.es\/blogs\/museopablovi\/wp-content\/uploads\/sites\/6\/2023\/07\/19-PASEO-A-LA-ORILLA-DEL-MAR-2023.jpg\u00bb title_text=\u00bbLUMINISMO\u00bb show_in_lightbox=\u00bbon\u00bb _builder_version=\u00bb4.21.0&#8243; _module_preset=\u00bbdefault\u00bb global_colors_info=\u00bb{}\u00bb][\/et_pb_image][et_pb_text _builder_version=\u00bb4.21.0&#8243; _module_preset=\u00bbdefault\u00bb global_colors_info=\u00bb{}\u00bb]<\/p>\n<p style=\"text-align: center;\"><strong>LUMINISMO (2023)<br \/><\/strong><\/p>\n<p style=\"text-align: center;\"><em>Paseo a la orillla del mar<\/em> (Joaqu\u00edn Sorolla, 1909)<\/p>\n<p>[\/et_pb_text][\/et_pb_column][et_pb_column type=\u00bb1_4&#8243; _builder_version=\u00bb4.21.0&#8243; _module_preset=\u00bbdefault\u00bb box_shadow_style=\u00bbpreset2&#8243; global_colors_info=\u00bb{}\u00bb][et_pb_image src=\u00bbhttps:\/\/diocesanos.es\/blogs\/museopablovi\/wp-content\/uploads\/sites\/6\/2023\/07\/11-EL-TRES-DE-MAYO-EN-MADRID-2017-scaled.jpg\u00bb title_text=\u00bbMAIPAVI 2017 &#8211; EL TRES DE MAYO EN MADRID &#8211; Francisco de Goya\u00bb show_in_lightbox=\u00bbon\u00bb _builder_version=\u00bb4.21.0&#8243; _module_preset=\u00bbdefault\u00bb global_colors_info=\u00bb{}\u00bb][\/et_pb_image][et_pb_text _builder_version=\u00bb4.21.0&#8243; _module_preset=\u00bbdefault\u00bb global_colors_info=\u00bb{}\u00bb]<\/p>\n<p style=\"text-align: center;\"><strong>ROMANTICISMO (2017)<\/strong><\/p>\n<p style=\"text-align: center;\"><em>El 3 de mayo en Madrid <\/em>(Francisco de Goya, 1814)<\/p>\n<p>[\/et_pb_text][\/et_pb_column][et_pb_column type=\u00bb1_4&#8243; _builder_version=\u00bb4.21.0&#8243; _module_preset=\u00bbdefault\u00bb box_shadow_style=\u00bbpreset2&#8243; global_colors_info=\u00bb{}\u00bb][et_pb_image src=\u00bbhttps:\/\/diocesanos.es\/blogs\/museopablovi\/wp-content\/uploads\/sites\/6\/2023\/07\/03-LA-SIESTA-2010-scaled.jpg\u00bb title_text=\u00bbMAIPAVI 2010 &#8211; LA SIESTA &#8211; Vincent Van Gogh\u00bb show_in_lightbox=\u00bbon\u00bb _builder_version=\u00bb4.21.0&#8243; _module_preset=\u00bbdefault\u00bb global_colors_info=\u00bb{}\u00bb][\/et_pb_image][et_pb_text _builder_version=\u00bb4.21.0&#8243; _module_preset=\u00bbdefault\u00bb global_colors_info=\u00bb{}\u00bb]<\/p>\n<p style=\"text-align: center;\"><strong>POSTIMPRESIONISMO (2010)<br \/><\/strong><\/p>\n<p style=\"text-align: center;\"><em>La siesta <\/em>(Vincent Van Gogh, 1890)<\/p>\n<p>[\/et_pb_text][\/et_pb_column][et_pb_column type=\u00bb1_4&#8243; _builder_version=\u00bb4.21.0&#8243; _module_preset=\u00bbdefault\u00bb box_shadow_style=\u00bbpreset2&#8243; global_colors_info=\u00bb{}\u00bb][et_pb_image src=\u00bbhttps:\/\/diocesanos.es\/blogs\/museopablovi\/wp-content\/uploads\/sites\/6\/2023\/07\/16-LANZADOR-DE-FLORES-2022-scaled.jpg\u00bb title_text=\u00bbMAIPAVI 2022 &#8211; LANZADOR DE FLORES &#8211; Banksy\u00bb show_in_lightbox=\u00bbon\u00bb _builder_version=\u00bb4.21.0&#8243; _module_preset=\u00bbdefault\u00bb global_colors_info=\u00bb{}\u00bb][\/et_pb_image][et_pb_text _builder_version=\u00bb4.21.0&#8243; _module_preset=\u00bbdefault\u00bb global_colors_info=\u00bb{}\u00bb]<\/p>\n<p style=\"text-align: center;\"><strong>POSTGRAFITTI (2022)<\/strong><\/p>\n<p style=\"text-align: center;\"><em>Lanzador de flores<\/em> (Banksy, 2003)<\/p>\n<p>[\/et_pb_text][\/et_pb_column][\/et_pb_row][et_pb_row column_structure=\u00bb1_4,1_4,1_4,1_4&#8243; _builder_version=\u00bb4.21.0&#8243; _module_preset=\u00bbdefault\u00bb global_colors_info=\u00bb{}\u00bb][et_pb_column type=\u00bb1_4&#8243; _builder_version=\u00bb4.21.0&#8243; _module_preset=\u00bbdefault\u00bb box_shadow_style=\u00bbpreset2&#8243; global_colors_info=\u00bb{}\u00bb][et_pb_image src=\u00bbhttps:\/\/diocesanos.es\/blogs\/museopablovi\/wp-content\/uploads\/sites\/6\/2023\/07\/05-CUADRADOS-CON-CIRCULOS-CONCENTRICOS-2011-scaled.jpg\u00bb title_text=\u00bbMAIPAVI 2011 &#8211; CUADRADOS CON CIRCULOS CONCENTRICOS &#8211; Vasili Kandinsky\u00bb show_in_lightbox=\u00bbon\u00bb _builder_version=\u00bb4.21.0&#8243; _module_preset=\u00bbdefault\u00bb global_colors_info=\u00bb{}\u00bb][\/et_pb_image][et_pb_text _builder_version=\u00bb4.21.0&#8243; _module_preset=\u00bbdefault\u00bb global_colors_info=\u00bb{}\u00bb]<\/p>\n<p style=\"text-align: center;\"><strong>EXPRESIONISMO ABSTRACTO (2011)<\/strong><\/p>\n<p style=\"text-align: center;\"><em>Cuadrados con c\u00edrculos conc\u00e9ntricos<\/em> (Vasili Kandinsky, 1913)<\/p>\n<p>[\/et_pb_text][\/et_pb_column][et_pb_column type=\u00bb1_4&#8243; _builder_version=\u00bb4.21.0&#8243; _module_preset=\u00bbdefault\u00bb box_shadow_style=\u00bbpreset2&#8243; global_colors_info=\u00bb{}\u00bb][et_pb_image src=\u00bbhttps:\/\/diocesanos.es\/blogs\/museopablovi\/wp-content\/uploads\/sites\/6\/2023\/07\/01-EL-BESO-2008-scaled.jpg\u00bb title_text=\u00bbMAIPAVI 2008 &#8211; EL BESO &#8211; Gustav Klimt\u00bb show_in_lightbox=\u00bbon\u00bb _builder_version=\u00bb4.21.0&#8243; _module_preset=\u00bbdefault\u00bb global_colors_info=\u00bb{}\u00bb][\/et_pb_image][et_pb_text _builder_version=\u00bb4.21.0&#8243; _module_preset=\u00bbdefault\u00bb global_colors_info=\u00bb{}\u00bb]<\/p>\n<p style=\"text-align: center;\"><strong>MODERNISMO (2008)<\/strong><\/p>\n<p style=\"text-align: center;\"><em>El Beso<\/em> (Gustav Klimt, 1907)<\/p>\n<p>[\/et_pb_text][\/et_pb_column][et_pb_column type=\u00bb1_4&#8243; _builder_version=\u00bb4.21.0&#8243; _module_preset=\u00bbdefault\u00bb box_shadow_style=\u00bbpreset2&#8243; global_colors_info=\u00bb{}\u00bb][et_pb_image src=\u00bbhttps:\/\/diocesanos.es\/blogs\/museopablovi\/wp-content\/uploads\/sites\/6\/2023\/07\/10-COMPOSICION-EN-ROJO-AMARILLO-Y-AZUL-2016.jpg\u00bb title_text=\u00bbMAIPAVI 2016 &#8211; COMPOSICION EN ROJO AMARILLO Y AZUL &#8211; Piet Mondrian\u00bb show_in_lightbox=\u00bbon\u00bb _builder_version=\u00bb4.21.0&#8243; _module_preset=\u00bbdefault\u00bb global_colors_info=\u00bb{}\u00bb][\/et_pb_image][et_pb_text _builder_version=\u00bb4.21.0&#8243; _module_preset=\u00bbdefault\u00bb global_colors_info=\u00bb{}\u00bb]<\/p>\n<p style=\"text-align: center;\"><strong>NEOPLASTICISMO (2016)<\/strong><\/p>\n<p style=\"text-align: center;\"><em>Composici\u00f3n en rojo, amarillo y azul<\/em> (Piet Mondrian, 1921)<\/p>\n<p>[\/et_pb_text][\/et_pb_column][et_pb_column type=\u00bb1_4&#8243; _builder_version=\u00bb4.21.0&#8243; _module_preset=\u00bbdefault\u00bb box_shadow_style=\u00bbpreset2&#8243; global_colors_info=\u00bb{}\u00bb][et_pb_image src=\u00bbhttps:\/\/diocesanos.es\/blogs\/museopablovi\/wp-content\/uploads\/sites\/6\/2023\/07\/02-PANTOCRATOR-2009-scaled.jpg\u00bb title_text=\u00bbMAIPAVI 2009 &#8211; PANTOCRATOR &#8211; Maestro de Tahull\u00bb show_in_lightbox=\u00bbon\u00bb _builder_version=\u00bb4.21.0&#8243; _module_preset=\u00bbdefault\u00bb global_colors_info=\u00bb{}\u00bb][\/et_pb_image][et_pb_text _builder_version=\u00bb4.21.0&#8243; _module_preset=\u00bbdefault\u00bb custom_padding=\u00bb||0px|||\u00bb global_colors_info=\u00bb{}\u00bb]<\/p>\n<p style=\"text-align: center;\"><strong>ROM\u00c1NICO (2009)<\/strong><strong><br \/><\/strong><\/p>\n<p style=\"text-align: center;\"><em>Pantocrator<\/em> (An\u00f3nimo, Maestro de Tahull, s. XII)<\/p>\n<p>[\/et_pb_text][\/et_pb_column][\/et_pb_row][et_pb_row column_structure=\u00bb1_4,1_4,1_4,1_4&#8243; _builder_version=\u00bb4.21.0&#8243; _module_preset=\u00bbdefault\u00bb global_colors_info=\u00bb{}\u00bb][et_pb_column type=\u00bb1_4&#8243; _builder_version=\u00bb4.21.0&#8243; _module_preset=\u00bbdefault\u00bb box_shadow_style=\u00bbpreset2&#8243; global_colors_info=\u00bb{}\u00bb][et_pb_image src=\u00bbhttps:\/\/diocesanos.es\/blogs\/museopablovi\/wp-content\/uploads\/sites\/6\/2023\/07\/09-SANTA-TERESA-DE-JESUS-2015-scaled.jpg\u00bb title_text=\u00bbMAIPAVI 2015 &#8211; SANTA TERESA DE JESUS &#8211; Jos\u00e9 de Ribera (El Espa\u00f1oleto)\u00bb show_in_lightbox=\u00bbon\u00bb _builder_version=\u00bb4.21.0&#8243; _module_preset=\u00bbdefault\u00bb global_colors_info=\u00bb{}\u00bb][\/et_pb_image][et_pb_text _builder_version=\u00bb4.21.0&#8243; _module_preset=\u00bbdefault\u00bb global_colors_info=\u00bb{}\u00bb]<\/p>\n<p style=\"text-align: center;\"><strong>TENEBRISMO (2015)<br \/><\/strong><\/p>\n<p style=\"text-align: center;\"><em>Santa Teresa de Jes\u00fas<\/em> (Jos\u00e9 de Ribera \u00abEl Espa\u00f1oleto\u00bb, 1634)<\/p>\n<p>[\/et_pb_text][\/et_pb_column][et_pb_column type=\u00bb1_4&#8243; _builder_version=\u00bb4.21.0&#8243; _module_preset=\u00bbdefault\u00bb box_shadow_style=\u00bbpreset2&#8243; global_colors_info=\u00bb{}\u00bb][et_pb_image src=\u00bbhttps:\/\/diocesanos.es\/blogs\/museopablovi\/wp-content\/uploads\/sites\/6\/2023\/07\/08-LA-ANUNCIACION-2014-scaled.jpg\u00bb title_text=\u00bbMAIPAVI 2014 &#8211; LA ANUNCIACION &#8211; Fra Ang\u00e9lico\u00bb show_in_lightbox=\u00bbon\u00bb _builder_version=\u00bb4.21.0&#8243; _module_preset=\u00bbdefault\u00bb custom_padding=\u00bb1px|||||\u00bb global_colors_info=\u00bb{}\u00bb][\/et_pb_image][et_pb_text _builder_version=\u00bb4.21.0&#8243; _module_preset=\u00bbdefault\u00bb global_colors_info=\u00bb{}\u00bb]<\/p>\n<p style=\"text-align: center;\"><strong>G\u00d3TICO (2014)<br \/><\/strong><\/p>\n<p style=\"text-align: center;\"><em>La Anunciaci\u00f3n <\/em>(Fra Ang\u00e9lico, 1426)<\/p>\n<p>[\/et_pb_text][\/et_pb_column][et_pb_column type=\u00bb1_4&#8243; _builder_version=\u00bb4.21.0&#8243; _module_preset=\u00bbdefault\u00bb box_shadow_style=\u00bbpreset2&#8243; global_colors_info=\u00bb{}\u00bb][et_pb_image src=\u00bbhttps:\/\/diocesanos.es\/blogs\/museopablovi\/wp-content\/uploads\/sites\/6\/2023\/07\/07-EL-JARDIN-2013-scaled.jpg\u00bb title_text=\u00bbMAIPAVI 2013 &#8211; EL JARDIN &#8211; Joan Mir\u00f3 (Fragmento)\u00bb show_in_lightbox=\u00bbon\u00bb _builder_version=\u00bb4.21.0&#8243; _module_preset=\u00bbdefault\u00bb global_colors_info=\u00bb{}\u00bb][\/et_pb_image][et_pb_text _builder_version=\u00bb4.21.0&#8243; _module_preset=\u00bbdefault\u00bb global_colors_info=\u00bb{}\u00bb]<\/p>\n<p style=\"text-align: center;\"><strong>SURREALISMO (2013)<\/strong><strong><br \/><\/strong><\/p>\n<p style=\"text-align: center;\"><em>El Jard\u00edn <\/em>[fragmento] (Joan Mir\u00f3, 1925)<\/p>\n<p>[\/et_pb_text][\/et_pb_column][et_pb_column type=\u00bb1_4&#8243; _builder_version=\u00bb4.21.0&#8243; _module_preset=\u00bbdefault\u00bb box_shadow_style=\u00bbpreset2&#8243; global_colors_info=\u00bb{}\u00bb][et_pb_image src=\u00bbhttps:\/\/diocesanos.es\/blogs\/museopablovi\/wp-content\/uploads\/sites\/6\/2023\/07\/04-LA-FRAGUA-DE-VULCANO-2011-scaled.jpg\u00bb title_text=\u00bbMAIPAVI 2011 &#8211; LA FRAGUA DE VULCANO &#8211; Diego Vel\u00e1zquez\u00bb show_in_lightbox=\u00bbon\u00bb _builder_version=\u00bb4.21.0&#8243; _module_preset=\u00bbdefault\u00bb global_colors_info=\u00bb{}\u00bb][\/et_pb_image][et_pb_text _builder_version=\u00bb4.21.0&#8243; _module_preset=\u00bbdefault\u00bb global_colors_info=\u00bb{}\u00bb]<\/p>\n<p style=\"text-align: center;\"><strong>BARROCO (2011)<br \/><\/strong><\/p>\n<p style=\"text-align: center;\"><em>La fragua de Vulcano<\/em> (Diego Vel\u00e1zquez, 1630)<\/p>\n<p>[\/et_pb_text][\/et_pb_column][\/et_pb_row][\/et_pb_section]<\/p>\n","protected":false},"excerpt":{"rendered":"<p>movimientos ART\u00cdSTICOSLUMINISMO (2023) Paseo a la orillla del mar (Joaqu\u00edn Sorolla, 1909)ROMANTICISMO (2017) El 3 de mayo en Madrid (Francisco de Goya, 1814)POSTIMPRESIONISMO (2010) La siesta (Vincent Van Gogh, 1890)POSTGRAFITTI (2022) Lanzador de flores (Banksy, 2003)EXPRESIONISMO ABSTRACTO (2011) Cuadrados con c\u00edrculos conc\u00e9ntricos (Vasili Kandinsky, 1913)MODERNISMO (2008) El Beso (Gustav Klimt, 1907)NEOPLASTICISMO (2016) Composici\u00f3n en rojo, [&hellip;]<\/p>\n","protected":false},"author":9,"featured_media":0,"parent":0,"menu_order":2,"comment_status":"closed","ping_status":"closed","template":"","meta":{"_et_pb_use_builder":"on","_et_pb_old_content":"<div class=\"style_SkipStroke_2 shape-with-text flowDefining\">\n<div class=\"style_SkipStroke_2 shape-with-text flowDefining\">\n<div class=\"text-content style_External_350_258\">\n<div class=\"style\" style=\"text-align: justify;\">\n<table class=\" aligncenter\" style=\"width: 769px; height: 918px;\">\n<tbody>\n<tr valign=\"top\">\n<td style=\"width: 769px;\">\n<table style=\"height: 20px; width: 769px;\">\n<tbody>\n<tr style=\"height: 220px;\">\n<td style=\"width: 188px; height: 220px; text-align: center; vertical-align: top;\">\n\n[caption id=\"attachment_1181\" align=\"aligncenter\" width=\"150\"]<a style=\"background-color: #808000;\" href=\"https:\/\/diocesanos.es\/blogs\/museopablovi\/museo\/cubismo\/\" rel=\"noopener\"><img class=\"wp-image-1181 size-thumbnail\" src=\"https:\/\/diocesanos.es\/blogs\/museopablovi\/wp-content\/uploads\/sites\/6\/2018\/03\/12-GUERNICA-2018-150x150.jpg\" alt=\"(2018) GUERNICA\" width=\"150\" height=\"150\"><\/a> (2018) CUBISMO[\/caption]<\/td>\n<td style=\"width: 188px; height: 220px; text-align: center; vertical-align: top;\">\n\n[caption id=\"attachment_1123\" align=\"aligncenter\" width=\"150\"]<a href=\"https:\/\/diocesanos.es\/blogs\/museopablovi\/museo\/romanticismo\/\" rel=\"noopener\"><img class=\"wp-image-1123 size-thumbnail\" src=\"https:\/\/diocesanos.es\/blogs\/museopablovi\/wp-content\/uploads\/sites\/6\/2018\/03\/11-FUSILAMIENTOS-2017-150x150.jpg\" alt=\"(2017) LOS FUSILAMIENTOS\" width=\"150\" height=\"150\"><\/a> (2017) ROMANTICISMO[\/caption]<\/td>\n<td style=\"width: 188px; height: 220px; text-align: center; vertical-align: top;\">\n\n[caption id=\"attachment_1174\" align=\"aligncenter\" width=\"150\"]<a href=\"https:\/\/diocesanos.es\/blogs\/museopablovi\/museo\/neoplasticismo\/\" rel=\"noopener\"><img class=\"wp-image-1174 size-thumbnail\" src=\"https:\/\/diocesanos.es\/blogs\/museopablovi\/wp-content\/uploads\/sites\/6\/2018\/03\/10-COMPOSICION-2016-150x150.jpg\" alt=\"(2016) COMPOSICION\" width=\"150\" height=\"150\"><\/a> (2016) NEOPLASTICISMO[\/caption]<\/td>\n<\/tr>\n<tr style=\"height: 196px;\">\n<td style=\"width: 188px; height: 196px; text-align: center; vertical-align: top;\">\n\n[caption id=\"attachment_1122\" align=\"aligncenter\" width=\"150\"]<a href=\"https:\/\/diocesanos.es\/blogs\/museopablovi\/museo\/tenebrismo\/\" rel=\"noopener\"><img class=\"wp-image-1122 size-thumbnail\" src=\"https:\/\/diocesanos.es\/blogs\/museopablovi\/wp-content\/uploads\/sites\/6\/2018\/03\/09-SANTA-TERESA-2015-150x150.jpg\" alt=\"(2015) STA TERESA\" width=\"150\" height=\"150\"><\/a> (2015) TENEBRISMO[\/caption]<\/td>\n<td style=\"width: 188px; height: 196px; text-align: center; vertical-align: top;\">\n\n[caption id=\"attachment_1121\" align=\"aligncenter\" width=\"150\"]<a href=\"https:\/\/diocesanos.es\/blogs\/museopablovi\/museo\/gotico\/\" rel=\"noopener\"><img class=\"wp-image-1121 size-thumbnail\" src=\"https:\/\/diocesanos.es\/blogs\/museopablovi\/wp-content\/uploads\/sites\/6\/2018\/03\/08-LA-ANUNCIACION-2014-150x150.jpg\" alt=\"(2014) LA ANUNCIACION\" width=\"150\" height=\"150\"><\/a> (2014) G\u00d3TICO[\/caption]<\/td>\n<td style=\"width: 188px; height: 196px; text-align: center; vertical-align: top;\">\n\n[caption id=\"attachment_1120\" align=\"aligncenter\" width=\"150\"]<a href=\"https:\/\/diocesanos.es\/blogs\/museopablovi\/museo\/surrealismo\/\" rel=\"noopener\"><img class=\"wp-image-1120 size-thumbnail\" src=\"https:\/\/diocesanos.es\/blogs\/museopablovi\/wp-content\/uploads\/sites\/6\/2018\/03\/07-EL-JARDIN-2013-150x150.jpg\" alt=\"(2013) EL JARDIN\" width=\"150\" height=\"150\"><\/a> (2013) SURREALISMO[\/caption]<\/td>\n<\/tr>\n<tr style=\"height: 88px;\">\n<td style=\"width: 188px; height: 88px; text-align: center; vertical-align: top;\">\n\n[caption id=\"attachment_1119\" align=\"aligncenter\" width=\"150\"]<a href=\"https:\/\/diocesanos.es\/blogs\/museopablovi\/museo\/popart\/\" rel=\"noopener\"><img class=\"wp-image-1119 size-thumbnail\" src=\"https:\/\/diocesanos.es\/blogs\/museopablovi\/wp-content\/uploads\/sites\/6\/2018\/03\/06-WHAAM-2012-150x150.jpg\" alt=\"(2012) WHAAM\" width=\"150\" height=\"150\"><\/a> (2012) POP ART[\/caption]<\/td>\n<td style=\"width: 188px; height: 88px; text-align: center; vertical-align: top;\">\n\n[caption id=\"attachment_1118\" align=\"aligncenter\" width=\"150\"]<a href=\"https:\/\/diocesanos.es\/blogs\/museopablovi\/museo\/expresionismoabstracto\/\" rel=\"noopener\"><img class=\"wp-image-1118 size-thumbnail\" src=\"https:\/\/diocesanos.es\/blogs\/museopablovi\/wp-content\/uploads\/sites\/6\/2018\/03\/05-CUADRADOS-2011-150x150.jpg\" alt=\"(2011) CUADRADOS\" width=\"150\" height=\"150\"><\/a> (2011) EXPRESONISMO ABSTRACTO[\/caption]<\/td>\n<td style=\"width: 188px; height: 88px; text-align: center; vertical-align: top;\">\n\n[caption id=\"attachment_1117\" align=\"aligncenter\" width=\"150\"]<a href=\"https:\/\/diocesanos.es\/blogs\/museopablovi\/museo\/barroco\/\" rel=\"noopener\"><img class=\"wp-image-1117 size-thumbnail\" src=\"https:\/\/diocesanos.es\/blogs\/museopablovi\/wp-content\/uploads\/sites\/6\/2018\/03\/04-LA-FRAGUA-2011-150x150.jpg\" alt=\"(2011) LA FRAGUA\" width=\"150\" height=\"150\"><\/a> (2011) BARROCO[\/caption]<\/td>\n<\/tr>\n<tr style=\"height: 220px;\">\n<td style=\"width: 188px; height: 220px; text-align: center; vertical-align: top;\">\n\n[caption id=\"attachment_1116\" align=\"aligncenter\" width=\"150\"]<a href=\"https:\/\/diocesanos.es\/blogs\/museopablovi\/museo\/postimpresionismo\/\" rel=\"noopener\"><img class=\"wp-image-1116 size-thumbnail\" src=\"https:\/\/diocesanos.es\/blogs\/museopablovi\/wp-content\/uploads\/sites\/6\/2018\/03\/03-LA-SIESTA-2010-150x150.jpg\" alt=\"(2010) LA SIESTA\" width=\"150\" height=\"150\"><\/a> (2010) POSTIMPRESIONISMO[\/caption]<\/td>\n<td style=\"width: 188px; height: 220px; text-align: center; vertical-align: top;\">\n\n[caption id=\"attachment_1115\" align=\"aligncenter\" width=\"150\"]<a href=\"https:\/\/diocesanos.es\/blogs\/museopablovi\/museo\/romanico\/\" rel=\"noopener\"><img class=\"wp-image-1115 size-thumbnail\" src=\"https:\/\/diocesanos.es\/blogs\/museopablovi\/wp-content\/uploads\/sites\/6\/2018\/03\/02-PANTOCRATOR-209-150x150.jpg\" alt=\"(2009) PANTOCRATOR\" width=\"150\" height=\"150\"><\/a> (2009) ROM\u00c1NICO[\/caption]\n\n&nbsp;<\/td>\n<td style=\"width: 188px; height: 220px; text-align: center; vertical-align: top;\">\n\n[caption id=\"attachment_1114\" align=\"aligncenter\" width=\"150\"]<a href=\"https:\/\/diocesanos.es\/blogs\/museopablovi\/museo\/modernismo\/\" rel=\"noopener\"><img class=\"wp-image-1114 size-thumbnail\" src=\"https:\/\/diocesanos.es\/blogs\/museopablovi\/wp-content\/uploads\/sites\/6\/2018\/03\/01-EL-BESO-2008-150x150.jpg\" alt=\"(2008) EL BESO\" width=\"150\" height=\"150\"><\/a> (2008) MODERNISMO[\/caption]<\/td>\n<\/tr>\n<\/tbody>\n<\/table>\n<\/td>\n<\/tr>\n<\/tbody>\n<\/table>\n<\/div>\n<\/div>\n<\/div>\n<p style=\"text-align: center;\"><img class=\"aligncenter wp-image-776 size-medium\" src=\"https:\/\/diocesanos.es\/blogs\/museopablovi\/wp-content\/uploads\/sites\/6\/2015\/02\/LOGO-MUSEO-147x300.png\" alt=\"LOGO MUSEO\" width=\"147\" height=\"300\"><\/p>\n<p style=\"text-align: center;\"><span style=\"font-family: 'andale mono', times; font-size: 10pt;\"><a style=\"color: #999999;\" title=\"copyright\" href=\"http:\/\/www.rmestudios.com\" target=\"_blank\" rel=\"noopener\"><b>\u00a9&nbsp;<\/b>All material copyright&nbsp;by R<\/a><a style=\"color: #999999;\" title=\"copyright\" href=\"http:\/\/www.rmestudios.com\" target=\"_blank\" rel=\"noopener\">ICARDO MU\u00d1OZ MART\u00cdN<\/a><\/span>&nbsp;-&nbsp;<a style=\"color: #999999;\" title=\"Colegio Pablo VI\" href=\"http:\/\/www.colegiopablovi.es\/\" target=\"_blank\" rel=\"noopener\">Dpto. Educaci\u00f3n Pl\u00e1stica y Visual - Colegio Pablo VI<\/a><\/p>\n\n<\/div>","_et_gb_content_width":"","ngg_post_thumbnail":0,"footnotes":""},"class_list":["post-2","page","type-page","status-publish","hentry"],"_links":{"self":[{"href":"https:\/\/diocesanos.es\/blogs\/museopablovi\/wp-json\/wp\/v2\/pages\/2","targetHints":{"allow":["GET"]}}],"collection":[{"href":"https:\/\/diocesanos.es\/blogs\/museopablovi\/wp-json\/wp\/v2\/pages"}],"about":[{"href":"https:\/\/diocesanos.es\/blogs\/museopablovi\/wp-json\/wp\/v2\/types\/page"}],"author":[{"embeddable":true,"href":"https:\/\/diocesanos.es\/blogs\/museopablovi\/wp-json\/wp\/v2\/users\/9"}],"replies":[{"embeddable":true,"href":"https:\/\/diocesanos.es\/blogs\/museopablovi\/wp-json\/wp\/v2\/comments?post=2"}],"version-history":[{"count":72,"href":"https:\/\/diocesanos.es\/blogs\/museopablovi\/wp-json\/wp\/v2\/pages\/2\/revisions"}],"predecessor-version":[{"id":1886,"href":"https:\/\/diocesanos.es\/blogs\/museopablovi\/wp-json\/wp\/v2\/pages\/2\/revisions\/1886"}],"wp:attachment":[{"href":"https:\/\/diocesanos.es\/blogs\/museopablovi\/wp-json\/wp\/v2\/media?parent=2"}],"curies":[{"name":"wp","href":"https:\/\/api.w.org\/{rel}","templated":true}]}}