{"id":44,"date":"2015-02-02T16:07:02","date_gmt":"2015-02-02T15:07:02","guid":{"rendered":"https:\/\/diocesanos.es\/blogs\/leotic\/?page_id=44"},"modified":"2022-02-16T17:30:50","modified_gmt":"2022-02-16T16:30:50","slug":"plan-lector-de-3er-curso-de-primaria","status":"publish","type":"page","link":"https:\/\/diocesanos.es\/blogs\/leotic\/primero-primamos-primaria\/plan-lector-de-3er-curso-de-primaria\/","title":{"rendered":"3er. Curso de Primaria"},"content":{"rendered":"<table style=\"height: 287px\" width=\"441\">\n<tbody>\n<tr>\n<td style=\"border-color: #f2f2f2;background-color: #f2f2f2\"><a href=\"https:\/\/diocesanos.es\/blogs\/leotic\/wp-content\/uploads\/sites\/17\/2015\/02\/nina-estudiando-2-png.png\"><img loading=\"lazy\" decoding=\"async\" class=\"alignnone size-full wp-image-28\" src=\"https:\/\/diocesanos.es\/blogs\/leotic\/wp-content\/uploads\/sites\/17\/2015\/02\/nina-estudiando-2-png.png\" alt=\"nina-estudiando-2-png\" width=\"196\" height=\"272\"><\/a><\/td>\n<td style=\"border-color: #f2f2f2;background-color: #f2f2f2\">\n<h1><\/h1>\n<h1>\u00abPara crecer, crecer, crecer,&#8230; muchos cuentos has de leer\u00bb<\/h1>\n<\/td>\n<\/tr>\n<\/tbody>\n<\/table>\n<p><!--more--><\/p>\n<p style=\"text-align: center\"><span style=\"text-decoration: underline\"><strong><a href=\"#0\"><img loading=\"lazy\" decoding=\"async\" class=\"  wp-image-966 aligncenter\" src=\"https:\/\/diocesanos.es\/blogs\/leotic\/wp-content\/uploads\/sites\/17\/2015\/02\/down.png\" alt=\"up\" width=\"34\" height=\"34\"><\/a><\/strong><\/span><a href=\"https:\/\/diocesanos.es\/blogs\/leotic\/wp-content\/uploads\/sites\/17\/2015\/02\/up.png\">Indice<\/a><\/p>\n<p>&nbsp;<\/p>\n<p style=\"text-align: justify\">Para los alumn@s de tercer curso de Educaci\u00f3n Primaria sigue siendo primordial desarrollar la competencia comunicativa como herramienta que les viene acompa\u00f1ando tanto a lo largo de su vida escolar, acerc\u00e1ndoles a la adquisici\u00f3n de los dem\u00e1s aprendizajes, como de su vida social al permitirles una adecuada interacci\u00f3n en m\u00faltiples contextos sociales.<\/p>\n<p style=\"text-align: justify\">A trav\u00e9s de las asignaturas de <em>lengua castellana e inglesa <\/em>adquieren los distintos conocimientos, elaboran sus pensamientos y se relacionan con el entorno. Por lo tanto, las destrezas en la lectura y la escritura en estas lenguas son fundamentales. En este sentido, es el momento de empezar a distinguir entre distintos tipos de textos, pero tambi\u00e9n el de desarrollar el gusto por la lectura, as\u00ed como comenzar a valorar los libros le\u00eddos.<\/p>\n<p style=\"text-align: justify\">Los libros recomendados en nuestro Plan Lector y los materiales propuestos para acompa\u00f1arlos est\u00e1n pensados para motivar a los alumn@s el gusto por la lectura y la vayan incluyendo de forma aut\u00f3noma y seg\u00fan sus gustos personales.<\/p>\n<p style=\"text-align: justify\">Todos los libros estar\u00e1n acompa\u00f1ados de materiales variados como:<\/p>\n<p style=\"text-align: justify\"><span style=\"color: #0000ff\"><strong><em>Proyectos de lectura<\/em><\/strong><\/span> con propuestas de animaci\u00f3n y actividades fungibles (para antes, durante y despu\u00e9s de la lectura) enfocadas a consolidar las estrategias de comprensi\u00f3n lectora.<br \/>\n<span style=\"color: #0000ff\"><strong><em>Taller de escritur<\/em>a<\/strong><\/span> con actividades para elaborar distintos tipos de texto, fomentar el pensamiento creativo y desarrollar el plan de escritura (planificaci\u00f3n, redacci\u00f3n del borrador, revisi\u00f3n, reescritura).<br \/>\n<span style=\"color: #0000ff\"><strong><em>Fichas de evaluaci\u00f3n<\/em><\/strong><\/span> para que el profesor o la profesora pueda evaluar el grado de adquisici\u00f3n que sus alumn@s van adquiriendo en los procesos de lectura y escritura.<br \/>\nTodos los libros est\u00e1n disponibles tambi\u00e9n en <span style=\"color: #0000ff\"><strong><em>formato e-book<\/em><\/strong><\/span>, para que los alumn@s manejen con soltura las TIC desde el primero momento.<\/p>\n<p>&nbsp;<a title=\"Real Academia Espa\u00f1ola\" href=\"http:\/\/www.rae.es\" target=\"_blank\" rel=\"noopener\"><img loading=\"lazy\" decoding=\"async\" class=\"  wp-image-410 aligncenter\" src=\"https:\/\/diocesanos.es\/blogs\/leotic\/wp-content\/uploads\/sites\/17\/2015\/02\/rae.gif\" alt=\"rae\" width=\"102\" height=\"162\"><\/a><\/p>\n<p style=\"text-align: center\"><a title=\"Real Academia Espa\u00f1ola\" href=\"http:\/\/www.rae.es\" target=\"_blank\" rel=\"noopener\">Real Academia Espa\u00f1ola<\/a><\/p>\n<h3 style=\"text-align: center\">\u00abLimpia fija y da esplendor\u00bb<\/h3>\n<p>&nbsp;<br \/>\n&nbsp;<\/p>\n<hr style=\"color: #5959aa\" width=\"80%\" size=\"5\" noshade=\"noshade\" align=\"center\">\n<p>&nbsp;<\/p>\n<p style=\"text-align: center\"><span style=\"color: #000080\"><span style=\"font-size: xx-large\"><a id=\"0\"><\/a>\u00cdNDICE DE CONTENIDOS<\/span><\/span><\/p>\n<p>&nbsp;<\/p>\n<h2 style=\"text-align: left\"><span style=\"color: #000080\"><a style=\"color: #000080\" href=\"#1\">1.- Nuestros Libros<\/a><\/span><br \/>\n<span style=\"color: #000080\"><a style=\"color: #000080\" href=\"#2\">2.- Conociendo a Platero<\/a><\/span><br \/>\n<span style=\"color: #000080\"> <a style=\"color: #000080\" href=\"#3\">3.- Actividades de Comprensi\u00f3n Lectora<\/a><\/span><\/h2>\n<p>&nbsp;<\/p>\n<hr style=\"color: #5959aa\" width=\"50%\" size=\"5\" noshade=\"noshade\" align=\"center\">\n<p>&nbsp;<\/p>\n<p style=\"text-align: justify\"><img loading=\"lazy\" decoding=\"async\" class=\" alignleft\" src=\"http:\/\/image.casadellibro.com\/a\/l\/t0\/79\/9788466701679.jpg\" alt=\"toc, toc, felicidades: lecturas 3 (2\u00ba ciclo de primaria)-antonio basanta-luis vazquez-9788466701679\" width=\"107\" height=\"148\"><\/p>\n<h1 style=\"text-align: center\"><span style=\"color: #333399\"><a id=\"1\" style=\"color: #333399\"><\/a><strong>Nuestros libros<\/strong><\/span><\/h1>\n<p style=\"text-align: justify\">Toc, Toc, Felicidades y Caravana de lecturas, son dos libros de lecturas comprensivas que trabajamos diariamente en las aulas de tercero. Los alumnos adquieren un libro y cuando lo acabamos de leer lo intercambiamos con la otra clase con el objetivo de que a final de curso hayamos podido leer los dos libros.<\/p>\n<p style=\"text-align: justify\"><img loading=\"lazy\" decoding=\"async\" class=\" alignright\" src=\"http:\/\/www.popularlibros.com\/imagenes_grandes\/9788466\/978846674373.JPG\" alt=\"3PRI CARAVANA DE LECTURAS 3 PRIMARIA\" width=\"106\" height=\"147\"><\/p>\n<p style=\"text-align: justify\">Son peque\u00f1as aventuras amenas, divertidas e instructivas que a nuestros alumnos los emocionan y demandan diariamente. Cada historia o cap\u00edtulo tiene una comprensi\u00f3n lectora que enriquece y eval\u00faa la comprensi\u00f3n de la misma.<\/p>\n<p>&nbsp;<\/p>\n<p>&nbsp;<\/p>\n<p>&nbsp;<\/p>\n<p><a href=\"http:\/\/www.juntadeandalucia.es\/averroes\/~04005673\/centroTIC\/Platero_y_Yo.pdf\"><img loading=\"lazy\" decoding=\"async\" class=\"details-image aligncenter\" src=\"https:\/\/diocesanos.es\/blogs\/leotic\/wp-content\/uploads\/sites\/17\/2015\/03\/platero-1024x1012.jpg\" alt=\"\" width=\"147\" height=\"145\"><\/a><\/p>\n<p>&nbsp;<\/p>\n<p style=\"text-align: center\"><a href=\"http:\/\/www.juntadeandalucia.es\/averroes\/~04005673\/centroTIC\/Platero_y_Yo.pdf\">Platero_y_Yo<\/a><\/p>\n<p style=\"text-align: center\">Haz click en el dibujo o en el t\u00edtulo y podr\u00e1s acceder a lecturas y juegos sobre el libro de Platero y yo<\/p>\n<p style=\"text-align: center\"><span style=\"text-decoration: underline\"><strong><a href=\"#0\"><img loading=\"lazy\" decoding=\"async\" class=\"  wp-image-966 aligncenter\" src=\"https:\/\/diocesanos.es\/blogs\/leotic\/wp-content\/uploads\/sites\/17\/2015\/02\/up.png\" alt=\"up\" width=\"34\" height=\"34\"><\/a><\/strong><\/span><a href=\"https:\/\/diocesanos.es\/blogs\/leotic\/wp-content\/uploads\/sites\/17\/2015\/02\/up.png\">Indice<\/a><\/p>\n<h1 style=\"text-align: center\"><a id=\"2\"><\/a><span style=\"color: #333399\">Conociendo a Platero<\/span><\/h1>\n<p style=\"text-align: justify\"><a href=\"http:\/\/www.juntadeandalucia.es\/averroes\/ricardoleon\/trabajostic06\/platero\/platero\/sc.html\"><img loading=\"lazy\" decoding=\"async\" class=\"  wp-image-824 alignleft\" src=\"https:\/\/diocesanos.es\/blogs\/leotic\/wp-content\/uploads\/sites\/17\/2015\/03\/platero02-300x224.png\" alt=\"platero02\" width=\"207\" height=\"154\" srcset=\"https:\/\/diocesanos.es\/blogs\/leotic\/wp-content\/uploads\/sites\/17\/2015\/03\/platero02-300x224.png 300w, https:\/\/diocesanos.es\/blogs\/leotic\/wp-content\/uploads\/sites\/17\/2015\/03\/platero02-308x230.png 308w, https:\/\/diocesanos.es\/blogs\/leotic\/wp-content\/uploads\/sites\/17\/2015\/03\/platero02.png 370w\" sizes=\"auto, (max-width: 207px) 100vw, 207px\" \/><\/a> Haciendo click en la imagen podr\u00e9is conocer algunas aventuras m\u00e1s que Juan Ram\u00f3n Jim\u00e9nez nos relata sobre el borriquito Platero. Gracias a obras como Platero y Yo, Juan Ram\u00f3n Jim\u00e9nez consigui\u00f3 el premio nobel de literatura en el a\u00f1o 1964, siendo uno de los pocos autores espa\u00f1oles que lo han conseguido. \u00a1entra en la p\u00e1gina! y con sus actividades comprobar\u00e1s lo divertida que es la historia del borriquillo Platero.<\/p>\n<p style=\"text-align: justify\"><img loading=\"lazy\" decoding=\"async\" class=\" alignright\" src=\"http:\/\/image.casadellibro.com\/a\/l\/t0\/31\/9788421697931.jpg\" alt=\"luison juego lectura eficaz-m\u00aa trinidad labajo gonzalez-9788421697931\" width=\"247\" height=\"346\"><\/p>\n<p>&nbsp;<\/p>\n<h3 class=\"book-header-2-title\"><sup><em>LUISON JUEGO LECTURA EFICAZ <span class=\"book-header-2-title-device\">(EN PAPEL)<\/span><\/em><\/sup><\/h3>\n<h3 class=\"book-header-2-subtitle\"><sup><em><span class=\"book-header-2-subtitle-author\">M\u00aa TRINIDAD LABAJO GONZALEZ<\/span> , <span class=\"book-header-2-subtitle-publisher\">BRU\u00d1O<\/span>, 2006<\/em><\/sup><br \/>\n<sup><em><span class=\"book-header-2-subtitle-isbn\">ISBN <strong>9788421697931<\/strong><\/span><\/em><\/sup><\/h3>\n<h3 class=\"book-header-2-subtitle\"><sup><em><span class=\"book-header-2-subtitle-isbn\"><strong>Saber lo que uno va a ser de mayor no es f\u00e1cil. Es tan dif\u00edcil que algunas personas se hacen mayores y a\u00fan no saben lo que van a ser. A los ni\u00f1os les divierte hablar de lo que ser\u00e1n de mayores. Casi todos tienen una idea en la cabeza: carpintero, enfermera, piloto, ingeniero, conductora de autobuses, m\u00e9dico\u2026 En este <span id=\"sinopsis\" class=\"expand-content expand-hide\">libro, entre fant\u00e1sticas y divertidas peripecias, podr\u00e9is ver como Luis\u00f3n descubre lo que le gustar\u00eda ser de mayor.<\/span><\/strong><\/span><\/em><\/sup><\/h3>\n<p>&nbsp;<\/p>\n<p style=\"text-align: center\"><span style=\"text-decoration: underline\"><strong><a href=\"#0\"><img loading=\"lazy\" decoding=\"async\" class=\"  wp-image-966 aligncenter\" src=\"https:\/\/diocesanos.es\/blogs\/leotic\/wp-content\/uploads\/sites\/17\/2015\/02\/up.png\" alt=\"up\" width=\"34\" height=\"34\"><\/a><\/strong><\/span><a href=\"https:\/\/diocesanos.es\/blogs\/leotic\/wp-content\/uploads\/sites\/17\/2015\/02\/up.png\">Indice<\/a><\/p>\n<h2><span style=\"color: #333399\"><a id=\"3\" style=\"color: #333399\"><\/a><strong>Algunas actividades de Comprensi\u00f3n Lectora en el \u00e1rea de Lengua.<\/strong><\/span><\/h2>\n<p>&nbsp;<\/p>\n<p><strong><span style=\"text-decoration: underline\">FOMENTO DE LA LECTURA <\/span><\/strong><\/p>\n<p>En el libro de texto de Lengua 3\u00ba En l\u00ednea, Anaya las diferentes lecturas y actividades acompa\u00f1adas de un CD audio para estimular la expresi\u00f3n y la comprensi\u00f3n oral a trav\u00e9s de numerosas actividades clasificadas seg\u00fan su contribuci\u00f3n al desarrollo competencial, se trabajan los distintos apartados de vocabulario, ortograf\u00eda, gram\u00e1tica, literatura y expresi\u00f3n oral y escrita.vocabulario&#8230;de cada unidad y los libros que se recomiendan ayudan al desarrollo de nuestro \u00abPlan de fomento de la lectura\u00bb:<\/p>\n<p>&#8211; <em>Diecisiete cuentos y dos ping\u00fcinos, <\/em>de Daniel Nesquens.<\/p>\n<p><em>&#8211; <\/em> <em>Cornelia Funke cuenta cuentos sobre devoralibros, fantasmas de desvanes y otros h\u00e9roes, <\/em>de Cornelia Funke.<\/p>\n<p><em>&#8211; <\/em> <em>Todas las respuestas a las preguntas que nunca te has hecho, <\/em>de Philippe Nessmann.<\/p>\n<p><em>&#8211; <\/em>Se propone la lectura de libros o de revistas de divulgaci\u00f3n que proporcionen informaci\u00f3n sobre la salud y los cuidados del cuerpo. <strong><span style=\"text-decoration: underline\"><img loading=\"lazy\" decoding=\"async\" class=\" alignright\" src=\"http:\/\/ecx.images-amazon.com\/images\/I\/61dI8EdBA%2BL.jpg\" alt=\"\" width=\"114\" height=\"145\"><\/span><\/strong><\/p>\n<p><em>&#8211; <\/em> <em>Querido Rey de Espa\u00f1a, <\/em>de Jordi Serra i Fabra.<\/p>\n<p><em>&#8211; <\/em> <em>Ciudad laberinto, <\/em>de Pedro Ma\u00f1as.<\/p>\n<p>&#8211; <em>En Viriv\u00ed, <\/em>de Consuelo Armijo.<\/p>\n<p><em>&#8211; <\/em> <em>La bicicleta de Selva, <\/em>de M\u00f3nica Rodr\u00edguez.<\/p>\n<p>&#8211; P\u00e9rez Avello, C., <em>Sue\u00f1o de un gato negro. <\/em>Ed. Noguer. Barcelona, proponiendo que de la lectura extraigan textos descriptivos breves.<\/p>\n<p>&#8211; <em>\u00bfQu\u00e9 sabes sobre las plantas?, <\/em>de Juan Ignacio Medina y F\u00e9lix Moreno.<\/p>\n<p>&#8211; Adem\u00e1s del libro <em>Cincuenta cosas que los ni\u00f1os pueden hacer para salvar la Tierra, <\/em>Emec\u00e9 Editores, se propone la lectura de otras publicaciones sobre el medio ambiente.<\/p>\n<p>&#8211; <em>Tambores de paz, <\/em>de Jos\u00e9 Gonz\u00e1lez Torices.<\/p>\n<p>&#8211; <em>Este p\u00edcaro mundo, <\/em>de Ana Mar\u00eda Shua.<\/p>\n<p>&#8211; <em>\u00a1Siempre toca!, <\/em>de Montserrat del Amo.<\/p>\n<p>&#8211; <em>Versos de colores, <\/em>de Carmen Gil.<\/p>\n<p><strong><span style=\"text-decoration: underline\">FOMENTO DE LAS TIC <\/span><\/strong><\/p>\n<p>&#8211; Empleo del libro digital para la realizaci\u00f3n de las actividades de cada unidad.<\/p>\n<p>&#8211; Empleo de los complementos digitales del libro disponibles en la p\u00e1gina web www.anayadigital.com.<\/p>\n<p style=\"text-align: center\"><span style=\"text-decoration: underline\"><strong><a href=\"#0\"><img loading=\"lazy\" decoding=\"async\" class=\"  wp-image-966 aligncenter\" src=\"https:\/\/diocesanos.es\/blogs\/leotic\/wp-content\/uploads\/sites\/17\/2015\/02\/up.png\" alt=\"up\" width=\"34\" height=\"34\"><\/a><\/strong><\/span><a href=\"https:\/\/diocesanos.es\/blogs\/leotic\/wp-content\/uploads\/sites\/17\/2015\/02\/up.png\">Indice<\/a><\/p>\n","protected":false},"excerpt":{"rendered":"<p>\u00abPara crecer, crecer, crecer,&#8230; muchos cuentos has de leer\u00bb<\/p>\n","protected":false},"author":33,"featured_media":0,"parent":2350,"menu_order":3,"comment_status":"closed","ping_status":"closed","template":"","meta":{"footnotes":""},"class_list":["post-44","page","type-page","status-publish","hentry"],"_links":{"self":[{"href":"https:\/\/diocesanos.es\/blogs\/leotic\/wp-json\/wp\/v2\/pages\/44","targetHints":{"allow":["GET"]}}],"collection":[{"href":"https:\/\/diocesanos.es\/blogs\/leotic\/wp-json\/wp\/v2\/pages"}],"about":[{"href":"https:\/\/diocesanos.es\/blogs\/leotic\/wp-json\/wp\/v2\/types\/page"}],"author":[{"embeddable":true,"href":"https:\/\/diocesanos.es\/blogs\/leotic\/wp-json\/wp\/v2\/users\/33"}],"replies":[{"embeddable":true,"href":"https:\/\/diocesanos.es\/blogs\/leotic\/wp-json\/wp\/v2\/comments?post=44"}],"version-history":[{"count":1,"href":"https:\/\/diocesanos.es\/blogs\/leotic\/wp-json\/wp\/v2\/pages\/44\/revisions"}],"predecessor-version":[{"id":2356,"href":"https:\/\/diocesanos.es\/blogs\/leotic\/wp-json\/wp\/v2\/pages\/44\/revisions\/2356"}],"up":[{"embeddable":true,"href":"https:\/\/diocesanos.es\/blogs\/leotic\/wp-json\/wp\/v2\/pages\/2350"}],"wp:attachment":[{"href":"https:\/\/diocesanos.es\/blogs\/leotic\/wp-json\/wp\/v2\/media?parent=44"}],"curies":[{"name":"wp","href":"https:\/\/api.w.org\/{rel}","templated":true}]}}