{"id":41,"date":"2015-02-02T16:03:11","date_gmt":"2015-02-02T15:03:11","guid":{"rendered":"https:\/\/diocesanos.es\/blogs\/leotic\/?page_id=41"},"modified":"2022-02-16T17:30:21","modified_gmt":"2022-02-16T16:30:21","slug":"plan-lector-de-2o-de-primaria","status":"publish","type":"page","link":"https:\/\/diocesanos.es\/blogs\/leotic\/primero-primamos-primaria\/plan-lector-de-2o-de-primaria\/","title":{"rendered":"2\u00ba Curso de Primaria"},"content":{"rendered":"<p>&nbsp;<\/p>\n<table style=\"height: 210px\" width=\"435\">\n<tbody>\n<tr>\n<td style=\"border-color: #f2f2f2;background-color: #f2f2f2\"><a href=\"https:\/\/diocesanos.es\/blogs\/leotic\/wp-content\/uploads\/sites\/17\/2015\/02\/Acentos.png\"><img loading=\"lazy\" decoding=\"async\" class=\"alignnone size-full wp-image-26\" src=\"https:\/\/diocesanos.es\/blogs\/leotic\/wp-content\/uploads\/sites\/17\/2015\/02\/Acentos.png\" alt=\"Acentos\" width=\"167\" height=\"195\"><\/a><\/td>\n<td style=\"border-color: #f2f2f2;background-color: #f2f2f2\">\n<h1><\/h1>\n<h1>\u00abSi quieres disfrutar, coge un libro y lee.\u00bb<\/h1>\n<\/td>\n<\/tr>\n<\/tbody>\n<\/table>\n<p><!--more--><\/p>\n<p>&nbsp;<\/p>\n<p style=\"text-align: center\"><span style=\"text-decoration: underline\"><strong><a href=\"#0\"><img loading=\"lazy\" decoding=\"async\" class=\"  wp-image-966 aligncenter\" src=\"https:\/\/diocesanos.es\/blogs\/leotic\/wp-content\/uploads\/sites\/17\/2015\/02\/down.png\" alt=\"up\" width=\"34\" height=\"34\"><\/a><\/strong><\/span><a href=\"https:\/\/diocesanos.es\/blogs\/leotic\/wp-content\/uploads\/sites\/17\/2015\/02\/up.png\">Indice<\/a><\/p>\n<p style=\"text-align: justify\">Los alumn@s de segundo curso de Educaci\u00f3n Primaria siguen en su proceso de iniciaci\u00f3n de desarrollo de la competencia comunicativa con sus habilidades que les acompa\u00f1ar\u00e1n tanto a lo largo de su vida escolar, al acercarles a la adquisici\u00f3n de los dem\u00e1s aprendizajes, como de su vida social al permitirles una adecuada interacci\u00f3n en m\u00faltiples contextos sociales.<\/p>\n<p style=\"text-align: justify\">A trav\u00e9s de las asignaturas de <em>lengua castellana e inglesa <\/em>adquieren los distintos conocimientos, elaboran sus pensamientos y se relacionan con el entorno. Por lo tanto, las destrezas en la lectura y la escritura en estas lenguas son fundamentales. Por ello toma gran relevancia guiarles en este proceso, proporcion\u00e1ndoles una selecci\u00f3n de textos que contribuyan a desarrollar tanto sus habilidades comunicativas como el gusto por la lectura.<\/p>\n<p style=\"text-align: justify\">Los libros recomendados en nuestro Plan Lector y los materiales propuestos para acompa\u00f1arlos est\u00e1n pensados para motivar a los alumn@s el gusto por la lectura y la vayan incluyendo de forma aut\u00f3noma y seg\u00fan sus gustos personales.<\/p>\n<p style=\"text-align: justify\">Todos los libros estar\u00e1n acompa\u00f1ados de materiales variados como:<\/p>\n<p style=\"text-align: justify\"><span style=\"color: #0000ff\"><strong><em>Proyectos de lectura<\/em><\/strong><\/span> con propuestas de animaci\u00f3n y actividades fungibles (para antes, durante y despu\u00e9s de la lectura) enfocadas a consolidar las estrategias de comprensi\u00f3n lectora.<br \/>\n<span style=\"color: #0000ff\"><strong><em>Taller de escritur<\/em>a<\/strong><\/span> con actividades para elaborar distintos tipos de texto, fomentar el pensamiento creativo y desarrollar el plan de escritura (planificaci\u00f3n, redacci\u00f3n del borrador, revisi\u00f3n, reescritura).<br \/>\n<span style=\"color: #0000ff\"><strong><em>Fichas de evaluaci\u00f3n<\/em><\/strong><\/span> para que el profesor o la profesora pueda evaluar el grado de adquisici\u00f3n que sus alumn@s van adquiriendo en los procesos de lectura y escritura.<br \/>\nTodos los libros est\u00e1n disponibles tambi\u00e9n en <span style=\"color: #0000ff\"><strong><em>formato e-book<\/em><\/strong><\/span>, para que los alumn@s se inicien en el manejo aut\u00f3nomo de las TIC.<\/p>\n<p>&nbsp; <a title=\"Real Academia Espa\u00f1ola\" href=\"http:\/\/www.rae.es\" target=\"_blank\" rel=\"noopener\"><img loading=\"lazy\" decoding=\"async\" class=\"  wp-image-410 aligncenter\" src=\"https:\/\/diocesanos.es\/blogs\/leotic\/wp-content\/uploads\/sites\/17\/2015\/02\/rae.gif\" alt=\"rae\" width=\"102\" height=\"162\"><\/a><\/p>\n<p style=\"text-align: center\"><a title=\"Real Academia Espa\u00f1ola\" href=\"http:\/\/www.rae.es\" target=\"_blank\" rel=\"noopener\">Real Academia Espa\u00f1ola<\/a><\/p>\n<h3 style=\"text-align: center\">\u00abLimpia fija y da esplendor\u00bb<\/h3>\n<p>&nbsp;<\/p>\n<hr style=\"color: #5959aa\" width=\"80%\" size=\"5\" noshade=\"noshade\" align=\"center\">\n<p>&nbsp;<\/p>\n<p style=\"text-align: center\"><span style=\"color: #000080\"><span style=\"font-size: xx-large\"><a id=\"0\"><\/a>\u00cdNDICE DE CONTENIDOS<\/span><\/span><\/p>\n<p>&nbsp;<\/p>\n<h2 style=\"text-align: left\"><span style=\"color: #000080\"><a style=\"color: #000080\" href=\"#1\">1.- Conociendo a Platero<\/a><\/span><br \/>\n<span style=\"color: #000080\"> <a style=\"color: #000080\" href=\"#2\">2.- Semana de la Lectura<\/a><\/span><br \/>\n<span style=\"color: #000080\"> <a style=\"color: #000080\" href=\"#3\">3.- Juegos<\/a><\/span><br \/>\n<span style=\"color: #000080\"> <a style=\"color: #000080\" href=\"#4\">4.- Little red riding hood<\/a><\/span><br \/>\n<span style=\"color: #000080\"> <a style=\"color: #000080\" href=\"#5\">5.- El teatro en ingl\u00e9s<\/a><\/span><\/h2>\n<p>&nbsp;<\/p>\n<hr style=\"color: #5959aa\" width=\"50%\" size=\"5\" noshade=\"noshade\" align=\"center\">\n<p>&nbsp;<\/p>\n<h2 style=\"text-align: center\"><a id=\"1\"><\/a><span style=\"color: #333399\">Conociendo a Platero<\/span><\/h2>\n<p style=\"text-align: justify\"><a href=\"http:\/\/www.juntadeandalucia.es\/averroes\/ricardoleon\/trabajostic06\/platero\/platero\/pc.html\"><img loading=\"lazy\" decoding=\"async\" class=\"  wp-image-823 alignleft\" src=\"https:\/\/diocesanos.es\/blogs\/leotic\/wp-content\/uploads\/sites\/17\/2015\/03\/platero01-300x219.png\" alt=\"platero01\" width=\"178\" height=\"130\" srcset=\"https:\/\/diocesanos.es\/blogs\/leotic\/wp-content\/uploads\/sites\/17\/2015\/03\/platero01-300x219.png 300w, https:\/\/diocesanos.es\/blogs\/leotic\/wp-content\/uploads\/sites\/17\/2015\/03\/platero01-315x230.png 315w, https:\/\/diocesanos.es\/blogs\/leotic\/wp-content\/uploads\/sites\/17\/2015\/03\/platero01.png 373w\" sizes=\"auto, (max-width: 178px) 100vw, 178px\" \/><\/a>Haciendo click en la imagen podr\u00e9is conocer algunas de las aventuras que Juan Ram\u00f3n Jim\u00e9nez nos relata sobre el borriquito Platero. Gracias a obras como Platero y Yo, Juan Ram\u00f3n Jim\u00e9nez consigui\u00f3 el premio nobel de literatura en el a\u00f1o 1964, siendo uno de los pocos autores espa\u00f1oles que lo han conseguido. \u00a1entra en la p\u00e1gina! y con sus actividades comprobar\u00e1s lo divertida que es la historia del borriquillo Platero.<\/p>\n<p style=\"text-align: center\"><span style=\"text-decoration: underline\"><strong><a href=\"#0\"><img loading=\"lazy\" decoding=\"async\" class=\"  wp-image-966 aligncenter\" src=\"https:\/\/diocesanos.es\/blogs\/leotic\/wp-content\/uploads\/sites\/17\/2015\/02\/up.png\" alt=\"up\" width=\"34\" height=\"34\"><\/a><\/strong><\/span><a href=\"https:\/\/diocesanos.es\/blogs\/leotic\/wp-content\/uploads\/sites\/17\/2015\/02\/up.png\">Indice<\/a><\/p>\n<h2 style=\"text-align: center\"><a id=\"2\" style=\"color: #333399\"><\/a><span style=\"color: #ff9900\"><span style=\"color: #333399\">Actividades de la semana de la lectura<\/span><br \/>\n<\/span><\/h2>\n<h3 style=\"text-align: center\"><span style=\"color: #003300\">EL \u00c1RBOL DE LAS POES\u00cdAS<\/span><\/h3>\n<p>Llega la primavera y que mejor forma de recibirla que con un gran \u00e1rbol al que a\u00f1adiremos poes\u00edas. \u00a1Qu\u00e9 bonito nos ha quedado!<\/p>\n<p><a href=\"https:\/\/diocesanos.es\/blogs\/leotic\/wp-content\/uploads\/sites\/17\/2015\/02\/portada1.jpg\"><img loading=\"lazy\" decoding=\"async\" class=\"aligncenter size-full wp-image-1347\" src=\"https:\/\/diocesanos.es\/blogs\/leotic\/wp-content\/uploads\/sites\/17\/2015\/02\/portada1.jpg\" alt=\"portada\" width=\"200\" height=\"200\" srcset=\"https:\/\/diocesanos.es\/blogs\/leotic\/wp-content\/uploads\/sites\/17\/2015\/02\/portada1.jpg 200w, https:\/\/diocesanos.es\/blogs\/leotic\/wp-content\/uploads\/sites\/17\/2015\/02\/portada1-150x150.jpg 150w\" sizes=\"auto, (max-width: 200px) 100vw, 200px\" \/><\/a><\/p>\n<p style=\"text-align: center\" align=\"center\"><span style=\"font-family: sans-serif\"><span style=\"font-size: large\"><span style=\"color: #ffcc00\">ME LLAMO DAFNE<\/span> <\/span><\/span><\/p>\n<p style=\"text-align: left\" align=\"center\">Para trabajo cooperativo, utilizaremos una ficha de lect<a href=\"http:\/\/es.slideshare.net\/ljsantiago\/banco-delecturassegundocicloprimaria-12231508\"><img loading=\"lazy\" decoding=\"async\" class=\"  wp-image-1185 alignright\" src=\"https:\/\/diocesanos.es\/blogs\/leotic\/wp-content\/uploads\/sites\/17\/2015\/04\/Im\u00e1genes-de-Ni\u00f1os-Leyendo-7-300x300.jpg\" alt=\"Im\u00e1genes-de-Ni\u00f1os-Leyendo-7\" width=\"121\" height=\"121\" srcset=\"https:\/\/diocesanos.es\/blogs\/leotic\/wp-content\/uploads\/sites\/17\/2015\/04\/Im\u00e1genes-de-Ni\u00f1os-Leyendo-7-300x300.jpg 300w, https:\/\/diocesanos.es\/blogs\/leotic\/wp-content\/uploads\/sites\/17\/2015\/04\/Im\u00e1genes-de-Ni\u00f1os-Leyendo-7-150x150.jpg 150w, https:\/\/diocesanos.es\/blogs\/leotic\/wp-content\/uploads\/sites\/17\/2015\/04\/Im\u00e1genes-de-Ni\u00f1os-Leyendo-7-230x230.jpg 230w, https:\/\/diocesanos.es\/blogs\/leotic\/wp-content\/uploads\/sites\/17\/2015\/04\/Im\u00e1genes-de-Ni\u00f1os-Leyendo-7.jpg 400w\" sizes=\"auto, (max-width: 121px) 100vw, 121px\" \/><\/a>ura con comprensi\u00f3n.<\/p>\n<p style=\"text-align: left\" align=\"center\">Si te ha gustado puedes encontrar m\u00e1s lecturas en&#8230;, pincha en el dibujo<\/p>\n<p><img loading=\"lazy\" decoding=\"async\" class=\"  wp-image-1191 alignleft\" src=\"https:\/\/diocesanos.es\/blogs\/leotic\/wp-content\/uploads\/sites\/17\/2015\/02\/santa-teresa-de-jesus-avila-165x300.jpg\" alt=\"santa-teresa-de-jesus-avila\" width=\"73\" height=\"132\" srcset=\"https:\/\/diocesanos.es\/blogs\/leotic\/wp-content\/uploads\/sites\/17\/2015\/02\/santa-teresa-de-jesus-avila-165x300.jpg 165w, https:\/\/diocesanos.es\/blogs\/leotic\/wp-content\/uploads\/sites\/17\/2015\/02\/santa-teresa-de-jesus-avila-127x230.jpg 127w, https:\/\/diocesanos.es\/blogs\/leotic\/wp-content\/uploads\/sites\/17\/2015\/02\/santa-teresa-de-jesus-avila.jpg 333w\" sizes=\"auto, (max-width: 73px) 100vw, 73px\" \/> Nuestra Santa, haremos una lectura colectiva de su vida. Nos dicen que funda conventos, \u00bfCuales son las partes de un convento? B\u00fascalas en la sopa de letras.<br \/>\nJugaremos a las adivinanzas.<br \/>\nNos encantan los cuentos, por ello descubriremos sus t\u00edtulos en un crucigrama.<\/p>\n<p><a href=\"http:\/\/www.avilaturismo.com\/avila-accesible\/item\/download\/66_16c9a7dd2fbaabb6f220a834b35e5f6d\">http:\/\/www.avilaturismo.com\/avila-accesible\/item\/download\/66_16c9a7dd2fbaabb6f220a834b35e5f6d<\/a>.<\/p>\n<p>&nbsp;<\/p>\n<p style=\"text-align: center\"><span style=\"text-decoration: underline\"><strong><a href=\"#0\"><img loading=\"lazy\" decoding=\"async\" class=\"  wp-image-966 aligncenter\" src=\"https:\/\/diocesanos.es\/blogs\/leotic\/wp-content\/uploads\/sites\/17\/2015\/02\/up.png\" alt=\"up\" width=\"34\" height=\"34\"><\/a><\/strong><\/span><a href=\"https:\/\/diocesanos.es\/blogs\/leotic\/wp-content\/uploads\/sites\/17\/2015\/02\/up.png\">Indice<\/a><\/p>\n<p>&nbsp;<\/p>\n<h2 style=\"text-align: center\"><span style=\"color: #333399\"><a id=\"3\" style=\"color: #333399\"><\/a>JUEGOS<\/span><\/h2>\n<p>Te han gustado los pasatiempos, puedes seguir practicando y convertirte en un experto o una experta. Puedes encontrar muchos m\u00e1s.<a href=\"http:\/\/www.educa.jcyl.es\/educacyl\/cm\/gallery\/Recursos%20Infinity\/juegos_jcyl\/pasatiempos_pri\/home.html\"><img loading=\"lazy\" decoding=\"async\" class=\"aligncenter size-medium wp-image-1206\" src=\"https:\/\/diocesanos.es\/blogs\/leotic\/wp-content\/uploads\/sites\/17\/2015\/02\/cuaderno-de-pasatiempos-orientacion-andujar1-300x217.jpg\" alt=\"cuaderno-de-pasatiempos-orientacion-andujar\" width=\"300\" height=\"217\" srcset=\"https:\/\/diocesanos.es\/blogs\/leotic\/wp-content\/uploads\/sites\/17\/2015\/02\/cuaderno-de-pasatiempos-orientacion-andujar1-300x217.jpg 300w, https:\/\/diocesanos.es\/blogs\/leotic\/wp-content\/uploads\/sites\/17\/2015\/02\/cuaderno-de-pasatiempos-orientacion-andujar1-318x230.jpg 318w, https:\/\/diocesanos.es\/blogs\/leotic\/wp-content\/uploads\/sites\/17\/2015\/02\/cuaderno-de-pasatiempos-orientacion-andujar1.jpg 425w\" sizes=\"auto, (max-width: 300px) 100vw, 300px\" \/><\/a><\/p>\n<p style=\"text-align: center\"><span style=\"color: #993300\">PEQUE\u00d1OS ESCRITORES<\/span><br \/>\nNos convertimos en escritores y traemos escrito un cuento con el t\u00edtulo\u00bb Santa Teresa se cuela en nuestro cole\u00bb, adem\u00e1s hacemos un dibujo.<\/p>\n<p style=\"text-align: center\"><span style=\"text-decoration: underline\"><strong><a href=\"#0\"><img loading=\"lazy\" decoding=\"async\" class=\"  wp-image-966 aligncenter\" src=\"https:\/\/diocesanos.es\/blogs\/leotic\/wp-content\/uploads\/sites\/17\/2015\/02\/up.png\" alt=\"up\" width=\"34\" height=\"34\"><\/a><\/strong><\/span><a href=\"https:\/\/diocesanos.es\/blogs\/leotic\/wp-content\/uploads\/sites\/17\/2015\/02\/up.png\">Indice<\/a><\/p>\n<h2 style=\"text-align: center\"><a id=\"4\"><\/a><span style=\"color: #333399\">LITTLE RED RIDING HOOD<\/span><\/h2>\n<p style=\"text-align: center\"><a href=\"http:\/\/learnenglishkids.britishcouncil.org\/es\/short-stories\"><img loading=\"lazy\" decoding=\"async\" class=\"  wp-image-1352 alignright\" src=\"https:\/\/diocesanos.es\/blogs\/leotic\/wp-content\/uploads\/sites\/17\/2015\/02\/caperucita_roja_final-217x300.jpg\" alt=\"caperucita_roja_final\" width=\"100\" height=\"138\" srcset=\"https:\/\/diocesanos.es\/blogs\/leotic\/wp-content\/uploads\/sites\/17\/2015\/02\/caperucita_roja_final-217x300.jpg 217w, https:\/\/diocesanos.es\/blogs\/leotic\/wp-content\/uploads\/sites\/17\/2015\/02\/caperucita_roja_final-166x230.jpg 166w, https:\/\/diocesanos.es\/blogs\/leotic\/wp-content\/uploads\/sites\/17\/2015\/02\/caperucita_roja_final.jpg 595w\" sizes=\"auto, (max-width: 100px) 100vw, 100px\" \/><\/a>El ingl\u00e9s, no nos olvidamos de \u00e9l. Lectura de un cuento y dibujos relacionados con \u00e9l. \u00bfQuieres seguir leyendo?<\/p>\n<p>Pica sobre el dibujo y podr\u00e1s leer y escuchar muchos m\u00e1s cuentos.<\/p>\n<p>&nbsp;<\/p>\n<p>&nbsp;<\/p>\n<p style=\"text-align: center\"><span style=\"text-decoration: underline\"><strong><a href=\"#0\"><img loading=\"lazy\" decoding=\"async\" class=\"  wp-image-966 aligncenter\" src=\"https:\/\/diocesanos.es\/blogs\/leotic\/wp-content\/uploads\/sites\/17\/2015\/02\/up.png\" alt=\"up\" width=\"34\" height=\"34\"><\/a><\/strong><\/span><a href=\"https:\/\/diocesanos.es\/blogs\/leotic\/wp-content\/uploads\/sites\/17\/2015\/02\/up.png\">Indice<\/a><\/p>\n<h2 style=\"text-align: center\"><a id=\"5\"><\/a><span style=\"color: #333399\"><strong>El teatro en ingl\u00e9s.<\/strong><\/span><\/h2>\n<p>&nbsp;<\/p>\n<p><strong><span style=\"color: #333399\">&nbsp; <a style=\"color: #333399\" href=\"https:\/\/diocesanos.es\/blogs\/leotic\/wp-content\/uploads\/sites\/17\/2015\/02\/0.jpg\"><img loading=\"lazy\" decoding=\"async\" class=\"  wp-image-1345 alignleft\" src=\"https:\/\/diocesanos.es\/blogs\/leotic\/wp-content\/uploads\/sites\/17\/2015\/02\/0-300x225.jpg\" alt=\"0\" width=\"156\" height=\"117\" srcset=\"https:\/\/diocesanos.es\/blogs\/leotic\/wp-content\/uploads\/sites\/17\/2015\/02\/0-300x225.jpg 300w, https:\/\/diocesanos.es\/blogs\/leotic\/wp-content\/uploads\/sites\/17\/2015\/02\/0-307x230.jpg 307w, https:\/\/diocesanos.es\/blogs\/leotic\/wp-content\/uploads\/sites\/17\/2015\/02\/0.jpg 480w\" sizes=\"auto, (max-width: 156px) 100vw, 156px\" \/><\/a><\/span><\/strong><\/p>\n<p>Nos vamos a ver una representaci\u00f3n teatral titulada\u00bbWitches and cookies\u00bb<\/p>\n<p>Va a ser muy divertido, seguro que aprenderemos mucho, nos reiremos y participaremos.<\/p>\n<p>&nbsp;<\/p>\n<p style=\"text-align: center\"><span style=\"text-decoration: underline\"><strong><a href=\"#0\"><img loading=\"lazy\" decoding=\"async\" class=\"  wp-image-966 aligncenter\" src=\"https:\/\/diocesanos.es\/blogs\/leotic\/wp-content\/uploads\/sites\/17\/2015\/02\/up.png\" alt=\"up\" width=\"34\" height=\"34\"><\/a><\/strong><\/span><a href=\"https:\/\/diocesanos.es\/blogs\/leotic\/wp-content\/uploads\/sites\/17\/2015\/02\/up.png\">Indice<\/a><\/p>\n","protected":false},"excerpt":{"rendered":"<p>&nbsp; \u00abSi quieres disfrutar, coge un libro y lee.\u00bb<\/p>\n","protected":false},"author":33,"featured_media":0,"parent":2350,"menu_order":2,"comment_status":"closed","ping_status":"closed","template":"","meta":{"footnotes":""},"class_list":["post-41","page","type-page","status-publish","hentry"],"_links":{"self":[{"href":"https:\/\/diocesanos.es\/blogs\/leotic\/wp-json\/wp\/v2\/pages\/41","targetHints":{"allow":["GET"]}}],"collection":[{"href":"https:\/\/diocesanos.es\/blogs\/leotic\/wp-json\/wp\/v2\/pages"}],"about":[{"href":"https:\/\/diocesanos.es\/blogs\/leotic\/wp-json\/wp\/v2\/types\/page"}],"author":[{"embeddable":true,"href":"https:\/\/diocesanos.es\/blogs\/leotic\/wp-json\/wp\/v2\/users\/33"}],"replies":[{"embeddable":true,"href":"https:\/\/diocesanos.es\/blogs\/leotic\/wp-json\/wp\/v2\/comments?post=41"}],"version-history":[{"count":1,"href":"https:\/\/diocesanos.es\/blogs\/leotic\/wp-json\/wp\/v2\/pages\/41\/revisions"}],"predecessor-version":[{"id":2355,"href":"https:\/\/diocesanos.es\/blogs\/leotic\/wp-json\/wp\/v2\/pages\/41\/revisions\/2355"}],"up":[{"embeddable":true,"href":"https:\/\/diocesanos.es\/blogs\/leotic\/wp-json\/wp\/v2\/pages\/2350"}],"wp:attachment":[{"href":"https:\/\/diocesanos.es\/blogs\/leotic\/wp-json\/wp\/v2\/media?parent=41"}],"curies":[{"name":"wp","href":"https:\/\/api.w.org\/{rel}","templated":true}]}}