{"id":30,"date":"2015-02-01T19:54:35","date_gmt":"2015-02-01T19:54:35","guid":{"rendered":"https:\/\/diocesanos.es\/blogs\/leotic\/?page_id=30"},"modified":"2022-02-16T17:31:13","modified_gmt":"2022-02-16T16:31:13","slug":"plan-lector-de-4o-curso-de-primaria","status":"publish","type":"page","link":"https:\/\/diocesanos.es\/blogs\/leotic\/primero-primamos-primaria\/plan-lector-de-4o-curso-de-primaria\/","title":{"rendered":"4\u00ba Curso de Primaria"},"content":{"rendered":"<p>&nbsp;<\/p>\n<table style=\"width: 639.667px\">\n<tbody>\n<tr>\n<td style=\"border-color: #f2f2f2;background-color: #f2f2f2;width: 152px\"><a href=\"https:\/\/diocesanos.es\/blogs\/leotic\/plan-lector-de-4o-curso-de-primaria\/\"><img loading=\"lazy\" decoding=\"async\" class=\"alignnone size-full wp-image-21\" src=\"https:\/\/diocesanos.es\/blogs\/leotic\/wp-content\/uploads\/sites\/17\/2015\/02\/lectura.png\" alt=\"lectura\" width=\"234\" height=\"216\"><\/a><\/td>\n<td style=\"border-color: #f2f2f2;background-color: #f2f2f2;width: 470.667px\"><span style=\"font-size: xx-large;color: #333399;text-align: center\">\u00abCuanto menos se lee, m\u00e1s da\u00f1o hace lo que se lee.\u00bb<\/span><\/p>\n<p style=\"text-align: center\"><span style=\"font-size: small;text-align: center\">Miguel de Unamuno (1864-1936) Fil\u00f3sofo y escritor espa\u00f1ol.<\/span><\/p>\n<\/td>\n<\/tr>\n<\/tbody>\n<\/table>\n<h3><\/h3>\n<p style=\"text-align: center\"><a title=\"V\u00eddeo de animaci\u00f3n a la lectura\" href=\"https:\/\/www.youtube.com\/watch?v=e5l8-4wDUzM\" target=\"_blank\" rel=\"noopener\"><img loading=\"lazy\" decoding=\"async\" class=\"wp-image-2193 size-medium aligncenter\" src=\"https:\/\/diocesanos.es\/blogs\/leotic\/wp-content\/uploads\/sites\/17\/2016\/05\/Captura-de-pantalla-2016-05-21-130359-300x203.png\" width=\"300\" height=\"203\" srcset=\"https:\/\/diocesanos.es\/blogs\/leotic\/wp-content\/uploads\/sites\/17\/2016\/05\/Captura-de-pantalla-2016-05-21-130359-300x203.png 300w, https:\/\/diocesanos.es\/blogs\/leotic\/wp-content\/uploads\/sites\/17\/2016\/05\/Captura-de-pantalla-2016-05-21-130359-339x230.png 339w, https:\/\/diocesanos.es\/blogs\/leotic\/wp-content\/uploads\/sites\/17\/2016\/05\/Captura-de-pantalla-2016-05-21-130359.png 459w\" sizes=\"auto, (max-width: 300px) 100vw, 300px\" \/><\/a><\/p>\n<p><!--more--><\/p>\n<p style=\"text-align: center\"><span style=\"text-decoration: underline\"><strong><a href=\"#0\"><img loading=\"lazy\" decoding=\"async\" class=\" wp-image-966 aligncenter\" src=\"https:\/\/diocesanos.es\/blogs\/leotic\/wp-content\/uploads\/sites\/17\/2015\/02\/down.png\" alt=\"up\" width=\"34\" height=\"34\"><\/a><\/strong><\/span><a href=\"https:\/\/diocesanos.es\/blogs\/leotic\/wp-content\/uploads\/sites\/17\/2015\/02\/up.png\">Indice<\/a><\/p>\n<p>&nbsp;<\/p>\n<p style=\"text-align: justify\">Para los alumn@s de cuarto curso de Educaci\u00f3n Primaria sigue siendo primordial desarrollar la competencia comunicativa como herramienta que les viene acompa\u00f1ando tanto a lo largo de su vida escolar, acerc\u00e1ndoles a la adquisici\u00f3n de los dem\u00e1s aprendizajes, como de su vida social al permitirles una adecuada interacci\u00f3n en m\u00faltiples contextos sociales.<\/p>\n<p style=\"text-align: justify\">A trav\u00e9s de las asignaturas de <em>lengua castellana e inglesa <\/em>adquieren los distintos conocimientos, elaboran sus pensamientos y se relacionan con el entorno. Por lo tanto, las destrezas en la lectura y la escritura en estas lenguas son fundamentales. En este sentido, es el momento de empezar a distinguir entre distintos tipos de textos, pero tambi\u00e9n el de desarrollar el gusto por la lectura, as\u00ed como comenzar a valorar cr\u00edticamente los libros le\u00eddos.<\/p>\n<p style=\"text-align: justify\">Los libros recomendados en nuestro Plan Lector y los materiales propuestos para acompa\u00f1arlos est\u00e1n pensados para motivar a los alumn@s el gusto por la lectura y la vayan incluyendo de forma aut\u00f3noma y seg\u00fan sus gustos personales.<\/p>\n<p style=\"text-align: justify\">Todos los libros estar\u00e1n acompa\u00f1ados de materiales variados como:<\/p>\n<p style=\"text-align: justify\"><span style=\"color: #0000ff\"><strong><em>Proyectos de lectura<\/em><\/strong><\/span> con propuestas de animaci\u00f3n y actividades fungibles (para antes, durante y despu\u00e9s de la lectura) enfocadas a consolidar las estrategias de comprensi\u00f3n lectora.<br \/>\n<span style=\"color: #0000ff\"><strong><em>Taller de escritur<\/em>a<\/strong><\/span> con actividades para elaborar distintos tipos de texto, fomentar el pensamiento creativo y desarrollar el plan de escritura (planificaci\u00f3n, redacci\u00f3n del borrador, revisi\u00f3n, reescritura).<br \/>\n<span style=\"color: #0000ff\"><strong><em>Fichas de evaluaci\u00f3n<\/em><\/strong><\/span> para que el profesor o la profesora pueda evaluar el grado de adquisici\u00f3n que sus alumn@s van adquiriendo en los procesos de lectura y escritura.<br \/>\nTodos los libros est\u00e1n disponibles tambi\u00e9n en <span style=\"color: #0000ff\"><strong><em>formato e-book<\/em><\/strong><\/span>, para que los alumn@s manejen con soltura las TIC desde el primero momento.<\/p>\n<p>&nbsp;<\/p>\n<p><a title=\"Real Academia Espa\u00f1ola\" href=\"http:\/\/www.rae.es\" target=\"_blank\" rel=\"noopener\"><img loading=\"lazy\" decoding=\"async\" class=\" wp-image-410 aligncenter\" src=\"https:\/\/diocesanos.es\/blogs\/leotic\/wp-content\/uploads\/sites\/17\/2015\/02\/rae.gif\" alt=\"rae\" width=\"102\" height=\"162\"><\/a><\/p>\n<p style=\"text-align: center\"><a title=\"Real Academia Espa\u00f1ola\" href=\"http:\/\/www.rae.es\" target=\"_blank\" rel=\"noopener\">Real Academia Espa\u00f1ola<\/a><\/p>\n<h3 style=\"text-align: center\">\u00abLimpia fija y da esplendor\u00bb<\/h3>\n<p>&nbsp;<\/p>\n<hr style=\"color: #5959aa\" width=\"80%\" size=\"5\" noshade=\"noshade\" align=\"center\">\n<p>Los alumnos de 4\u00ba han realizado en sus cuadernos estas dos actividades relacionados con la Literatura y la Expresi\u00f3n oral y escrita.<\/p>\n<p><a href=\"http:\/\/www.flipsnack.com\/DiegoParadaRollon\/caligramas-4oa-colegio-asuncion-nuestra-senora.html\"> Caligrama<\/a>                                                                                                <a href=\"http:\/\/www.flipsnack.com\/DiegoParadaRollon\/comics-4oa-colegio-asuncion-nuestra-senora.html\">Comics<\/a><\/p>\n<p><a href=\"https:\/\/diocesanos.es\/blogs\/leotic\/wp-content\/uploads\/sites\/17\/2016\/03\/IMG_4967.jpg\" rel=\"attachment wp-att-2111\"><img loading=\"lazy\" decoding=\"async\" class=\"alignnone size-medium wp-image-2111\" src=\"https:\/\/diocesanos.es\/blogs\/leotic\/wp-content\/uploads\/sites\/17\/2016\/03\/IMG_4967-300x169.jpg\" alt=\"IMG_4967\" width=\"300\" height=\"169\" srcset=\"https:\/\/diocesanos.es\/blogs\/leotic\/wp-content\/uploads\/sites\/17\/2016\/03\/IMG_4967-300x169.jpg 300w, https:\/\/diocesanos.es\/blogs\/leotic\/wp-content\/uploads\/sites\/17\/2016\/03\/IMG_4967-768x432.jpg 768w, https:\/\/diocesanos.es\/blogs\/leotic\/wp-content\/uploads\/sites\/17\/2016\/03\/IMG_4967-1024x576.jpg 1024w, https:\/\/diocesanos.es\/blogs\/leotic\/wp-content\/uploads\/sites\/17\/2016\/03\/IMG_4967-409x230.jpg 409w, https:\/\/diocesanos.es\/blogs\/leotic\/wp-content\/uploads\/sites\/17\/2016\/03\/IMG_4967.jpg 1600w\" sizes=\"auto, (max-width: 300px) 100vw, 300px\" \/><\/a>   <a href=\"https:\/\/diocesanos.es\/blogs\/leotic\/wp-content\/uploads\/sites\/17\/2016\/03\/IMG_4987.jpg\" rel=\"attachment wp-att-2109\"><img loading=\"lazy\" decoding=\"async\" class=\"size-medium wp-image-2109 alignright\" src=\"https:\/\/diocesanos.es\/blogs\/leotic\/wp-content\/uploads\/sites\/17\/2016\/03\/IMG_4987-300x169.jpg\" alt=\"IMG_4987\" width=\"300\" height=\"169\" srcset=\"https:\/\/diocesanos.es\/blogs\/leotic\/wp-content\/uploads\/sites\/17\/2016\/03\/IMG_4987-300x169.jpg 300w, https:\/\/diocesanos.es\/blogs\/leotic\/wp-content\/uploads\/sites\/17\/2016\/03\/IMG_4987-768x432.jpg 768w, https:\/\/diocesanos.es\/blogs\/leotic\/wp-content\/uploads\/sites\/17\/2016\/03\/IMG_4987-1024x576.jpg 1024w, https:\/\/diocesanos.es\/blogs\/leotic\/wp-content\/uploads\/sites\/17\/2016\/03\/IMG_4987-409x230.jpg 409w, https:\/\/diocesanos.es\/blogs\/leotic\/wp-content\/uploads\/sites\/17\/2016\/03\/IMG_4987.jpg 1600w\" sizes=\"auto, (max-width: 300px) 100vw, 300px\" \/><\/a><\/p>\n<p style=\"text-align: center\"><span style=\"color: #000080\"><span style=\"font-size: xx-large\"><a id=\"0\"><\/a>\u00cdNDICE DE CONTENIDOS<\/span><\/span><\/p>\n<p>&nbsp;<\/p>\n<h2 style=\"text-align: left\"><span style=\"color: #000080\"><a style=\"color: #000080\" href=\"#1\">1.- Los gentilicios<\/a><\/span><br \/>\n<span style=\"color: #000080\"> <a style=\"color: #000080\" href=\"#2\">2.- Conociendo a Platero<\/a><\/span><br \/>\n<span style=\"color: #000080\"> <a style=\"color: #000080\" href=\"#3\">3.- Consejos para lograr ni\u00f1os lectores<\/a><\/span><br \/>\n<span style=\"color: #000080\"> <a style=\"color: #000080\" href=\"#4\">4.- Semana de la Lectura<\/a><\/span><br \/>\n<span style=\"color: #000080\"> <a style=\"color: #000080\" href=\"#5\">5.- Nuestros libros de lectura<\/a><\/span><br \/>\n<span style=\"color: #000080\"> <a style=\"color: #000080\" href=\"#6\">6.- Jugamos con la Ortograf\u00eda<\/a><\/span><\/h2>\n<p>&nbsp;<\/p>\n<hr style=\"color: #5959aa\" width=\"50%\" size=\"5\" noshade=\"noshade\" align=\"center\">\n<p>&nbsp;<\/p>\n<h1 style=\"text-align: center\"><span style=\"color: #333399\"><strong>Los gentilicios<\/strong><\/span><\/h1>\n<h3 style=\"text-align: center\"><strong><em>Jugamos con los gentilicios <\/em><\/strong><\/h3>\n<h1><a id=\"1\" href=\"http:\/\/www.educaplay.com\/es\/recursoseducativos\/915320\/lengua_4__primaria__unidad_1__gentilicios___ciudades_espanolas_.htm\"><img loading=\"lazy\" decoding=\"async\" class=\"details-image alignleft\" src=\"https:\/\/diocesanos.es\/blogs\/leotic\/wp-content\/uploads\/sites\/17\/2015\/02\/imagen1.png\" alt=\"\" width=\"246\" height=\"250\"><\/a><\/h1>\n<p>&nbsp;<\/p>\n<p>&nbsp;<\/p>\n<h3 style=\"text-align: left\"><\/h3>\n<h3 style=\"text-align: left\"><\/h3>\n<h3 style=\"text-align: left\"><\/h3>\n<h3 style=\"text-align: center\"><\/h3>\n<p style=\"text-align: center\"><span style=\"text-decoration: underline\"><strong><a href=\"#0\"><img loading=\"lazy\" decoding=\"async\" class=\" wp-image-966 aligncenter\" src=\"https:\/\/diocesanos.es\/blogs\/leotic\/wp-content\/uploads\/sites\/17\/2015\/02\/up.png\" alt=\"up\" width=\"34\" height=\"34\"><\/a><\/strong><\/span><a href=\"https:\/\/diocesanos.es\/blogs\/leotic\/wp-content\/uploads\/sites\/17\/2015\/02\/up.png\">Indice<\/a><\/p>\n<p>&nbsp;<\/p>\n<p style=\"text-align: center\"><a id=\"2\"><\/a> <span style=\"color: #333399\"><strong><span style=\"font-size: xx-large\">Conociendo a Platero<\/span><\/strong><\/span><\/p>\n<p style=\"text-align: justify\"><a href=\"http:\/\/www.juntadeandalucia.es\/averroes\/ricardoleon\/trabajostic06\/platero\/platero\/sc.html\" target=\"_blank\" rel=\"noopener\"><img loading=\"lazy\" decoding=\"async\" class=\" wp-image-824 alignright\" src=\"https:\/\/diocesanos.es\/blogs\/leotic\/wp-content\/uploads\/sites\/17\/2015\/03\/platero02-300x224.png\" alt=\"platero02\" width=\"207\" height=\"154\" srcset=\"https:\/\/diocesanos.es\/blogs\/leotic\/wp-content\/uploads\/sites\/17\/2015\/03\/platero02-300x224.png 300w, https:\/\/diocesanos.es\/blogs\/leotic\/wp-content\/uploads\/sites\/17\/2015\/03\/platero02-308x230.png 308w, https:\/\/diocesanos.es\/blogs\/leotic\/wp-content\/uploads\/sites\/17\/2015\/03\/platero02.png 370w\" sizes=\"auto, (max-width: 207px) 100vw, 207px\" \/><\/a>Haciendo click en la imagen podr\u00e9is conocer algunas de las aventuras que Juan Ram\u00f3n Jim\u00e9nez nos relata sobre el borriquito Platero. Gracias a obras como Platero y Yo, Juan Ram\u00f3n Jim\u00e9nez consigui\u00f3 el premio nobel de literatura en el a\u00f1o 1964, siendo uno de los pocos autores espa\u00f1oles que lo han conseguido. \u00a1entra en la p\u00e1gina! y con sus actividades comprobar\u00e1s lo divertida que es la historia del borriquillo Platero.<\/p>\n<p>&nbsp;<\/p>\n<p style=\"text-align: center\"><span style=\"text-decoration: underline\"><strong><a href=\"#0\"><img loading=\"lazy\" decoding=\"async\" class=\" wp-image-966 aligncenter\" src=\"https:\/\/diocesanos.es\/blogs\/leotic\/wp-content\/uploads\/sites\/17\/2015\/02\/up.png\" alt=\"up\" width=\"34\" height=\"34\"><\/a><\/strong><\/span><a href=\"https:\/\/diocesanos.es\/blogs\/leotic\/wp-content\/uploads\/sites\/17\/2015\/02\/up.png\">Indice<\/a><\/p>\n<p>&nbsp;<\/p>\n<h2 style=\"text-align: center\"><span style=\"color: #0000ff\"> <a name=\"3\"><\/a> <span style=\"color: #333399\">Consejos para lograr ni\u00f1os lectores<\/span><\/span><\/h2>\n<p style=\"text-align: center\"><span style=\"color: #ff6600\"> 1- En contacto con los libros desde su concepci\u00f3n.<\/span><br \/>\n<span style=\"color: #ff6600\">2- Transmitir con el ejemplo <\/span><br \/>\nA padres lectores, hijos lectores: El ni\u00f1o tiene una gran capacidad de imitaci\u00f3n, por eso, leer ser\u00e1 parte de sus actividades diarias.<br \/>\nLeer es una actitud que se contagia: Cuando los padres comentan lo le\u00eddo despiertan el inter\u00e9s por la literatura pero adem\u00e1s deben compartir las lecturas de los hijos con los hijos, leer lo que ellos leen y disfrutar de esos momentos lograr\u00e1n transmitir la pasi\u00f3n lectora.<br \/>\n.<br \/>\n<span style=\"color: #ff6600\">3- Regalar libros<\/span><br \/>\nCumplea\u00f1os, Navidad, D\u00eda del Ni\u00f1o o cualquier ocasi\u00f3n especial es buena para regalar un libro, lo importante es que el ni\u00f1o se acostumbre a recibirlos como recibe un juguete o un dulce, es decir, que sea algo normal.<br \/>\n.<br \/>\n<span style=\"color: #ff6600\">4- No aburrir a los ni\u00f1os<\/span><br \/>\nDebemos seleccionar los libros de acuerdo a las edades de los ni\u00f1os ya que muchas veces en el af\u00e1n de darles mayor calidad s\u00f3lo conseguimos aburrirlos con largas descripciones o lenguajes inadecuados. La lectura debe ser \u00e1gil y din\u00e1mica (no r\u00e1pida) para lograr que el ni\u00f1o descubra en ella una manera de disfrutar diferente.<br \/>\n.<br \/>\n<span style=\"color: #ff6600\">5- No confundir \u201cel placer de leer\u201d con un curso de \u201ccomprensi\u00f3n lectora\u201d<\/span><br \/>\nEl ni\u00f1o que lee por placer no puede ser sometido a un interrogatorio luego de la lectura en el que el padre o maestro trata de investigar si el ni\u00f1o comprendi\u00f3 o no. Estas actitudes como las de dejar tareas sobre la lectura hacen que el ni\u00f1o la asocie a su formaci\u00f3n acad\u00e9mica, es decir, un curso m\u00e1s que odiar.<br \/>\n.<br \/>\n<span style=\"color: #ff6600\">6- Biblioteca personal<\/span><br \/>\nAs\u00ed como el ni\u00f1o tiene una repisa o lugar para guardar sus juguetes, debe tambi\u00e9n tener un lugar para sus libros, debemos ense\u00f1arles a usarlos y organizarlos (sea por tema, favoritos, cuentos, poemas, etc.) Esta biblioteca deber\u00e1 ir increment\u00e1ndose conforme el ni\u00f1o va creciendo.<br \/>\n.<br \/>\n<span style=\"color: #ff6600\">7- Lectura y comunicaci\u00f3n<\/span><br \/>\nIr juntos a la biblioteca y a las librer\u00edas, hablar de sus preferencias lectoras, seleccionando los libros junto con ellos pero sobre todo dialogando sobre lo le\u00eddo. No, como ya dijimos, haciendo un interrogatorio de comprensi\u00f3n lectora o capacidad memor\u00edstica sino analizando las actitudes de los personajes, el mensaje del cuento, etc.<br \/>\n.<br \/>\n<span style=\"color: #ff6600\">8- Los cuentos m\u00e1s adecuados seg\u00fan su edad<\/span><br \/>\nDe 9 en adelante: Los ni\u00f1os tienen unas preferencias y las ni\u00f1as otras. Es el momento de dejar que elijan sus lecturas. Ambos gustar\u00e1n de Mitos, Leyendas, F\u00e1bulas y Ciencia Ficci\u00f3n pero las ni\u00f1as se inclinar\u00e1n hacia lo sentimental mientras que los ni\u00f1os lo har\u00e1n hacia las aventuras realistas.<br \/>\n.<br \/>\n<span style=\"color: #ff6600\">9- Todo con amor<\/span><br \/>\nFinalmente el m\u00e1s importante de los consejos: H\u00e1galo siempre con amor.<br \/>\nSin prisa, sin interrupciones, dejando ver al ni\u00f1o lo importante que es para usted compartir estos momentos de lectura porque usted tambi\u00e9n los disfruta.<br \/>\n.<\/p>\n<p>&nbsp;<\/p>\n<p>&nbsp;<\/p>\n<p style=\"text-align: center\"><span style=\"text-decoration: underline\"><strong><a href=\"#0\"><img loading=\"lazy\" decoding=\"async\" class=\" wp-image-966 aligncenter\" src=\"https:\/\/diocesanos.es\/blogs\/leotic\/wp-content\/uploads\/sites\/17\/2015\/02\/up.png\" alt=\"up\" width=\"34\" height=\"34\"><\/a><\/strong><\/span><a href=\"https:\/\/diocesanos.es\/blogs\/leotic\/wp-content\/uploads\/sites\/17\/2015\/02\/up.png\">Indice<\/a><\/p>\n<h1 style=\"text-align: center\"><span style=\"color: #333399\">SEMANA DE LA LECTURA<\/span><\/h1>\n<p><a id=\"4\"><\/a><a href=\"https:\/\/diocesanos.es\/blogs\/leotic\/wp-content\/uploads\/sites\/17\/2015\/02\/libro1.png\"><img loading=\"lazy\" decoding=\"async\" class=\" wp-image-23 alignleft\" src=\"https:\/\/diocesanos.es\/blogs\/leotic\/wp-content\/uploads\/sites\/17\/2015\/02\/libro1.png\" alt=\"libro1\" width=\"136\" height=\"158\"><\/a>Durante esta semana realizaremos las siguientes actividades:<\/p>\n<p>-Teatro en ingl\u00e9s.<\/p>\n<p>-Realizaci\u00f3n de cuentos.<\/p>\n<p>-Los alumnos narrar\u00e1n los cuentos escritos a sus compa\u00f1eros.<\/p>\n<p>-Exposiciones orales: Cada alumno elige un tema y lo expondr\u00e1 al resto de los compa\u00f1eros apoy\u00e1ndose con murales, medios digitales&#8230;.(Estas exposiciones se empezar\u00e1n en esta semana y se ir\u00e1n terminando<a href=\"https:\/\/diocesanos.es\/blogs\/leotic\/wp-content\/uploads\/sites\/17\/2015\/04\/nino1.png\"><img loading=\"lazy\" decoding=\"async\" class=\" wp-image-1180 alignright\" src=\"https:\/\/diocesanos.es\/blogs\/leotic\/wp-content\/uploads\/sites\/17\/2015\/04\/nino1-300x300.png\" alt=\"nino\" width=\"218\" height=\"218\" srcset=\"https:\/\/diocesanos.es\/blogs\/leotic\/wp-content\/uploads\/sites\/17\/2015\/04\/nino1-300x300.png 300w, https:\/\/diocesanos.es\/blogs\/leotic\/wp-content\/uploads\/sites\/17\/2015\/04\/nino1-150x150.png 150w, https:\/\/diocesanos.es\/blogs\/leotic\/wp-content\/uploads\/sites\/17\/2015\/04\/nino1-230x230.png 230w, https:\/\/diocesanos.es\/blogs\/leotic\/wp-content\/uploads\/sites\/17\/2015\/04\/nino1.png 400w\" sizes=\"auto, (max-width: 218px) 100vw, 218px\" \/><\/a> en las siguientes unidades.<\/p>\n<p>-Lecturas escenificadas.<\/p>\n<p>-Compresiones lectoras.<\/p>\n<p>-Actividades l\u00fadicas digitales.<\/p>\n<p>-Inventaremos poes\u00edas utilizando metodolog\u00edas cooperativas.<\/p>\n<p>-Juegos divertidos para fomentar la lectura:<\/p>\n<p>&nbsp;<\/p>\n<p>&nbsp;<\/p>\n<p style=\"text-align: center\"><span style=\"text-decoration: underline\"><strong><a href=\"#0\"><img loading=\"lazy\" decoding=\"async\" class=\" wp-image-966 aligncenter\" src=\"https:\/\/diocesanos.es\/blogs\/leotic\/wp-content\/uploads\/sites\/17\/2015\/02\/up.png\" alt=\"up\" width=\"34\" height=\"34\"><\/a><\/strong><\/span><a href=\"https:\/\/diocesanos.es\/blogs\/leotic\/wp-content\/uploads\/sites\/17\/2015\/02\/up.png\">Indice<\/a><\/p>\n<h2 style=\"text-align: center\"><a id=\"5\"><\/a> <span style=\"color: #333399\">Nuestros libros de lectura<\/span><\/h2>\n<p>&nbsp;<\/p>\n<table style=\"height: 209px;border-color: #F2F2F2;background-color: #f2f2f2\" width=\"453\">\n<tbody>\n<tr>\n<td style=\"border-color: #f2f2f2;background-color: #f2f2f2\"><img loading=\"lazy\" decoding=\"async\" class=\" wp-image-1209 aligncenter\" src=\"https:\/\/diocesanos.es\/blogs\/leotic\/wp-content\/uploads\/sites\/17\/2015\/04\/9788466742955-218x300.jpg\" alt=\"9788466742955\" width=\"128\" height=\"176\" srcset=\"https:\/\/diocesanos.es\/blogs\/leotic\/wp-content\/uploads\/sites\/17\/2015\/04\/9788466742955-218x300.jpg 218w, https:\/\/diocesanos.es\/blogs\/leotic\/wp-content\/uploads\/sites\/17\/2015\/04\/9788466742955-745x1024.jpg 745w, https:\/\/diocesanos.es\/blogs\/leotic\/wp-content\/uploads\/sites\/17\/2015\/04\/9788466742955-167x230.jpg 167w, https:\/\/diocesanos.es\/blogs\/leotic\/wp-content\/uploads\/sites\/17\/2015\/04\/9788466742955.jpg 1000w\" sizes=\"auto, (max-width: 128px) 100vw, 128px\" \/><\/td>\n<td style=\"border-color: #f2f2f2;background-color: #f2f2f2\">\n<h2><img loading=\"lazy\" decoding=\"async\" class=\" wp-image-1213 aligncenter\" src=\"https:\/\/diocesanos.es\/blogs\/leotic\/wp-content\/uploads\/sites\/17\/2015\/04\/9788421698037.jpg\" alt=\"9788421698037\" width=\"126\" height=\"176\"><\/h2>\n<\/td>\n<td style=\"border-color: #f2f2f2;background-color: #f2f2f2\"><img loading=\"lazy\" decoding=\"async\" class=\" wp-image-1211 aligncenter\" src=\"https:\/\/diocesanos.es\/blogs\/leotic\/wp-content\/uploads\/sites\/17\/2015\/04\/Toc-toc-felicidades-4-i1n57483.jpg\" alt=\"Toc-toc-felicidades-4-i1n57483\" width=\"140\" height=\"194\" srcset=\"https:\/\/diocesanos.es\/blogs\/leotic\/wp-content\/uploads\/sites\/17\/2015\/04\/Toc-toc-felicidades-4-i1n57483.jpg 175w, https:\/\/diocesanos.es\/blogs\/leotic\/wp-content\/uploads\/sites\/17\/2015\/04\/Toc-toc-felicidades-4-i1n57483-166x230.jpg 166w\" sizes=\"auto, (max-width: 140px) 100vw, 140px\" \/><\/td>\n<\/tr>\n<\/tbody>\n<\/table>\n<h2><\/h2>\n<p style=\"text-align: center\"><span style=\"text-decoration: underline\"><strong><a href=\"#0\"><img loading=\"lazy\" decoding=\"async\" class=\" wp-image-966 aligncenter\" src=\"https:\/\/diocesanos.es\/blogs\/leotic\/wp-content\/uploads\/sites\/17\/2015\/02\/up.png\" alt=\"up\" width=\"34\" height=\"34\"><\/a><\/strong><\/span><a href=\"https:\/\/diocesanos.es\/blogs\/leotic\/wp-content\/uploads\/sites\/17\/2015\/02\/up.png\">Indice<\/a><\/p>\n<h2 style=\"text-align: center\"><a id=\"6\"><\/a><span style=\"color: #333399\">Jugamos con la ortograf\u00eda<\/span><\/h2>\n<h2><a title=\"Ortograf\u00eda\" href=\"http:\/\/www.juntadeandalucia.es\/averroes\/~cepco3\/escuelatic2.0\/MATERIAL\/FLASH\/Lengua\/Ortograf%C3%ADa%20de%20la%20V%20y%20la%20B.swf\"><img loading=\"lazy\" decoding=\"async\" class=\" wp-image-1299 alignleft\" src=\"https:\/\/diocesanos.es\/blogs\/leotic\/wp-content\/uploads\/sites\/17\/2015\/04\/images4.png\" alt=\"images4\" width=\"189\" height=\"239\" srcset=\"https:\/\/diocesanos.es\/blogs\/leotic\/wp-content\/uploads\/sites\/17\/2015\/04\/images4.png 199w, https:\/\/diocesanos.es\/blogs\/leotic\/wp-content\/uploads\/sites\/17\/2015\/04\/images4-182x230.png 182w\" sizes=\"auto, (max-width: 189px) 100vw, 189px\" \/><\/a><\/h2>\n<p>&nbsp;<\/p>\n<p>&nbsp;<\/p>\n<p>&nbsp;<\/p>\n<p>&nbsp;<\/p>\n<p>&nbsp;<\/p>\n<p>&nbsp;<\/p>\n<p>&nbsp;<\/p>\n<p>&nbsp;<\/p>\n<p style=\"text-align: center\"><span style=\"text-decoration: underline\"><strong><a href=\"#0\"><img loading=\"lazy\" decoding=\"async\" class=\" wp-image-966 aligncenter\" src=\"https:\/\/diocesanos.es\/blogs\/leotic\/wp-content\/uploads\/sites\/17\/2015\/02\/up.png\" alt=\"up\" width=\"34\" height=\"34\"><\/a><\/strong><\/span><a href=\"https:\/\/diocesanos.es\/blogs\/leotic\/wp-content\/uploads\/sites\/17\/2015\/02\/up.png\">Indice<\/a><\/p>\n","protected":false},"excerpt":{"rendered":"<p>&nbsp; \u00abCuanto menos se lee, m\u00e1s da\u00f1o hace lo que se lee.\u00bb Miguel de Unamuno (1864-1936) Fil\u00f3sofo y escritor espa\u00f1ol.<\/p>\n","protected":false},"author":33,"featured_media":0,"parent":2350,"menu_order":4,"comment_status":"closed","ping_status":"closed","template":"","meta":{"footnotes":""},"class_list":["post-30","page","type-page","status-publish","hentry"],"_links":{"self":[{"href":"https:\/\/diocesanos.es\/blogs\/leotic\/wp-json\/wp\/v2\/pages\/30","targetHints":{"allow":["GET"]}}],"collection":[{"href":"https:\/\/diocesanos.es\/blogs\/leotic\/wp-json\/wp\/v2\/pages"}],"about":[{"href":"https:\/\/diocesanos.es\/blogs\/leotic\/wp-json\/wp\/v2\/types\/page"}],"author":[{"embeddable":true,"href":"https:\/\/diocesanos.es\/blogs\/leotic\/wp-json\/wp\/v2\/users\/33"}],"replies":[{"embeddable":true,"href":"https:\/\/diocesanos.es\/blogs\/leotic\/wp-json\/wp\/v2\/comments?post=30"}],"version-history":[{"count":7,"href":"https:\/\/diocesanos.es\/blogs\/leotic\/wp-json\/wp\/v2\/pages\/30\/revisions"}],"predecessor-version":[{"id":2357,"href":"https:\/\/diocesanos.es\/blogs\/leotic\/wp-json\/wp\/v2\/pages\/30\/revisions\/2357"}],"up":[{"embeddable":true,"href":"https:\/\/diocesanos.es\/blogs\/leotic\/wp-json\/wp\/v2\/pages\/2350"}],"wp:attachment":[{"href":"https:\/\/diocesanos.es\/blogs\/leotic\/wp-json\/wp\/v2\/media?parent=30"}],"curies":[{"name":"wp","href":"https:\/\/api.w.org\/{rel}","templated":true}]}}