{"id":2238,"date":"2016-05-30T16:32:25","date_gmt":"2016-05-30T14:32:25","guid":{"rendered":"https:\/\/diocesanos.es\/blogs\/leotic\/?page_id=2238"},"modified":"2016-05-30T16:32:25","modified_gmt":"2016-05-30T14:32:25","slug":"una-entrevista-en-el-colegio","status":"publish","type":"page","link":"https:\/\/diocesanos.es\/blogs\/leotic\/primero-primamos-primaria\/plan-lector-de-4o-curso-de-primaria\/una-entrevista-en-el-colegio\/","title":{"rendered":"Una entrevista en el Colegio"},"content":{"rendered":"<p style=\"text-align: justify\">Las alumnas <strong>Carla, Roc\u00edo, Guiomar, Carmen y Violeta<\/strong>, de <strong>4\u00ba A de Primaria<\/strong>, guiadas y tutorizadas\u00a0por su profesora <strong>Anastasia,<\/strong> han elaborado\u00a0un excepcional trabajo en clase de Lengua.<\/p>\n<p style=\"text-align: justify\">En la unidad did\u00e1ctica n\u00famero 11 ten\u00edan que realizar la actividad titulada \u00abUna entrevista en el Colegio\u00bb, y se les ha ocurrido\u00a0la genial idea de hacer esta entrevista en formato <strong><em>Telediario<\/em><\/strong>.<\/p>\n<p style=\"text-align: justify\">Puedes verlo porque acabamos de subirlo a nuestro canal de YouTube.<\/p>\n<p style=\"text-align: justify\">\u00a1Te encantar\u00e1!<\/p>\n<p style=\"text-align: justify\">Enhorabuena por vuestro ingenio y vuestro trabajo.<\/p>\n<p><iframe loading=\"lazy\" title=\"Colegio Diocesano Asunci\u00f3n de Nuestra Se\u00f1ora. \u00c1vila\" width=\"500\" height=\"281\" src=\"https:\/\/www.youtube.com\/embed\/YwJ0K-D0rv8?feature=oembed\" frameborder=\"0\" allow=\"accelerometer; autoplay; clipboard-write; encrypted-media; gyroscope; picture-in-picture; web-share\" referrerpolicy=\"strict-origin-when-cross-origin\" allowfullscreen><\/iframe><\/p>\n","protected":false},"excerpt":{"rendered":"<p>Las alumnas Carla, Roc\u00edo, Guiomar, Carmen y Violeta, de 4\u00ba A de Primaria, guiadas y tutorizadas\u00a0por su profesora Anastasia, han elaborado\u00a0un excepcional trabajo en clase de Lengua. En la unidad did\u00e1ctica n\u00famero 11 ten\u00edan que realizar la actividad titulada \u00abUna entrevista en el Colegio\u00bb, y se les ha ocurrido\u00a0la genial idea de hacer esta entrevista [&hellip;]<\/p>\n","protected":false},"author":35,"featured_media":0,"parent":30,"menu_order":0,"comment_status":"closed","ping_status":"closed","template":"","meta":{"footnotes":""},"class_list":["post-2238","page","type-page","status-publish","hentry"],"_links":{"self":[{"href":"https:\/\/diocesanos.es\/blogs\/leotic\/wp-json\/wp\/v2\/pages\/2238","targetHints":{"allow":["GET"]}}],"collection":[{"href":"https:\/\/diocesanos.es\/blogs\/leotic\/wp-json\/wp\/v2\/pages"}],"about":[{"href":"https:\/\/diocesanos.es\/blogs\/leotic\/wp-json\/wp\/v2\/types\/page"}],"author":[{"embeddable":true,"href":"https:\/\/diocesanos.es\/blogs\/leotic\/wp-json\/wp\/v2\/users\/35"}],"replies":[{"embeddable":true,"href":"https:\/\/diocesanos.es\/blogs\/leotic\/wp-json\/wp\/v2\/comments?post=2238"}],"version-history":[{"count":1,"href":"https:\/\/diocesanos.es\/blogs\/leotic\/wp-json\/wp\/v2\/pages\/2238\/revisions"}],"predecessor-version":[{"id":2239,"href":"https:\/\/diocesanos.es\/blogs\/leotic\/wp-json\/wp\/v2\/pages\/2238\/revisions\/2239"}],"up":[{"embeddable":true,"href":"https:\/\/diocesanos.es\/blogs\/leotic\/wp-json\/wp\/v2\/pages\/30"}],"wp:attachment":[{"href":"https:\/\/diocesanos.es\/blogs\/leotic\/wp-json\/wp\/v2\/media?parent=2238"}],"curies":[{"name":"wp","href":"https:\/\/api.w.org\/{rel}","templated":true}]}}