{"id":1820,"date":"2015-05-06T22:12:16","date_gmt":"2015-05-06T20:12:16","guid":{"rendered":"https:\/\/diocesanos.es\/blogs\/leotic\/?page_id=1820"},"modified":"2016-05-11T21:05:11","modified_gmt":"2016-05-11T19:05:11","slug":"plan-lector-de-infantil","status":"publish","type":"page","link":"https:\/\/diocesanos.es\/blogs\/leotic\/plan_lector\/plan-lector-de-infantil\/","title":{"rendered":"Plan Lector de Infantil"},"content":{"rendered":"<p>&nbsp;<\/p>\n<h1 style=\"text-align: right\"><a href=\"https:\/\/diocesanos.es\/blogs\/leotic\/wp-content\/uploads\/sites\/17\/2015\/05\/Deti-chitayut-knigi-full.png\"><img loading=\"lazy\" decoding=\"async\" class=\" wp-image-1810 aligncenter\" src=\"https:\/\/diocesanos.es\/blogs\/leotic\/wp-content\/uploads\/sites\/17\/2015\/05\/Deti-chitayut-knigi-full-300x225.png\" alt=\"Infantil_lectura\" width=\"383\" height=\"287\" srcset=\"https:\/\/diocesanos.es\/blogs\/leotic\/wp-content\/uploads\/sites\/17\/2015\/05\/Deti-chitayut-knigi-full-300x225.png 300w, https:\/\/diocesanos.es\/blogs\/leotic\/wp-content\/uploads\/sites\/17\/2015\/05\/Deti-chitayut-knigi-full-307x230.png 307w, https:\/\/diocesanos.es\/blogs\/leotic\/wp-content\/uploads\/sites\/17\/2015\/05\/Deti-chitayut-knigi-full.png 768w\" sizes=\"auto, (max-width: 383px) 100vw, 383px\" \/><\/a><\/h1>\n<h1 style=\"text-align: center\"><span style=\"color: #ff6600\"><a href=\"https:\/\/diocesanos.es\/blogs\/leotic\/wp-content\/uploads\/sites\/17\/2015\/05\/emoticono-y-smiley-leyendo-imagen-animada-0040.gif\"><img loading=\"lazy\" decoding=\"async\" class=\"alignnone size-full wp-image-1823\" src=\"https:\/\/diocesanos.es\/blogs\/leotic\/wp-content\/uploads\/sites\/17\/2015\/05\/emoticono-y-smiley-leyendo-imagen-animada-0040.gif\" alt=\"emoticono-y-smiley-leyendo-imagen-animada-0040\" width=\"45\" height=\"46\" \/><\/a> Me divierto leyendo <a href=\"https:\/\/diocesanos.es\/blogs\/leotic\/wp-content\/uploads\/sites\/17\/2015\/05\/emoticono-y-smiley-leyendo-imagen-animada-0013.gif\"><img loading=\"lazy\" decoding=\"async\" class=\"alignnone size-full wp-image-1824\" src=\"https:\/\/diocesanos.es\/blogs\/leotic\/wp-content\/uploads\/sites\/17\/2015\/05\/emoticono-y-smiley-leyendo-imagen-animada-0013.gif\" alt=\"emoticono-y-smiley-leyendo-imagen-animada-0013\" width=\"37\" height=\"34\" \/><\/a><\/span><\/h1>\n<p style=\"text-align: center\"><span style=\"color: #000080\">TAN SENCILLO COMO UN CUENTO<\/span><\/p>\n<p>&nbsp;<\/p>\n<p>La animaci\u00f3n a la lectura supone un recurso de primer orden para fomentar en los ni\u00f1os y ni\u00f1as la creatividad, la imaginaci\u00f3n, la educaci\u00f3n en valores, la expresi\u00f3n dram\u00e1tica y oral&#8230;siendo un importante instrumento para las futuras habilidades sociales.<\/p>\n<p>Algo tan sencillo como un cuento ayuda al ni\u00f1o de educaci\u00f3n infantil en su desarrollo evolutivo, siendo un recurso excepcional para el desarrollo sensorial, cognitivo, psicomotor, social y afectivo.<\/p>\n<p>El cuento debe ocupar un lugar primordial en el d\u00eda a d\u00eda de los m\u00e1s peque\u00f1os.<\/p>\n<p>&nbsp;<\/p>\n<p><span style=\"color: #000080\">LA JIRAFA TIMOTEA: Cuento sobre el rechazo<\/span><\/p>\n<p><a href=\"https:\/\/diocesanos.es\/blogs\/leotic\/wp-content\/uploads\/sites\/17\/2015\/05\/9788467504415.jpg\"><img loading=\"lazy\" decoding=\"async\" class=\"alignnone size-medium wp-image-1864\" src=\"https:\/\/diocesanos.es\/blogs\/leotic\/wp-content\/uploads\/sites\/17\/2015\/05\/9788467504415-300x300.jpg\" alt=\"9788467504415\" width=\"300\" height=\"300\" srcset=\"https:\/\/diocesanos.es\/blogs\/leotic\/wp-content\/uploads\/sites\/17\/2015\/05\/9788467504415-300x300.jpg 300w, https:\/\/diocesanos.es\/blogs\/leotic\/wp-content\/uploads\/sites\/17\/2015\/05\/9788467504415-150x150.jpg 150w, https:\/\/diocesanos.es\/blogs\/leotic\/wp-content\/uploads\/sites\/17\/2015\/05\/9788467504415-229x230.jpg 229w\" sizes=\"auto, (max-width: 300px) 100vw, 300px\" \/><\/a><\/p>\n<p style=\"text-align: right\"><span style=\"color: #000080\">\u00a1YO SOY MAYOR!: Cuento sobre los celos<\/span><\/p>\n<p><a href=\"https:\/\/diocesanos.es\/blogs\/leotic\/wp-content\/uploads\/sites\/17\/2015\/05\/81Slv-n9XjL.jpg\"><img loading=\"lazy\" decoding=\"async\" class=\" size-medium wp-image-1871 alignright\" src=\"https:\/\/diocesanos.es\/blogs\/leotic\/wp-content\/uploads\/sites\/17\/2015\/05\/81Slv-n9XjL-300x300.jpg\" alt=\"81Slv+n9XjL\" width=\"300\" height=\"300\" srcset=\"https:\/\/diocesanos.es\/blogs\/leotic\/wp-content\/uploads\/sites\/17\/2015\/05\/81Slv-n9XjL-300x300.jpg 300w, https:\/\/diocesanos.es\/blogs\/leotic\/wp-content\/uploads\/sites\/17\/2015\/05\/81Slv-n9XjL-150x150.jpg 150w, https:\/\/diocesanos.es\/blogs\/leotic\/wp-content\/uploads\/sites\/17\/2015\/05\/81Slv-n9XjL-1024x1024.jpg 1024w, https:\/\/diocesanos.es\/blogs\/leotic\/wp-content\/uploads\/sites\/17\/2015\/05\/81Slv-n9XjL-230x230.jpg 230w, https:\/\/diocesanos.es\/blogs\/leotic\/wp-content\/uploads\/sites\/17\/2015\/05\/81Slv-n9XjL.jpg 1303w\" sizes=\"auto, (max-width: 300px) 100vw, 300px\" \/><\/a><\/p>\n<p>&nbsp;<\/p>\n<p>&nbsp;<\/p>\n<p>&nbsp;<\/p>\n<p>&nbsp;<\/p>\n<p>&nbsp;<\/p>\n<p>&nbsp;<\/p>\n<p>&nbsp;<\/p>\n<p>&nbsp;<\/p>\n<p><span style=\"color: #000080\">SEMANA CON DON QUIJOTE DE LA MANCHA<\/span><\/p>\n<p>&nbsp;<br \/>\n<a href=\"https:\/\/diocesanos.es\/blogs\/leotic\/wp-content\/uploads\/sites\/17\/2016\/05\/20160509_172252-2.jpg\"><img loading=\"lazy\" decoding=\"async\" class=\"alignnone wp-image-2150\" src=\"https:\/\/diocesanos.es\/blogs\/leotic\/wp-content\/uploads\/sites\/17\/2016\/05\/20160509_172252-2-288x300.jpg\" alt=\"20160509_172252-2\" width=\"178\" height=\"186\" srcset=\"https:\/\/diocesanos.es\/blogs\/leotic\/wp-content\/uploads\/sites\/17\/2016\/05\/20160509_172252-2-288x300.jpg 288w, https:\/\/diocesanos.es\/blogs\/leotic\/wp-content\/uploads\/sites\/17\/2016\/05\/20160509_172252-2-768x799.jpg 768w, https:\/\/diocesanos.es\/blogs\/leotic\/wp-content\/uploads\/sites\/17\/2016\/05\/20160509_172252-2-984x1024.jpg 984w, https:\/\/diocesanos.es\/blogs\/leotic\/wp-content\/uploads\/sites\/17\/2016\/05\/20160509_172252-2-221x230.jpg 221w, https:\/\/diocesanos.es\/blogs\/leotic\/wp-content\/uploads\/sites\/17\/2016\/05\/20160509_172252-2.jpg 1673w\" sizes=\"auto, (max-width: 178px) 100vw, 178px\" \/><\/a><\/p>\n<p>Este a\u00f1o, la semana de la lectura, ha sido muy especial ya que se ha conmemorado el IV centenario de la muerte de Miguel de Cervantes y su obra m\u00e1s importante \u00abEl Quijote\u00bb.<br \/>\n\u00abEl Quijote\u00bb es un libro que trata sobre la vida de un hidalgo caballero y su fiel amigo Sancho Panza. Ambos vivieron juntos unas divertidas aventuras en las cuales fueron conociendo a diferentes personajes de la historia. Don Quijote piensa en su amada Dulcinea del Toboso, su amor plat\u00f3nico&#8230;<br \/>\nTodo esto y mucho m\u00e1s lo han trabajado los ni\u00f1os de infantil de nuestro cole.<br \/>\nLas actividades realizadas han sido:<br \/>\n-Bits sobre lo m\u00e1s destacado de la vida del \u00abQuijote\u00bb.<br \/>\n-Poes\u00eda \u00bb Aleluyas del Quijote\u00bb<br \/>\n&#8211; Cuentos sobre El Quijote, Sancho Panza, Dulcinea del Toboso y sobre Los Molinos.<br \/>\n-Entrega de Diplomas \u00abDon Quijotito\u00bb<\/p>\n<p>&nbsp;<\/p>\n<p><a href=\"https:\/\/diocesanos.es\/blogs\/leotic\/wp-content\/uploads\/sites\/17\/2016\/05\/20160509_172602.jpg\"><img loading=\"lazy\" decoding=\"async\" class=\"alignnone size-medium wp-image-2151\" src=\"https:\/\/diocesanos.es\/blogs\/leotic\/wp-content\/uploads\/sites\/17\/2016\/05\/20160509_172602-169x300.jpg\" alt=\"20160509_172602\" width=\"169\" height=\"300\" srcset=\"https:\/\/diocesanos.es\/blogs\/leotic\/wp-content\/uploads\/sites\/17\/2016\/05\/20160509_172602-169x300.jpg 169w, https:\/\/diocesanos.es\/blogs\/leotic\/wp-content\/uploads\/sites\/17\/2016\/05\/20160509_172602-768x1365.jpg 768w, https:\/\/diocesanos.es\/blogs\/leotic\/wp-content\/uploads\/sites\/17\/2016\/05\/20160509_172602-576x1024.jpg 576w, https:\/\/diocesanos.es\/blogs\/leotic\/wp-content\/uploads\/sites\/17\/2016\/05\/20160509_172602-129x230.jpg 129w, https:\/\/diocesanos.es\/blogs\/leotic\/wp-content\/uploads\/sites\/17\/2016\/05\/20160509_172602.jpg 1836w\" sizes=\"auto, (max-width: 169px) 100vw, 169px\" \/><\/a> <a href=\"https:\/\/diocesanos.es\/blogs\/leotic\/wp-content\/uploads\/sites\/17\/2016\/05\/20160509_172627.jpg\"><img loading=\"lazy\" decoding=\"async\" class=\"alignnone size-medium wp-image-2152\" src=\"https:\/\/diocesanos.es\/blogs\/leotic\/wp-content\/uploads\/sites\/17\/2016\/05\/20160509_172627-169x300.jpg\" alt=\"20160509_172627\" width=\"169\" height=\"300\" srcset=\"https:\/\/diocesanos.es\/blogs\/leotic\/wp-content\/uploads\/sites\/17\/2016\/05\/20160509_172627-169x300.jpg 169w, https:\/\/diocesanos.es\/blogs\/leotic\/wp-content\/uploads\/sites\/17\/2016\/05\/20160509_172627-768x1365.jpg 768w, https:\/\/diocesanos.es\/blogs\/leotic\/wp-content\/uploads\/sites\/17\/2016\/05\/20160509_172627-576x1024.jpg 576w, https:\/\/diocesanos.es\/blogs\/leotic\/wp-content\/uploads\/sites\/17\/2016\/05\/20160509_172627-129x230.jpg 129w, https:\/\/diocesanos.es\/blogs\/leotic\/wp-content\/uploads\/sites\/17\/2016\/05\/20160509_172627.jpg 1836w\" sizes=\"auto, (max-width: 169px) 100vw, 169px\" \/><\/a> <a href=\"https:\/\/diocesanos.es\/blogs\/leotic\/wp-content\/uploads\/sites\/17\/2016\/05\/20160509_172741.jpg\"><img loading=\"lazy\" decoding=\"async\" class=\"alignnone size-medium wp-image-2156\" src=\"https:\/\/diocesanos.es\/blogs\/leotic\/wp-content\/uploads\/sites\/17\/2016\/05\/20160509_172741-300x169.jpg\" alt=\"20160509_172741\" width=\"300\" height=\"169\" srcset=\"https:\/\/diocesanos.es\/blogs\/leotic\/wp-content\/uploads\/sites\/17\/2016\/05\/20160509_172741-300x169.jpg 300w, https:\/\/diocesanos.es\/blogs\/leotic\/wp-content\/uploads\/sites\/17\/2016\/05\/20160509_172741-768x432.jpg 768w, https:\/\/diocesanos.es\/blogs\/leotic\/wp-content\/uploads\/sites\/17\/2016\/05\/20160509_172741-1024x576.jpg 1024w, https:\/\/diocesanos.es\/blogs\/leotic\/wp-content\/uploads\/sites\/17\/2016\/05\/20160509_172741-409x230.jpg 409w\" sizes=\"auto, (max-width: 300px) 100vw, 300px\" \/><\/a><\/p>\n<p><a href=\"https:\/\/diocesanos.es\/blogs\/leotic\/wp-content\/uploads\/sites\/17\/2016\/05\/20160509_172730.jpg\"><img loading=\"lazy\" decoding=\"async\" class=\"alignnone size-medium wp-image-2155\" src=\"https:\/\/diocesanos.es\/blogs\/leotic\/wp-content\/uploads\/sites\/17\/2016\/05\/20160509_172730-169x300.jpg\" alt=\"20160509_172730\" width=\"169\" height=\"300\" srcset=\"https:\/\/diocesanos.es\/blogs\/leotic\/wp-content\/uploads\/sites\/17\/2016\/05\/20160509_172730-169x300.jpg 169w, https:\/\/diocesanos.es\/blogs\/leotic\/wp-content\/uploads\/sites\/17\/2016\/05\/20160509_172730-768x1365.jpg 768w, https:\/\/diocesanos.es\/blogs\/leotic\/wp-content\/uploads\/sites\/17\/2016\/05\/20160509_172730-576x1024.jpg 576w, https:\/\/diocesanos.es\/blogs\/leotic\/wp-content\/uploads\/sites\/17\/2016\/05\/20160509_172730-129x230.jpg 129w, https:\/\/diocesanos.es\/blogs\/leotic\/wp-content\/uploads\/sites\/17\/2016\/05\/20160509_172730.jpg 1836w\" sizes=\"auto, (max-width: 169px) 100vw, 169px\" \/><\/a> <a href=\"https:\/\/diocesanos.es\/blogs\/leotic\/wp-content\/uploads\/sites\/17\/2016\/05\/20160509_172712.jpg\"><img loading=\"lazy\" decoding=\"async\" class=\"alignnone size-medium wp-image-2154\" src=\"https:\/\/diocesanos.es\/blogs\/leotic\/wp-content\/uploads\/sites\/17\/2016\/05\/20160509_172712-300x169.jpg\" alt=\"20160509_172712\" width=\"300\" height=\"169\" srcset=\"https:\/\/diocesanos.es\/blogs\/leotic\/wp-content\/uploads\/sites\/17\/2016\/05\/20160509_172712-300x169.jpg 300w, https:\/\/diocesanos.es\/blogs\/leotic\/wp-content\/uploads\/sites\/17\/2016\/05\/20160509_172712-768x432.jpg 768w, https:\/\/diocesanos.es\/blogs\/leotic\/wp-content\/uploads\/sites\/17\/2016\/05\/20160509_172712-1024x576.jpg 1024w, https:\/\/diocesanos.es\/blogs\/leotic\/wp-content\/uploads\/sites\/17\/2016\/05\/20160509_172712-409x230.jpg 409w\" sizes=\"auto, (max-width: 300px) 100vw, 300px\" \/><\/a> <a href=\"https:\/\/diocesanos.es\/blogs\/leotic\/wp-content\/uploads\/sites\/17\/2016\/05\/20160509_172657.jpg\"><img loading=\"lazy\" decoding=\"async\" class=\"alignnone size-medium wp-image-2153\" src=\"https:\/\/diocesanos.es\/blogs\/leotic\/wp-content\/uploads\/sites\/17\/2016\/05\/20160509_172657-300x169.jpg\" alt=\"20160509_172657\" width=\"300\" height=\"169\" srcset=\"https:\/\/diocesanos.es\/blogs\/leotic\/wp-content\/uploads\/sites\/17\/2016\/05\/20160509_172657-300x169.jpg 300w, https:\/\/diocesanos.es\/blogs\/leotic\/wp-content\/uploads\/sites\/17\/2016\/05\/20160509_172657-768x432.jpg 768w, https:\/\/diocesanos.es\/blogs\/leotic\/wp-content\/uploads\/sites\/17\/2016\/05\/20160509_172657-1024x576.jpg 1024w, https:\/\/diocesanos.es\/blogs\/leotic\/wp-content\/uploads\/sites\/17\/2016\/05\/20160509_172657-409x230.jpg 409w\" sizes=\"auto, (max-width: 300px) 100vw, 300px\" \/><\/a><\/p>\n<p><a href=\"https:\/\/diocesanos.es\/blogs\/leotic\/wp-content\/uploads\/sites\/17\/2016\/05\/20160509_173348-1.jpg\"><img loading=\"lazy\" decoding=\"async\" class=\"alignnone size-medium wp-image-2157\" src=\"https:\/\/diocesanos.es\/blogs\/leotic\/wp-content\/uploads\/sites\/17\/2016\/05\/20160509_173348-1-186x300.jpg\" alt=\"20160509_173348-1\" width=\"186\" height=\"300\" srcset=\"https:\/\/diocesanos.es\/blogs\/leotic\/wp-content\/uploads\/sites\/17\/2016\/05\/20160509_173348-1-186x300.jpg 186w, https:\/\/diocesanos.es\/blogs\/leotic\/wp-content\/uploads\/sites\/17\/2016\/05\/20160509_173348-1-768x1241.jpg 768w, https:\/\/diocesanos.es\/blogs\/leotic\/wp-content\/uploads\/sites\/17\/2016\/05\/20160509_173348-1-634x1024.jpg 634w, https:\/\/diocesanos.es\/blogs\/leotic\/wp-content\/uploads\/sites\/17\/2016\/05\/20160509_173348-1-142x230.jpg 142w, https:\/\/diocesanos.es\/blogs\/leotic\/wp-content\/uploads\/sites\/17\/2016\/05\/20160509_173348-1.jpg 1589w\" sizes=\"auto, (max-width: 186px) 100vw, 186px\" \/><\/a><\/p>\n","protected":false},"excerpt":{"rendered":"<p>&nbsp; Me divierto leyendo TAN SENCILLO COMO UN CUENTO &nbsp; La animaci\u00f3n a la lectura supone un recurso de primer orden para fomentar en los ni\u00f1os y ni\u00f1as la creatividad, la imaginaci\u00f3n, la educaci\u00f3n en valores, la expresi\u00f3n dram\u00e1tica y oral&#8230;siendo un importante instrumento para las futuras habilidades sociales. Algo tan sencillo como un cuento [&hellip;]<\/p>\n","protected":false},"author":33,"featured_media":0,"parent":2,"menu_order":0,"comment_status":"closed","ping_status":"closed","template":"","meta":{"footnotes":""},"class_list":["post-1820","page","type-page","status-publish","hentry"],"_links":{"self":[{"href":"https:\/\/diocesanos.es\/blogs\/leotic\/wp-json\/wp\/v2\/pages\/1820","targetHints":{"allow":["GET"]}}],"collection":[{"href":"https:\/\/diocesanos.es\/blogs\/leotic\/wp-json\/wp\/v2\/pages"}],"about":[{"href":"https:\/\/diocesanos.es\/blogs\/leotic\/wp-json\/wp\/v2\/types\/page"}],"author":[{"embeddable":true,"href":"https:\/\/diocesanos.es\/blogs\/leotic\/wp-json\/wp\/v2\/users\/33"}],"replies":[{"embeddable":true,"href":"https:\/\/diocesanos.es\/blogs\/leotic\/wp-json\/wp\/v2\/comments?post=1820"}],"version-history":[{"count":5,"href":"https:\/\/diocesanos.es\/blogs\/leotic\/wp-json\/wp\/v2\/pages\/1820\/revisions"}],"predecessor-version":[{"id":2174,"href":"https:\/\/diocesanos.es\/blogs\/leotic\/wp-json\/wp\/v2\/pages\/1820\/revisions\/2174"}],"up":[{"embeddable":true,"href":"https:\/\/diocesanos.es\/blogs\/leotic\/wp-json\/wp\/v2\/pages\/2"}],"wp:attachment":[{"href":"https:\/\/diocesanos.es\/blogs\/leotic\/wp-json\/wp\/v2\/media?parent=1820"}],"curies":[{"name":"wp","href":"https:\/\/api.w.org\/{rel}","templated":true}]}}