{"id":77,"date":"2017-09-11T00:50:47","date_gmt":"2017-09-11T00:50:47","guid":{"rendered":"https:\/\/diocesanos.es\/blogs\/institutotecnologico\/?page_id=77"},"modified":"2018-09-06T10:16:20","modified_gmt":"2018-09-06T10:16:20","slug":"escuela-de-drones","status":"publish","type":"page","link":"https:\/\/diocesanos.es\/blogs\/institutotecnologico\/escuela-de-drones\/","title":{"rendered":"Escuela de drones"},"content":{"rendered":"<ul>\n<li><strong>Destinatarios:<\/strong> Alumnos de 5\u00ba, 6\u00ba Ed. Primaria y Educaci\u00f3n Secundaria (E.S.O.)<\/li>\n<li><strong>Duraci\u00f3n:<\/strong> 1 hora a la semana en d\u00edas lectivos, desde el 01\/octubre\/2018 hasta el 31\/mayo\/2019. (en torno a 30 sesiones)<\/li>\n<li><strong>Cuota:<\/strong> 25\u20ac \/ mes<\/li>\n<li><strong>N\u00famero m\u00ednimo de alumnos:<\/strong> 9<\/li>\n<\/ul>\n<p>Los drones ofrecen una sorprendente perspectiva a\u00e9rea con innumerables aplicaciones que abarcan disciplinas como ciencia, tecnolog\u00eda, ingenier\u00eda y matem\u00e1ticas (STEM), as\u00ed como cine, medios de comunicaci\u00f3n y periodismo.<\/p>\n<p>Con ellos, los alumnos aprender\u00e1n movimientos direccionales en el espacio, trayectorias, etc. Se tratar\u00e1n temas como el mantenimiento de nuestros quadrac\u00f3pteros o posibles ampliaciones y mejoras que podamos integrar. Este curso est\u00e1 dise\u00f1ado para todos los niveles, desde el nivel principiante, hasta el nivel experto.<\/p>\n<table>\n<tbody>\n<tr>\n<td><a href=\"https:\/\/diocesanos.es\/blogs\/institutotecnologico\/escuela-de-drones\/11898_parrot_mambo\/\" rel=\"attachment wp-att-82\"><img loading=\"lazy\" decoding=\"async\" class=\"size-medium wp-image-82 alignleft\" src=\"https:\/\/diocesanos.es\/blogs\/institutotecnologico\/wp-content\/uploads\/sites\/42\/2017\/09\/11898_parrot_mambo-300x161.jpg\" alt=\"\" width=\"300\" height=\"161\" srcset=\"https:\/\/diocesanos.es\/blogs\/institutotecnologico\/wp-content\/uploads\/sites\/42\/2017\/09\/11898_parrot_mambo-300x161.jpg 300w, https:\/\/diocesanos.es\/blogs\/institutotecnologico\/wp-content\/uploads\/sites\/42\/2017\/09\/11898_parrot_mambo.jpg 712w\" sizes=\"auto, (max-width: 300px) 85vw, 300px\" \/><\/a><\/td>\n<td>Aprenderemos y practicaremos las diferentes t\u00e9cnicas de vuelo, as\u00ed como las maniobras m\u00e1s b\u00e1sicas, como pueden ser el despegue y el aterrizaje, hasta llegar a movimientos m\u00e1s complejos como las acrobacias o la filmaci\u00f3n de v\u00eddeo.<\/td>\n<\/tr>\n<tr>\n<td><a href=\"https:\/\/diocesanos.es\/blogs\/institutotecnologico\/escuela-de-drones\/tynker-logo-copy\/\" rel=\"attachment wp-att-83\"><img loading=\"lazy\" decoding=\"async\" class=\"size-medium wp-image-83 alignleft\" src=\"https:\/\/diocesanos.es\/blogs\/institutotecnologico\/wp-content\/uploads\/sites\/42\/2017\/09\/tynker-logo-copy-300x169.jpg\" alt=\"\" width=\"300\" height=\"169\" srcset=\"https:\/\/diocesanos.es\/blogs\/institutotecnologico\/wp-content\/uploads\/sites\/42\/2017\/09\/tynker-logo-copy-300x169.jpg 300w, https:\/\/diocesanos.es\/blogs\/institutotecnologico\/wp-content\/uploads\/sites\/42\/2017\/09\/tynker-logo-copy.jpg 678w\" sizes=\"auto, (max-width: 300px) 85vw, 300px\" \/><\/a><\/td>\n<td>Pero no todo queda aqu\u00ed: \u00a1estos minidrones se pueden programar!<\/td>\n<\/tr>\n<\/tbody>\n<\/table>\n<h2>Aspectos claves del aprendizaje:<\/h2>\n<ul>\n<li>Entre los contenidos de la actividad extraescolar drones podemos destacar la simulaci\u00f3n del vuelo, el c\u00e1lculo de distancias y la autonom\u00eda de la bater\u00eda, la normativa de seguridad o el vuelo con c\u00e1mara y de reconocimiento. En todas las actividades, y a trav\u00e9s de circuitos, la diversi\u00f3n esta asegurada.<\/li>\n<li>A trav\u00e9s de estas clases comprender\u00e1n cu\u00e1les son las cualidades de un dron, c\u00f3mo est\u00e1 compuesto, realizado y montado, de manera que, a trav\u00e9s del conocimiento de sus funciones y su conformaci\u00f3n, aprender\u00e1n a manejarlo de una manera sencilla y eficaz.<\/li>\n<\/ul>\n<h2>IMPORTANTE:<\/h2>\n<ul>\n<li>Para poder llevar a cabo la actividad de vuelo de drones, se debe realizar en un espacio cerrado, siguiendo la normativa actual.<\/li>\n<li>Las reglas para usar los drones, comprender el valor que tienen y c\u00f3mo, al ser algo delicado, necesitan ser tratados con cierto grado de responsabilidad.<\/li>\n<\/ul>\n","protected":false},"excerpt":{"rendered":"<p>Destinatarios: Alumnos de 5\u00ba, 6\u00ba Ed. Primaria y Educaci\u00f3n Secundaria (E.S.O.) Duraci\u00f3n: 1 hora a la semana en d\u00edas lectivos, desde el 01\/octubre\/2018 hasta el 31\/mayo\/2019. (en torno a 30 sesiones) Cuota: 25\u20ac \/ mes N\u00famero m\u00ednimo de alumnos: 9 Los drones ofrecen una sorprendente perspectiva a\u00e9rea con innumerables aplicaciones que abarcan disciplinas como ciencia, &hellip; <a href=\"https:\/\/diocesanos.es\/blogs\/institutotecnologico\/escuela-de-drones\/\" class=\"more-link\">Continuar leyendo<span class=\"screen-reader-text\"> \u00abEscuela de drones\u00bb<\/span><\/a><\/p>\n","protected":false},"author":107,"featured_media":0,"parent":0,"menu_order":0,"comment_status":"closed","ping_status":"closed","template":"","meta":{"footnotes":""},"class_list":["post-77","page","type-page","status-publish","hentry"],"_links":{"self":[{"href":"https:\/\/diocesanos.es\/blogs\/institutotecnologico\/wp-json\/wp\/v2\/pages\/77","targetHints":{"allow":["GET"]}}],"collection":[{"href":"https:\/\/diocesanos.es\/blogs\/institutotecnologico\/wp-json\/wp\/v2\/pages"}],"about":[{"href":"https:\/\/diocesanos.es\/blogs\/institutotecnologico\/wp-json\/wp\/v2\/types\/page"}],"author":[{"embeddable":true,"href":"https:\/\/diocesanos.es\/blogs\/institutotecnologico\/wp-json\/wp\/v2\/users\/107"}],"replies":[{"embeddable":true,"href":"https:\/\/diocesanos.es\/blogs\/institutotecnologico\/wp-json\/wp\/v2\/comments?post=77"}],"version-history":[{"count":5,"href":"https:\/\/diocesanos.es\/blogs\/institutotecnologico\/wp-json\/wp\/v2\/pages\/77\/revisions"}],"predecessor-version":[{"id":119,"href":"https:\/\/diocesanos.es\/blogs\/institutotecnologico\/wp-json\/wp\/v2\/pages\/77\/revisions\/119"}],"wp:attachment":[{"href":"https:\/\/diocesanos.es\/blogs\/institutotecnologico\/wp-json\/wp\/v2\/media?parent=77"}],"curies":[{"name":"wp","href":"https:\/\/api.w.org\/{rel}","templated":true}]}}