{"id":61,"date":"2017-09-11T00:28:54","date_gmt":"2017-09-11T00:28:54","guid":{"rendered":"https:\/\/diocesanos.es\/blogs\/institutotecnologico\/?page_id=61"},"modified":"2018-09-06T10:23:38","modified_gmt":"2018-09-06T10:23:38","slug":"robotica-iii-avanzado","status":"publish","type":"page","link":"https:\/\/diocesanos.es\/blogs\/institutotecnologico\/robotica-iii-avanzado\/","title":{"rendered":"Rob\u00f3tica III \u2013 Avanzado"},"content":{"rendered":"<ul>\n<li><strong>Destinatarios:<\/strong> Alumnos de Educaci\u00f3n Secundaria (E.S.O.)<\/li>\n<li><strong>Duraci\u00f3n:<\/strong> 1 hora a la semana en d\u00edas lectivos, desde el 01\/octubre\/2018 hasta el 31\/mayo\/2019. (en torno a 30 sesiones)<\/li>\n<li><strong>Cuota reducida:<\/strong> 30\u20ac \/ mes<\/li>\n<li><strong>N\u00famero m\u00ednimo de alumnos:<\/strong> 9<\/li>\n<\/ul>\n<hr \/>\n<p>Dise\u00f1a, construye y programa tu propio robot que podr\u00e1s llevarte al finalizar el curso. Se trabajan aspectos multidisciplinares dentro del \u00e1mbito de la ciencia, la manufactura, tecnolog\u00eda, matem\u00e1ticas, dise\u00f1o, etc.<\/p>\n<table>\n<tbody>\n<tr>\n<td><a href=\"https:\/\/diocesanos.es\/blogs\/institutotecnologico\/robotica-iii-avanzado\/tinkercad\/\" rel=\"attachment wp-att-62\"><img loading=\"lazy\" decoding=\"async\" class=\"size-medium wp-image-62 alignleft\" src=\"https:\/\/diocesanos.es\/blogs\/institutotecnologico\/wp-content\/uploads\/sites\/42\/2017\/09\/TinkerCAD-300x169.jpg\" alt=\"\" width=\"300\" height=\"169\" srcset=\"https:\/\/diocesanos.es\/blogs\/institutotecnologico\/wp-content\/uploads\/sites\/42\/2017\/09\/TinkerCAD-300x169.jpg 300w, https:\/\/diocesanos.es\/blogs\/institutotecnologico\/wp-content\/uploads\/sites\/42\/2017\/09\/TinkerCAD-768x432.jpg 768w, https:\/\/diocesanos.es\/blogs\/institutotecnologico\/wp-content\/uploads\/sites\/42\/2017\/09\/TinkerCAD-1024x576.jpg 1024w, https:\/\/diocesanos.es\/blogs\/institutotecnologico\/wp-content\/uploads\/sites\/42\/2017\/09\/TinkerCAD-1200x675.jpg 1200w, https:\/\/diocesanos.es\/blogs\/institutotecnologico\/wp-content\/uploads\/sites\/42\/2017\/09\/TinkerCAD.jpg 1280w\" sizes=\"auto, (max-width: 300px) 85vw, 300px\" \/><\/a><\/td>\n<td>Aprende a dise\u00f1ar tu robot con TinkerCAD inici\u00e1ndote en el mundo de la impresi\u00f3n 3D.<\/td>\n<\/tr>\n<tr>\n<td><a href=\"https:\/\/diocesanos.es\/blogs\/institutotecnologico\/robotica-iii-avanzado\/electronica_arduino-ts1486372946\/\" rel=\"attachment wp-att-63\"><img loading=\"lazy\" decoding=\"async\" class=\"size-medium wp-image-63 alignleft\" src=\"https:\/\/diocesanos.es\/blogs\/institutotecnologico\/wp-content\/uploads\/sites\/42\/2017\/09\/electronica_arduino-ts1486372946-300x231.png\" alt=\"\" width=\"300\" height=\"231\" srcset=\"https:\/\/diocesanos.es\/blogs\/institutotecnologico\/wp-content\/uploads\/sites\/42\/2017\/09\/electronica_arduino-ts1486372946-300x231.png 300w, https:\/\/diocesanos.es\/blogs\/institutotecnologico\/wp-content\/uploads\/sites\/42\/2017\/09\/electronica_arduino-ts1486372946.png 467w\" sizes=\"auto, (max-width: 300px) 85vw, 300px\" \/><\/a><\/td>\n<td>Aprende a utilizar Arduino, manejo de entradas y salidas b\u00e1sicas, diagramas de conexi\u00f3n y ejemplos de programaci\u00f3n con Facilino y Arduino.<\/td>\n<\/tr>\n<tr>\n<td><a href=\"https:\/\/diocesanos.es\/blogs\/institutotecnologico\/robotica-iii-avanzado\/mit-appinventor-2\/\" rel=\"attachment wp-att-64\"><img loading=\"lazy\" decoding=\"async\" class=\"size-medium wp-image-64 alignleft\" src=\"https:\/\/diocesanos.es\/blogs\/institutotecnologico\/wp-content\/uploads\/sites\/42\/2017\/09\/MIT-AppInventor-2-300x185.png\" alt=\"\" width=\"300\" height=\"185\" srcset=\"https:\/\/diocesanos.es\/blogs\/institutotecnologico\/wp-content\/uploads\/sites\/42\/2017\/09\/MIT-AppInventor-2-300x185.png 300w, https:\/\/diocesanos.es\/blogs\/institutotecnologico\/wp-content\/uploads\/sites\/42\/2017\/09\/MIT-AppInventor-2.png 700w\" sizes=\"auto, (max-width: 300px) 85vw, 300px\" \/><\/a><\/td>\n<td>Una vez construido, por supuesto, el robot es programable y controlable desde un m\u00f3vil Android. Dise\u00f1ar\u00e1s el Interfaz de Usuario eligiendo y situando los elementos con los que interactuar y los componentes que utilizar\u00e1 la aplicaci\u00f3n.<\/td>\n<\/tr>\n<tr>\n<td><a href=\"https:\/\/diocesanos.es\/blogs\/institutotecnologico\/robotica-iii-avanzado\/fig4_isuino\/\" rel=\"attachment wp-att-65\"><img loading=\"lazy\" decoding=\"async\" class=\"size-medium wp-image-65 alignleft\" src=\"https:\/\/diocesanos.es\/blogs\/institutotecnologico\/wp-content\/uploads\/sites\/42\/2017\/09\/fig4_ISUINO-300x200.png\" alt=\"\" width=\"300\" height=\"200\" srcset=\"https:\/\/diocesanos.es\/blogs\/institutotecnologico\/wp-content\/uploads\/sites\/42\/2017\/09\/fig4_ISUINO-300x200.png 300w, https:\/\/diocesanos.es\/blogs\/institutotecnologico\/wp-content\/uploads\/sites\/42\/2017\/09\/fig4_ISUINO-768x512.png 768w, https:\/\/diocesanos.es\/blogs\/institutotecnologico\/wp-content\/uploads\/sites\/42\/2017\/09\/fig4_ISUINO-1024x683.png 1024w, https:\/\/diocesanos.es\/blogs\/institutotecnologico\/wp-content\/uploads\/sites\/42\/2017\/09\/fig4_ISUINO-1200x800.png 1200w\" sizes=\"auto, (max-width: 300px) 85vw, 300px\" \/><\/a><\/td>\n<td>Como proyecto final cada alumno dise\u00f1ar\u00e1 y construir\u00e1 un robot b\u00e1sico, inici\u00e1ndose en la electr\u00f3nica b\u00e1sica, modelado e impresi\u00f3n 3D.<\/p>\n<p>El material necesario ser\u00e1 proporcionado por el Instituto. Los alumnos <strong>que completen m\u00e1s del 80% de las sesiones del taller<\/strong> se llevar\u00e1n a casa su robot.<\/td>\n<\/tr>\n<\/tbody>\n<\/table>\n<h2>Aspectos claves del aprendizaje:<\/h2>\n<ul>\n<li>Explora tecnolog\u00eda y dise\u00f1o de ingenier\u00eda a trav\u00e9s de habilidades emergentes.<\/li>\n<li>Comunicar ideas, planificar y escuchar a los dem\u00e1s.<\/li>\n<li>Introduce en la investigaci\u00f3n de las funciones de las m\u00e1quinas y la resoluci\u00f3n de problemas.<\/li>\n<li>Explorar roles.<\/li>\n<li>Habilidades de colaboraci\u00f3n y presentaci\u00f3n.<\/li>\n<li>Manejo de herramientas.<\/li>\n<li>Iniciaci\u00f3n al dise\u00f1o en 3D<\/li>\n<li>Iniciaci\u00f3n a la programaci\u00f3n de Apps Android<\/li>\n<li>Conceptos de circuitos y electr\u00f3nica.<\/li>\n<li>Comunicaciones inal\u00e1mbricas.<\/li>\n<li>Mejora la habilidad de comprensi\u00f3n.<\/li>\n<li>Desarrollo del pensamiento computacional.<\/li>\n<li>Facilita el pensamiento\u00a0l\u00f3gico &#8211; sist\u00e9mico.<\/li>\n<li>Pensamiento creativo, cr\u00edtico, cient\u00edfico y resoluci\u00f3n de problemas.<\/li>\n<\/ul>\n","protected":false},"excerpt":{"rendered":"<p>Destinatarios: Alumnos de Educaci\u00f3n Secundaria (E.S.O.) Duraci\u00f3n: 1 hora a la semana en d\u00edas lectivos, desde el 01\/octubre\/2018 hasta el 31\/mayo\/2019. (en torno a 30 sesiones) Cuota reducida: 30\u20ac \/ mes N\u00famero m\u00ednimo de alumnos: 9 Dise\u00f1a, construye y programa tu propio robot que podr\u00e1s llevarte al finalizar el curso. Se trabajan aspectos multidisciplinares dentro &hellip; <a href=\"https:\/\/diocesanos.es\/blogs\/institutotecnologico\/robotica-iii-avanzado\/\" class=\"more-link\">Continuar leyendo<span class=\"screen-reader-text\"> \u00abRob\u00f3tica III \u2013 Avanzado\u00bb<\/span><\/a><\/p>\n","protected":false},"author":107,"featured_media":0,"parent":0,"menu_order":0,"comment_status":"closed","ping_status":"closed","template":"","meta":{"footnotes":""},"class_list":["post-61","page","type-page","status-publish","hentry"],"_links":{"self":[{"href":"https:\/\/diocesanos.es\/blogs\/institutotecnologico\/wp-json\/wp\/v2\/pages\/61","targetHints":{"allow":["GET"]}}],"collection":[{"href":"https:\/\/diocesanos.es\/blogs\/institutotecnologico\/wp-json\/wp\/v2\/pages"}],"about":[{"href":"https:\/\/diocesanos.es\/blogs\/institutotecnologico\/wp-json\/wp\/v2\/types\/page"}],"author":[{"embeddable":true,"href":"https:\/\/diocesanos.es\/blogs\/institutotecnologico\/wp-json\/wp\/v2\/users\/107"}],"replies":[{"embeddable":true,"href":"https:\/\/diocesanos.es\/blogs\/institutotecnologico\/wp-json\/wp\/v2\/comments?post=61"}],"version-history":[{"count":5,"href":"https:\/\/diocesanos.es\/blogs\/institutotecnologico\/wp-json\/wp\/v2\/pages\/61\/revisions"}],"predecessor-version":[{"id":128,"href":"https:\/\/diocesanos.es\/blogs\/institutotecnologico\/wp-json\/wp\/v2\/pages\/61\/revisions\/128"}],"wp:attachment":[{"href":"https:\/\/diocesanos.es\/blogs\/institutotecnologico\/wp-json\/wp\/v2\/media?parent=61"}],"curies":[{"name":"wp","href":"https:\/\/api.w.org\/{rel}","templated":true}]}}