{"id":2,"date":"2017-09-10T00:58:06","date_gmt":"2017-09-10T00:58:06","guid":{"rendered":"https:\/\/diocesanos.es\/blogs\/institutotecnologico\/?page_id=2"},"modified":"2022-10-05T16:58:05","modified_gmt":"2022-10-05T16:58:05","slug":"bienvenidos","status":"publish","type":"page","link":"https:\/\/diocesanos.es\/blogs\/institutotecnologico\/","title":{"rendered":"Bienvenidos"},"content":{"rendered":"\n<h2 class=\"wp-block-heading\">AVISO IMPORTANTE: La oferta de actividades para el curso 2022-2023 est\u00e1 ligada a la de <a href=\"https:\/\/extraescolares.colegiopablovi.es\">extraescolares del Colegio Pablo VI<\/a><\/h2>\n\n\n<p>El entorno social y laboral en el que se integrar\u00e1n los j\u00f3venes del siglo XXI requiere <strong>personas activas, flexibles, creativas<\/strong> y orientadas al <strong>trabajo en equipo<\/strong>, capaces de aportar soluciones innovadoras a los retos de hoy.<\/p>\n<p>El <strong>Instituto Tecnol\u00f3gico de los Colegios Diocesanos<\/strong> potencia estas <strong>nuevas habilidades y competencias<\/strong> mediante un modelo pedag\u00f3gico consolidado y contrastado, ideado por Lego Education , que se utiliza en pa\u00edses l\u00edderes en educaci\u00f3n como Finlandia, Suecia, Corea o Jap\u00f3n. Fomentando en los participantes el <strong>talento<\/strong>, la comunicaci\u00f3n, el<strong> esp\u00edritu emprendedor<\/strong> y su curiosidad por <strong>descubrir y aprender<\/strong>.<\/p>\n<p>Estos talleres tienen muchas caracter\u00edsticas que les hacen extremadamente atractivos desde muchos puntos de vista y son una buena forma de transmitir a ni\u00f1as y ni\u00f1os la <strong>pasi\u00f3n por la ciencia, la tecnolog\u00eda, la ingenier\u00eda, las matem\u00e1ticas<\/strong>, y muchas otras materias relacionadas de forma transversal.<\/p>\n<p>Impartidos por <strong>profesionales altamente cualificados<\/strong>, ofrecen una ense\u00f1anza divertida e interactiva para garantizar que los ni\u00f1os mantengan un \u00f3ptimo nivel de atenci\u00f3n durante el desarrollo de las sesiones.<\/p>\n<p style=\"text-align: center;\"><iframe loading=\"lazy\" src=\"https:\/\/www.youtube-nocookie.com\/embed\/vuNRfgxhZVE?rel=0&amp;showinfo=0\" width=\"560\" height=\"315\" frameborder=\"0\" allowfullscreen=\"allowfullscreen\"><\/iframe><\/p>\n<p>Todos aquellos que est\u00e9n interesados en participar en alguna de las Actividades ofertadas por el Instituto Tecnol\u00f3gico deben cumplimentar la pre-inscripci\u00f3n con el fin de organizar los grupos que se pondr\u00e1n en funcionamiento a partir del pr\u00f3ximo 1 de octubre en funci\u00f3n de la demanda presentada.<\/p>\n<p>En la primera semana de octubre, se confirmar\u00e1 la inscripci\u00f3n definitiva y la pre-inscripci\u00f3n pasar\u00e1 a ser la matr\u00edcula en la actividad solicitada, si se alcanza el m\u00ednimo establecido (9 alumnos).<\/p>\n<p>Para cualquier Modificaci\u00f3n, Baja y\/o Cambio de actividad, se debe cumplimentar el formulario espec\u00edfico que se puede descargar y se debe presentar al responsable del Instituto de Ciencias y Tecnolog\u00eda. Dichos cambios, bajas y\/o modificaciones surtir\u00e1n efecto con el comienzo del mes siguiente al que se produzca la variaci\u00f3n.<\/p>\n<p>Las actividades del Instituto Tecnol\u00f3gico de los Colegios Diocesanos llevan un r\u00e9gimen aut\u00f3nomo de trabajo al margen del Departamento de Actividades Extraescolares, con un Equipo de responsables coordinado por D. David Mart\u00edn Pascual.<\/p>\n<p style=\"text-align: center;\"><img loading=\"lazy\" decoding=\"async\" class=\"alignnone size-large wp-image-157\" src=\"https:\/\/diocesanos.es\/blogs\/institutotecnologico\/wp-content\/uploads\/sites\/42\/2018\/09\/cartelweb2018-724x1024.jpg\" alt=\"\" width=\"724\" height=\"1024\" srcset=\"https:\/\/diocesanos.es\/blogs\/institutotecnologico\/wp-content\/uploads\/sites\/42\/2018\/09\/cartelweb2018-724x1024.jpg 724w, https:\/\/diocesanos.es\/blogs\/institutotecnologico\/wp-content\/uploads\/sites\/42\/2018\/09\/cartelweb2018-212x300.jpg 212w, https:\/\/diocesanos.es\/blogs\/institutotecnologico\/wp-content\/uploads\/sites\/42\/2018\/09\/cartelweb2018-768x1086.jpg 768w, https:\/\/diocesanos.es\/blogs\/institutotecnologico\/wp-content\/uploads\/sites\/42\/2018\/09\/cartelweb2018.jpg 794w\" sizes=\"auto, (max-width: 724px) 85vw, 724px\" \/><\/p>","protected":false},"excerpt":{"rendered":"<p>AVISO IMPORTANTE: La oferta de actividades para el curso 2022-2023 est\u00e1 ligada a la de extraescolares del Colegio Pablo VI El entorno social y laboral en el que se integrar\u00e1n los j\u00f3venes del siglo XXI requiere personas activas, flexibles, creativas y orientadas al trabajo en equipo, capaces de aportar soluciones innovadoras a los retos de &hellip; <a href=\"https:\/\/diocesanos.es\/blogs\/institutotecnologico\/\" class=\"more-link\">Continuar leyendo<span class=\"screen-reader-text\"> \u00abBienvenidos\u00bb<\/span><\/a><\/p>\n","protected":false},"author":107,"featured_media":0,"parent":0,"menu_order":0,"comment_status":"closed","ping_status":"closed","template":"","meta":{"footnotes":""},"class_list":["post-2","page","type-page","status-publish","hentry"],"_links":{"self":[{"href":"https:\/\/diocesanos.es\/blogs\/institutotecnologico\/wp-json\/wp\/v2\/pages\/2","targetHints":{"allow":["GET"]}}],"collection":[{"href":"https:\/\/diocesanos.es\/blogs\/institutotecnologico\/wp-json\/wp\/v2\/pages"}],"about":[{"href":"https:\/\/diocesanos.es\/blogs\/institutotecnologico\/wp-json\/wp\/v2\/types\/page"}],"author":[{"embeddable":true,"href":"https:\/\/diocesanos.es\/blogs\/institutotecnologico\/wp-json\/wp\/v2\/users\/107"}],"replies":[{"embeddable":true,"href":"https:\/\/diocesanos.es\/blogs\/institutotecnologico\/wp-json\/wp\/v2\/comments?post=2"}],"version-history":[{"count":18,"href":"https:\/\/diocesanos.es\/blogs\/institutotecnologico\/wp-json\/wp\/v2\/pages\/2\/revisions"}],"predecessor-version":[{"id":258,"href":"https:\/\/diocesanos.es\/blogs\/institutotecnologico\/wp-json\/wp\/v2\/pages\/2\/revisions\/258"}],"wp:attachment":[{"href":"https:\/\/diocesanos.es\/blogs\/institutotecnologico\/wp-json\/wp\/v2\/media?parent=2"}],"curies":[{"name":"wp","href":"https:\/\/api.w.org\/{rel}","templated":true}]}}