{"id":2,"date":"2015-11-06T11:57:23","date_gmt":"2015-11-06T11:57:23","guid":{"rendered":"https:\/\/diocesanos.es\/blogs\/escueladepadres\/?page_id=2"},"modified":"2015-11-25T20:51:57","modified_gmt":"2015-11-25T20:51:57","slug":"pagina-ejemplo","status":"publish","type":"page","link":"https:\/\/diocesanos.es\/blogs\/escueladepadres\/pagina-ejemplo\/","title":{"rendered":"AYUDA A TU HIJO EN LOS ESTUDIOS"},"content":{"rendered":"<p style=\"text-align: justify\"><a href=\"https:\/\/diocesanos.es\/blogs\/escueladepadres\/wp-content\/uploads\/sites\/24\/2015\/11\/chica-estudiando.jpg\"><img loading=\"lazy\" decoding=\"async\" class=\"wp-image-78 size-full aligncenter\" src=\"https:\/\/diocesanos.es\/blogs\/escueladepadres\/wp-content\/uploads\/sites\/24\/2015\/11\/chica-estudiando.jpg\" alt=\"chica-estudiando\" width=\"620\" height=\"282\" srcset=\"https:\/\/diocesanos.es\/blogs\/escueladepadres\/wp-content\/uploads\/sites\/24\/2015\/11\/chica-estudiando.jpg 620w, https:\/\/diocesanos.es\/blogs\/escueladepadres\/wp-content\/uploads\/sites\/24\/2015\/11\/chica-estudiando-300x136.jpg 300w, https:\/\/diocesanos.es\/blogs\/escueladepadres\/wp-content\/uploads\/sites\/24\/2015\/11\/chica-estudiando-506x230.jpg 506w\" sizes=\"auto, (max-width: 620px) 100vw, 620px\" \/><\/a><\/p>\n<h4 style=\"text-align: justify\">El \u00e9xito escolar de\u00a0los\u00a0hijos e hijas es una de nuestras principales\u00a0preocupaciones y una de las fuentes de conflicto familiar m\u00e1s importante. A\u00a0todos nos gustar\u00eda que aprendiesen, tuviesen buenos resultados acad\u00e9micos y un\u00a0buen futuro profesional.<br \/>\nPero \u00bfqu\u00e9 les hace falta \u00a0para tener \u00e9xito en los estudios?,\u00bfqu\u00e9 podemos hacer padres y madres para ayudarles?, \u00bfcu\u00e1l es nuestro papel?<br \/>\nPara ello, tenemos que tener en cuenta que el\u00a0\u00e9xito escolar se basa principalmente en tres aspectos que podemos expresar en una\u00a0f\u00f3rmula <strong><span style=\"color: #0000ff\">(PODER + <span style=\"color: #ff0000\">QUERER<\/span> + <span style=\"color: #339966\">SABER<\/span>)<\/span><\/strong>, en los cuales nosotros tenemos\u00a0mucho que hacer.<br \/>\n&#8211; <span style=\"color: #0000ff\">PODER:<\/span> tener las aptitudes, capacidades y habilidades necesarias. En\u00a0este sentido, podemos ayudarles a ser <strong>aut\u00f3nomos, responsables y\u00a0persistentes<\/strong>, a desarrollar todo su potencial y a superar sus dificultades.<\/h4>\n<h4 style=\"text-align: justify\">&#8211; <span style=\"color: #ff0000\">QUERER:<\/span>\u00a0tener la motivaci\u00f3n suficiente para estudiar. As\u00ed nosotros\u00a0podemos potenciar su actitud positiva y <strong>motivaci\u00f3n hacia el aprendizaje.<\/strong><\/h4>\n<h4 style=\"text-align: justify\">&#8211;<span style=\"color: #339966\"> SABER:\u00a0<\/span> conocer c\u00f3mo estudiar de la forma m\u00e1s eficaz. De esta\u00a0forma, podemos ense\u00f1arles los <strong>h\u00e1bitos y t\u00e9cnicas de estudio necesarios.\u00a0<\/strong><\/h4>\n<p style=\"text-align: center\"><span style=\"color: #000080\"><strong>POD\u00c9IS VER LOS RECURSOS PINCHANDO EN LAS IM\u00c1GENES<\/strong><\/span><\/p>\n<table class=\" alignleft\" style=\"height: 1015px\" width=\"150\">\n<tbody>\n<tr>\n<td><a href=\"http:\/\/www.colegiopablovi.es\/index.php?dwn=1&amp;d=40&amp;f=4423\"><img loading=\"lazy\" decoding=\"async\" class=\"wp-image-50 aligncenter\" src=\"https:\/\/diocesanos.es\/blogs\/escueladepadres\/wp-content\/uploads\/sites\/24\/2015\/11\/como-podemos-ayudar-a-nuestros-hijos-a-estudiar-1-638-216x300.jpg\" alt=\"como-podemos-ayudar-a-nuestros-hijos-a-estudiar-1-638\" width=\"190\" height=\"264\" srcset=\"https:\/\/diocesanos.es\/blogs\/escueladepadres\/wp-content\/uploads\/sites\/24\/2015\/11\/como-podemos-ayudar-a-nuestros-hijos-a-estudiar-1-638-216x300.jpg 216w, https:\/\/diocesanos.es\/blogs\/escueladepadres\/wp-content\/uploads\/sites\/24\/2015\/11\/como-podemos-ayudar-a-nuestros-hijos-a-estudiar-1-638-165x230.jpg 165w, https:\/\/diocesanos.es\/blogs\/escueladepadres\/wp-content\/uploads\/sites\/24\/2015\/11\/como-podemos-ayudar-a-nuestros-hijos-a-estudiar-1-638.jpg 638w\" sizes=\"auto, (max-width: 190px) 100vw, 190px\" \/><\/a><\/td>\n<\/tr>\n<tr>\n<td><a href=\"http:\/\/www.colegiopablovi.es\/index.php?dwn=1&amp;d=40&amp;f=4424\"><img loading=\"lazy\" decoding=\"async\" class=\"wp-image-51 alignnone\" src=\"https:\/\/diocesanos.es\/blogs\/escueladepadres\/wp-content\/uploads\/sites\/24\/2015\/11\/p1-300x300.jpg\" alt=\"p1\" width=\"197\" height=\"197\" srcset=\"https:\/\/diocesanos.es\/blogs\/escueladepadres\/wp-content\/uploads\/sites\/24\/2015\/11\/p1-300x300.jpg 300w, https:\/\/diocesanos.es\/blogs\/escueladepadres\/wp-content\/uploads\/sites\/24\/2015\/11\/p1-150x150.jpg 150w, https:\/\/diocesanos.es\/blogs\/escueladepadres\/wp-content\/uploads\/sites\/24\/2015\/11\/p1-1024x1024.jpg 1024w, https:\/\/diocesanos.es\/blogs\/escueladepadres\/wp-content\/uploads\/sites\/24\/2015\/11\/p1-230x230.jpg 230w, https:\/\/diocesanos.es\/blogs\/escueladepadres\/wp-content\/uploads\/sites\/24\/2015\/11\/p1.jpg 1190w\" sizes=\"auto, (max-width: 197px) 100vw, 197px\" \/><\/a><\/p>\n<h3 style=\"text-align: center\"><span style=\"color: #000080\">\u00abPODER\u00bb<\/span><\/h3>\n<\/td>\n<\/tr>\n<tr>\n<td style=\"text-align: center\"><a href=\"http:\/\/www.colegiopablovi.es\/index.php?dwn=1&amp;d=40&amp;f=4422\"><img loading=\"lazy\" decoding=\"async\" class=\"aligncenter wp-image-52 \" src=\"https:\/\/diocesanos.es\/blogs\/escueladepadres\/wp-content\/uploads\/sites\/24\/2015\/11\/7-manerasprobadasdemotivaralosninosarendirmejorenlaescuela-1-638-232x300.jpg\" alt=\"7-manerasprobadasdemotivaralosninosarendirmejorenlaescuela-1-638\" width=\"167\" height=\"216\" srcset=\"https:\/\/diocesanos.es\/blogs\/escueladepadres\/wp-content\/uploads\/sites\/24\/2015\/11\/7-manerasprobadasdemotivaralosninosarendirmejorenlaescuela-1-638-232x300.jpg 232w, https:\/\/diocesanos.es\/blogs\/escueladepadres\/wp-content\/uploads\/sites\/24\/2015\/11\/7-manerasprobadasdemotivaralosninosarendirmejorenlaescuela-1-638-178x230.jpg 178w, https:\/\/diocesanos.es\/blogs\/escueladepadres\/wp-content\/uploads\/sites\/24\/2015\/11\/7-manerasprobadasdemotivaralosninosarendirmejorenlaescuela-1-638.jpg 638w\" sizes=\"auto, (max-width: 167px) 100vw, 167px\" \/><\/a><\/p>\n<h3><span style=\"color: #ff0000\">\u00abQUERER\u00bb<\/span><\/h3>\n<\/td>\n<\/tr>\n<tr>\n<td><a href=\"http:\/\/ntic.educacion.es\/w3\/\/eos\/MaterialesEducativos\/mem2006\/aprender_estudiar\/index2.html\" target=\"_blank\"><img loading=\"lazy\" decoding=\"async\" class=\"alignnone wp-image-76 \" src=\"https:\/\/diocesanos.es\/blogs\/escueladepadres\/wp-content\/uploads\/sites\/24\/2015\/11\/descarga.jpe\" alt=\"descarga\" width=\"204\" height=\"134\" \/><\/a><\/p>\n<h3 style=\"text-align: center\"><span style=\"color: #339966\">\u00abSABER\u00bb<\/span><\/h3>\n<\/td>\n<\/tr>\n<\/tbody>\n<\/table>\n<p style=\"text-align: justify\">\n","protected":false},"excerpt":{"rendered":"<p>El \u00e9xito escolar de\u00a0los\u00a0hijos e hijas es una de nuestras principales\u00a0preocupaciones y una de las fuentes de conflicto familiar m\u00e1s importante. A\u00a0todos nos gustar\u00eda que aprendiesen, tuviesen buenos resultados acad\u00e9micos y un\u00a0buen futuro profesional. Pero \u00bfqu\u00e9 les hace falta \u00a0para tener \u00e9xito en los estudios?,\u00bfqu\u00e9 podemos hacer padres y madres para ayudarles?, \u00bfcu\u00e1l es nuestro [&hellip;]<\/p>\n","protected":false},"author":51,"featured_media":0,"parent":0,"menu_order":0,"comment_status":"closed","ping_status":"open","template":"","meta":{"footnotes":""},"class_list":["post-2","page","type-page","status-publish","hentry"],"_links":{"self":[{"href":"https:\/\/diocesanos.es\/blogs\/escueladepadres\/wp-json\/wp\/v2\/pages\/2","targetHints":{"allow":["GET"]}}],"collection":[{"href":"https:\/\/diocesanos.es\/blogs\/escueladepadres\/wp-json\/wp\/v2\/pages"}],"about":[{"href":"https:\/\/diocesanos.es\/blogs\/escueladepadres\/wp-json\/wp\/v2\/types\/page"}],"author":[{"embeddable":true,"href":"https:\/\/diocesanos.es\/blogs\/escueladepadres\/wp-json\/wp\/v2\/users\/51"}],"replies":[{"embeddable":true,"href":"https:\/\/diocesanos.es\/blogs\/escueladepadres\/wp-json\/wp\/v2\/comments?post=2"}],"version-history":[{"count":26,"href":"https:\/\/diocesanos.es\/blogs\/escueladepadres\/wp-json\/wp\/v2\/pages\/2\/revisions"}],"predecessor-version":[{"id":100,"href":"https:\/\/diocesanos.es\/blogs\/escueladepadres\/wp-json\/wp\/v2\/pages\/2\/revisions\/100"}],"wp:attachment":[{"href":"https:\/\/diocesanos.es\/blogs\/escueladepadres\/wp-json\/wp\/v2\/media?parent=2"}],"curies":[{"name":"wp","href":"https:\/\/api.w.org\/{rel}","templated":true}]}}