{"id":24,"date":"2014-05-02T20:28:24","date_gmt":"2014-05-02T20:28:24","guid":{"rendered":"https:\/\/diocesanos.es\/blogs\/equipotic\/?page_id=24"},"modified":"2015-02-21T12:01:28","modified_gmt":"2015-02-21T11:01:28","slug":"paginas-de-interes","status":"publish","type":"page","link":"https:\/\/diocesanos.es\/blogs\/equipotic\/paginas-de-interes\/","title":{"rendered":"\u00cdndice de sitios de inter\u00e9s"},"content":{"rendered":"<p>Internet est\u00e1 lleno de recursos educativos, muy \u00fatiles para profesores, estudiantes, padres, madres y tutores. El \u00fanico problema es saber d\u00f3nde est\u00e1n esos recursos. Hay tantos y tan variados que es complicado encontrarlos. Muchos padres aseguran que no pueden aprovechar todo lo que Internet ofrece porque es muy complicado abarcar la enorme oferta disponible.<\/p>\n<table>\n<tbody>\n<tr>\n<td style=\"vertical-align: top;\">\n<h1>TICS en la Educaci\u00f3n<\/h1>\n<ul>\n<li><a href=\"http:\/\/peapt.blogspot.com.es\/\" target=\"_blank\">Plataforma Estatal de Asociaciones del Profesorado de Tecnolog\u00eda<\/a><\/li>\n<li><a href=\"http:\/\/recursostic.educacion.es\/buenaspracticas20\/web\/\" target=\"_blank\">Red de Buenas Pr\u00e1cTICas 2.0 (INTEF)<\/a><\/li>\n<li><a href=\"http:\/\/www.educacontic.es\/\" target=\"_blank\">Educ@conTIC<\/a><\/li>\n<li><a href=\"http:\/\/canaltic.com\/blog\/\" target=\"_blank\">Canal TIC<\/a><\/li>\n<li><a href=\"http:\/\/profesoresonline.cl\/\">Profesores OnLine<\/a><\/li>\n<li><a href=\"http:\/\/www.totemguard.com\/aulatotem\/\" target=\"_blank\">TotemGuard: Recursos TIC para profesores<\/a><\/li>\n<li><a href=\"http:\/\/e-ducadores.com\/aprenderparaeducar\/\" target=\"_blank\">Aprender para Educar con Tecnolog\u00eda (revista)<\/a><\/li>\n<li><a href=\"http:\/\/www.freetech4teachers.com\" target=\"_blank\">Free Technology for Teachers<\/a><\/li>\n<li><a href=\"http:\/\/www.scoop.it\/t\/tic-gff\" target=\"_blank\">TIC &amp; Eduaci\u00f3n<\/a><\/li>\n<li><a href=\"http:\/\/educacion.enpildoras.com\/\" target=\"_blank\">Educaci\u00f3n en p\u00edldoras<\/a><\/li>\n<li><a href=\"http:\/\/www.plataformaproyecta.org\/\" target=\"_blank\">Plataforma Proyecta<\/a><\/li>\n<li><a href=\"http:\/\/www.enlanubetic.com.es\/2014\/11\/presentaciones-inteligentes.html\" target=\"_blank\">enlanubetic.com.es<\/a><\/li>\n<\/ul>\n<\/td>\n<td style=\"vertical-align: top;\">\n<h1>Formaci\u00f3n<\/h1>\n<ul>\n<li><a href=\"http:\/\/formacionprofesorado.educacion.es\/\" target=\"_blank\">Formaci\u00f3n en Red (Profesorado. INTEF)<\/a><\/li>\n<li><a href=\"http:\/\/evaluatic.crfptic.es\/autoevaluacion_tic\/\" target=\"_blank\">Formulario de autoevaluaci\u00f3n en competencias digitales (JCyL)<\/a><\/li>\n<li><a href=\"https:\/\/formacion-online.inteco.es\/inicio\/index.php\">Cursos gratuitos del INTECO<\/a><\/li>\n<li><a href=\"https:\/\/www.miriadax.net\/home\" target=\"_blank\">MiriadaX (MOOC)<\/a><\/li>\n<\/ul>\n<h1>Recursos<\/h1>\n<ul>\n<li><a title=\"schoolsworld\" href=\"http:\/\/www.schoolsworld.tv\/\" target=\"_blank\">SchoolsWorld.tv<\/a><\/li>\n<li><a title=\"educatina\" href=\"http:\/\/www.educatina.com\/\" target=\"_blank\">educatina.com<\/a> (v\u00eddeos)<\/li>\n<li><a href=\"http:\/\/www.agrega2.es\/web\/\" target=\"_blank\">Proyecto Agrega 2<\/a><\/li>\n<li><a href=\"http:\/\/www.educa.jcyl.es\/crol\/es\" target=\"_blank\">Crentro de Recursos OnLine (JCyL)<\/a><\/li>\n<\/ul>\n<\/td>\n<\/tr>\n<tr>\n<td style=\"vertical-align: top;\">\n<h1>Seguridad<\/h1>\n<ul>\n<li><a href=\"http:\/\/www.osi.es\/es\" target=\"_blank\">Oficina de Seguridad del Internauta (OSI &#8211; INTECO)<\/a><\/li>\n<li><a href=\"http:\/\/protegeles.com\/\" target=\"_blank\">Prot\u00e9geles<\/a><\/li>\n<li><a href=\"www.pantallasamigas.net\/\" target=\"_blank\">Pantallasamigas<\/a><\/li>\n<li><a href=\"https:\/\/www.incibe.es\" target=\"_blank\">Instituto Nacional de Ciberseguridad<\/a><\/li>\n<\/ul>\n<h1>Herramientas<\/h1>\n<ul>\n<li><a href=\"http:\/\/constructor.educarex.es\/\" target=\"_blank\">Constructor<\/a><\/li>\n<li><a href=\"http:\/\/cmap.ihmc.us\/\" target=\"_blank\">CmapTools<\/a> (mapas conceptuales) <a href=\"http:\/\/escritoriodocentes.educ.ar\/datos\/cmap.html\" target=\"_blank\"><em>Curso<\/em><\/a><\/li>\n<\/ul>\n<h1>Informaci\u00f3n<\/h1>\n<ul>\n<li><a href=\"http:\/\/www.agendadigital.gob.es\/\">Agenda Digital para Espa\u00f1a<\/a><\/li>\n<\/ul>\n<\/td>\n<td style=\"vertical-align: top;\">\n<h1>Consejer\u00edas<\/h1>\n<ul>\n<li><a href=\"http:\/\/www.educa.jcyl.es\/es\/revistas\">Castilla y Le\u00f3n<\/a><\/li>\n<li><a href=\"http:\/\/www.juntadeandalucia.es\/educacion\/\">Andaluc\u00eda<\/a><\/li>\n<li><a href=\"http:\/\/www20.gencat.cat\/portal\/site\/ensenyament\">Catalu\u00f1a<\/a><\/li>\n<li><a href=\"http:\/\/www.juntaex.es\/consejerias\/educacion\/\">Extremadura<\/a><\/li>\n<li><a href=\"http:\/\/www.edu.xunta.es\/web\/\">Galicia<\/a><\/li>\n<li><a href=\"http:\/\/www.educarioja.org\/educarioja\/home.jsp\">La Rioja<\/a><\/li>\n<li><a href=\"http:\/\/www.educa.jccm.es\/educa-jccm\/cm\">Castilla La Mancha<\/a><\/li>\n<li><a href=\"http:\/\/www.edu.gva.es\/\">Comunitat Valenciana<\/a><\/li>\n<li><a href=\"http:\/\/www.madrid.org\/cs\/Satellite?c=CM_Agrupador_FP&amp;cid=1109266187254&amp;idConsejeria=1109266187254&amp;idListConsj=1109265444710&amp;language=es&amp;pagename=ComunidadMadrid%2FEstructura\">Madrid<\/a><\/li>\n<li><a href=\"http:\/\/www.educaragon.org\/\">Arag\u00f3n<\/a><\/li>\n<li><a href=\"http:\/\/www.caib.es\/govern\/organigrama\/area.es.jsp?coduo=7\">Illes Balears<\/a><\/li>\n<li><a href=\"http:\/\/www.educastur.es\/\">Asturias<\/a><\/li>\n<li><a href=\"http:\/\/www.hezkuntza.ejgv.euskadi.net\/r43-2591\/es\/\">Pa\u00eds Vasco<\/a><\/li>\n<li><a href=\"http:\/\/www.educacion.navarra.es\/portal\/\">Navarra<\/a><\/li>\n<li><a href=\"http:\/\/www.educantabria.es\/\">Cantabria<\/a><\/li>\n<li><a href=\"http:\/\/www.gobiernodecanarias.org\/educacion\/\">Canarias<\/a><\/li>\n<\/ul>\n<\/td>\n<\/tr>\n<tr>\n<td style=\"vertical-align: top;\">\n<h1>M\u00fasica<\/h1>\n<ul>\n<li><a href=\"http:\/\/vimeo.com\/musicstore\">Vimeo<\/a><\/li>\n<li><a href=\"http:\/\/musicalibre.es\">MusicaLibre<\/a><\/li>\n<li><a href=\"http:\/\/soundcloud.com\">SoundCloud<\/a><\/li>\n<li><a href=\"http:\/\/jamendo.com\/es\">Jamendo<\/a><\/li>\n<li><a href=\"http:\/\/royaltyfreepianos.com\/home.htm\">RoyaltyFreePianos<\/a><\/li>\n<li><a href=\"http:\/\/magnatune.com\">Magnatune<\/a><\/li>\n<li><a href=\"http:\/\/amazon.com\">Amazon<\/a><\/li>\n<li><a href=\"http:\/\/soundclick.com\/default.cfm\">Soundclick<\/a><\/li>\n<li><a href=\"http:\/\/amclassical.com\">A-M Classical<\/a><\/li>\n<li><a href=\"http:\/\/mutopiaproject.org\">Mutopia Project<\/a><\/li>\n<li><a href=\"http:\/\/audionity.com\">Audionity<\/a><\/li>\n<li><a href=\"http:\/\/freemusicarchive.org\">Free Music Archive<\/a><\/li>\n<li><a href=\"http:\/\/www.dogmazic.net\/index.php?op=edito&amp;choice_user_language=spanish\">Dogmazic<\/a><\/li>\n<li><a href=\"http:\/\/musopen.org\">Musopen<\/a><\/li>\n<li><a href=\"http:\/\/opsound.org\">Opsound<\/a><\/li>\n<li><a href=\"http:\/\/onclassical.com\">OnClassical<\/a><\/li>\n<li><a href=\"http:\/\/dig.ccmixter.org\/\">Dig.ccmixter<\/a><\/li>\n<li><a href=\"http:\/\/www.apple.com\/ilife\/garageband\/?cid=oas-us-domains-garageband.com\">Garageband<\/a><\/li>\n<li><a href=\"http:\/\/archive.org\/details\/audio\">The Internet Archive<\/a><\/li>\n<li><a href=\"http:\/\/freekidsmusic.com\/\">Free Kids Music<\/a><\/li>\n<\/ul>\n<\/td>\n<td style=\"vertical-align: top;\">\n<h1>\u00a0Im\u00e1genes<\/h1>\n<ul>\n<li><a href=\"https:\/\/openclipart.org\/\" target=\"_blank\">Open ClipArt<\/a><\/li>\n<li><a href=\"http:\/\/www.freefoto.com\/index.jsp\">Freephoto.com<\/a><\/li>\n<li><a href=\"http:\/\/www.kavewall.com\/stock\/\" target=\"_blank\">Kavewall<\/a><\/li>\n<li><a href=\"http:\/\/www.stockvault.net\/\" target=\"_blank\">StockVault<\/a><\/li>\n<li><a href=\"http:\/\/www.adigitaldreamer.com\/gallery\/\" target=\"_blank\">FreeSotckPhotography<\/a><\/li>\n<li><a href=\"http:\/\/www.sxc.hu\/\" target=\"_blank\">Stock.xchng<\/a><\/li>\n<li><a href=\"http:\/\/www.fromoldbooks.org\/\" target=\"_blank\">FromOldBooks<\/a><\/li>\n<li><a href=\"http:\/\/freestockphotos.com\/\" target=\"_blank\">FreeStockPhotos<\/a><\/li>\n<li><a href=\"http:\/\/www.burningwell.org\/\" target=\"_blank\">Burningwell.org<\/a><\/li>\n<li><a href=\"http:\/\/www.texturewarehouse.com\/gallery\/\" target=\"_blank\">Texture Warehouse<\/a><\/li>\n<li><a href=\"http:\/\/tofz.org\/index.php\" target=\"_blank\">Tofz.org<\/a><\/li>\n<li><a href=\"http:\/\/www.woophy.com\/\" target=\"_blank\">Woophy<\/a><\/li>\n<li><a href=\"http:\/\/freerangestock.com\/\" target=\"_blank\">FreeRange<\/a><\/li>\n<li><a href=\"http:\/\/www.photocase.com\/\" target=\"_blank\">Photocase<\/a><\/li>\n<li><a href=\"http:\/\/www.everystockphoto.com\/\">EveryStockPhoto<\/a><\/li>\n<li><a href=\"http:\/\/www.imageafter.com\/\">ImageAfter<\/a><\/li>\n<li><a href=\"http:\/\/www.creativity103.com\/\">Creativity103<\/a><\/li>\n<li><a href=\"http:\/\/www.photoshopsupport.com\/\">PhotoshopSupport<\/a><\/li>\n<li><a href=\"http:\/\/www.freemediagoo.com\/\">FreeMediaGoo<\/a><\/li>\n<li><a href=\"http:\/\/www.insectimages.org\/\">InsectImages<\/a><\/li>\n<li><a href=\"http:\/\/www.creatingonline.com\/stock_photos\/\">Creating Online<\/a><\/li>\n<li><a href=\"http:\/\/www.amazingtextures.com\/\">AmazingTextures<\/a><\/li>\n<li><a href=\"http:\/\/www.unprofound.com\/\">Unprofound<\/a><\/li>\n<li><a href=\"http:\/\/stockart.deviantart.com\/\">DeviantArt<\/a><\/li>\n<li><a href=\"http:\/\/www.panoramio.com\/\">Panoramio<\/a><\/li>\n<li><a href=\"http:\/\/www.flickr.com\/creativecommons\/\">Flickr<\/a><\/li>\n<li><a href=\"http:\/\/www.rgbstock.com\/\">RGBStock<\/a><\/li>\n<\/ul>\n<\/td>\n<\/tr>\n<tr>\n<td style=\"vertical-align: top;\">\n<h1>Tecnolog\u00eda<\/h1>\n<ul>\n<li><a href=\"http:\/\/bitelia.com\" target=\"_blank\">Bitelia<\/a><\/li>\n<li><a href=\"http:\/\/www.xataka.com\/\" target=\"_blank\">Xataka<\/a><\/li>\n<li><a href=\"http:\/\/www.genbeta.com\" target=\"_blank\">Genbeta<\/a><\/li>\n<li><a href=\"http:\/\/www.genbetadev.com\/\" target=\"_blank\">Genbetadev<\/a><\/li>\n<li><a href=\"http:\/\/es.gizmodo.com\/\" target=\"_blank\">Gizmodo<\/a><\/li>\n<li><a href=\"http:\/\/barrapunto.com\/\" target=\"_blank\">Barrapunto<\/a><\/li>\n<li><a href=\"http:\/\/diarioti.com\/\" target=\"_blank\">Diarioti<\/a><\/li>\n<li><a href=\"http:\/\/www.reddit.com\/r\/technology\/\" target=\"_blank\">Reddit technology<\/a><\/li>\n<li><a href=\"http:\/\/www.reddit.com\/r\/opensource\/\" target=\"_blank\">Reddit Opensource<\/a><\/li>\n<li><a href=\"http:\/\/www.itworld.com\" target=\"_blank\">Itworld<\/a><\/li>\n<\/ul>\n<\/td>\n<td style=\"vertical-align: top;\"><\/td>\n<\/tr>\n<tr>\n<td style=\"vertical-align: top;\">\n<h1><strong>Linux:<\/strong><\/h1>\n<ul>\n<li><a href=\"https:\/\/www.kernel.org\/\" target=\"_blank\">www.kernel.org<\/a><\/li>\n<li><a href=\"http:\/\/www.omgubuntu.co.uk\/\" target=\"_blank\">www.omgubuntu.co.uk<\/a><\/li>\n<li><a href=\"http:\/\/askubuntu.com\/\" target=\"_blank\">askubuntu.com<\/a><\/li>\n<li><a href=\"http:\/\/www.webupd8.org\/\" target=\"_blank\">www.webupd8.org<\/a><\/li>\n<li><a href=\"http:\/\/kernelnewbies.org\/\" target=\"_blank\">kernelnewbies.org<\/a><\/li>\n<li><a href=\"http:\/\/www.linuxquestions.org\/questions\/\" target=\"_blank\">www.linuxquestions.org<\/a><\/li>\n<li><a href=\"http:\/\/ubuntuforums.org\" target=\"_blank\">ubuntuforums.org<\/a><\/li>\n<li><a href=\"http:\/\/www.reddit.com\/r\/linux\" target=\"_blank\">www.reddit.com<\/a><\/li>\n<li><a href=\"http:\/\/www.phoronix.com\/scan.php?page=home\" target=\"_blank\">www.phoronix.com<\/a><\/li>\n<li><a href=\"http:\/\/www.linux-magazine.com\/\" target=\"_blank\">www.linux-magazine.com<\/a><\/li>\n<li><a href=\"http:\/\/distrowatch.com\/\" target=\"_blank\">distrowatch.com<\/a><\/li>\n<li><a href=\"http:\/\/www.tldp.org\/\" target=\"_blank\">www.tldp.org<\/a><\/li>\n<li><a href=\"http:\/\/www.gnu.org\/\" target=\"_blank\">www.gnu.org<\/a><\/li>\n<li><a href=\"http:\/\/planet.gnome.org\/\" target=\"_blank\">planet.gnome.org<\/a><\/li>\n<li><a href=\"http:\/\/stallman.org\/\" target=\"_blank\">stallman.org<\/a><\/li>\n<li><a href=\"http:\/\/www.linuxsecurity.com\/\" target=\"_blank\">www.linuxsecurity.com<\/a><\/li>\n<\/ul>\n<\/td>\n<td style=\"vertical-align: top;\">\n<h1>Linux (Castellano)<strong><br \/>\n<\/strong><\/h1>\n<ul>\n<li><a href=\"http:\/\/www.ubuntu-es.org\" target=\"_blank\">www.ubuntu-es.org<\/a><\/li>\n<li><a href=\"http:\/\/www.muylinux.com\/\" target=\"_blank\">www.muylinux.com<\/a><\/li>\n<li><a href=\"http:\/\/www.linux-es.org\/\" target=\"_blank\">www.linux-es.org<\/a><\/li>\n<li><a href=\"http:\/\/www.linux.es\/\" target=\"_blank\">www.linux.es<\/a><\/li>\n<li><a href=\"http:\/\/www.pillateunlinux.com\/\" target=\"_blank\">www.pillateunlinux.com<\/a><\/li>\n<li><a href=\"http:\/\/paraisolinux.com\/\" target=\"_blank\">paraisolinux.com<\/a><\/li>\n<li><a href=\"http:\/\/www.linuxhispano.net\/\" target=\"_blank\">www.linuxhispano.net<\/a><\/li>\n<li><a href=\"http:\/\/www.linuxadictos.com\/\" target=\"_blank\">www.linuxadictos.com<\/a><\/li>\n<li><a href=\"http:\/\/www.gnu.org\/home.es.html\" target=\"_blank\">www.gnu.org<\/a><\/li>\n<li><a href=\"http:\/\/www.linux-magazine.es\/\" target=\"_blank\">www.linux-magazine.es<\/a><\/li>\n<li><a href=\"http:\/\/www.linuxespanol.com\/\" target=\"_blank\">www.linuxespanol.com<\/a><\/li>\n<li><a href=\"http:\/\/www.linuxparatodos.net\/\" target=\"_blank\">www.linuxparatodos.net<\/a><\/li>\n<li><a href=\"http:\/\/www.espaciolinux.com\/\" target=\"_blank\">www.espaciolinux.com<\/a><\/li>\n<li><a href=\"http:\/\/www.linux.cl\/\" target=\"_blank\">www.linux.cl<\/a><\/li>\n<li><a href=\"http:\/\/lamiradadelreplicante.com\" target=\"_blank\">lamiradadelreplicante.com<\/a><\/li>\n<li><a href=\"http:\/\/planetubuntu.es\" target=\"_blank\">planetubuntu.es<\/a><\/li>\n<\/ul>\n<\/td>\n<\/tr>\n<\/tbody>\n<\/table>\n<div id=\"stcpDiv\">\n<p>Conviene que si vuestros hijos son peque\u00f1os, de entre 3 y 9 a\u00f1os, navegu\u00e9is juntos por las p\u00e1ginas de recursos y est\u00e9is siempre con ellos cuando visitan estas p\u00e1ginas. A partir de esa edad, los expertos recomiendan que los padres act\u00faen de gu\u00eda y supervisi\u00f3n, pero el ni\u00f1o ya puede utilizar las p\u00e1ginas de recursos con cierta autonom\u00eda. En cualquier caso, los padres y madres siempre tienen que conocer de antemano qu\u00e9 p\u00e1ginas de recursos o aplicaciones visita el menor.<\/p>\n<p>Tambi\u00e9n es importante recordar que las TIC no tienen que sustituir los materiales tradicionales. Las TIC son una herramienta m\u00e1s para favorecer el aprendizaje, pero no son exclusivas. No sustituyen, sino que suman. Los ni\u00f1os y ni\u00f1as no deben sustituir los libros por la tableta digital, sino que deben utilizar ambos materiales.<\/p>\n<p>La tecnolog\u00eda es muy atractivas para los m\u00e1s peque\u00f1os, pero los expertos recomiendan que no hay que dejar que los menores queden deslumbrados por ella. Pintar, dibujar, recortar, escribir con l\u00e1pices de colores&#8230; todas estas actividades y muchas m\u00e1s no deben ser sustituidas por su equivalente digital. Se trata de sumar, no de sustituir. \u00a1Aprovechemos bien\u00a0los recursos que nos brindan las TIC!<\/p>\n<\/div>\n","protected":false},"excerpt":{"rendered":"<p>Internet est\u00e1 lleno de recursos educativos, muy \u00fatiles para profesores, estudiantes, padres, madres y tutores. El \u00fanico problema es saber d\u00f3nde est\u00e1n esos recursos. Hay tantos y tan variados que es complicado encontrarlos. Muchos padres aseguran que no pueden aprovechar todo lo que Internet ofrece porque es muy complicado abarcar la enorme oferta disponible. TICS &hellip; <a href=\"https:\/\/diocesanos.es\/blogs\/equipotic\/paginas-de-interes\/\" class=\"more-link\">Seguir leyendo <span class=\"screen-reader-text\">\u00cdndice de sitios de inter\u00e9s<\/span> <span class=\"meta-nav\">&rarr;<\/span><\/a><\/p>\n","protected":false},"author":1,"featured_media":0,"parent":0,"menu_order":0,"comment_status":"open","ping_status":"open","template":"page-templates\/full-width.php","meta":{"footnotes":""},"class_list":["post-24","page","type-page","status-publish","hentry"],"_links":{"self":[{"href":"https:\/\/diocesanos.es\/blogs\/equipotic\/wp-json\/wp\/v2\/pages\/24","targetHints":{"allow":["GET"]}}],"collection":[{"href":"https:\/\/diocesanos.es\/blogs\/equipotic\/wp-json\/wp\/v2\/pages"}],"about":[{"href":"https:\/\/diocesanos.es\/blogs\/equipotic\/wp-json\/wp\/v2\/types\/page"}],"author":[{"embeddable":true,"href":"https:\/\/diocesanos.es\/blogs\/equipotic\/wp-json\/wp\/v2\/users\/1"}],"replies":[{"embeddable":true,"href":"https:\/\/diocesanos.es\/blogs\/equipotic\/wp-json\/wp\/v2\/comments?post=24"}],"version-history":[{"count":0,"href":"https:\/\/diocesanos.es\/blogs\/equipotic\/wp-json\/wp\/v2\/pages\/24\/revisions"}],"wp:attachment":[{"href":"https:\/\/diocesanos.es\/blogs\/equipotic\/wp-json\/wp\/v2\/media?parent=24"}],"curies":[{"name":"wp","href":"https:\/\/api.w.org\/{rel}","templated":true}]}}