{"id":2,"date":"2020-01-17T09:41:19","date_gmt":"2020-01-17T09:41:19","guid":{"rendered":"https:\/\/diocesanos.es\/blogs\/albergue\/?page_id=2"},"modified":"2020-01-18T18:23:42","modified_gmt":"2020-01-18T18:23:42","slug":"pagina-ejemplo","status":"publish","type":"page","link":"https:\/\/diocesanos.es\/blogs\/albergue\/","title":{"rendered":"Bienvenidos"},"content":{"rendered":"\n<h2 class=\"has-text-align-center wp-block-heading\">En la vertiente norte de la Sierra de Gredos, a 30 kil\u00f3metros de \u00c1vila y a 100 de Madrid, junto al r\u00edo Alberche.<\/h2>\n\n\n\n<h3 class=\"has-text-align-center wp-block-heading\">Un lugar ideal para acoger a grupos, convivencias de colegios, jornadas de trabajo o campamentos.<\/h3>\n\n\n\n<figure class=\"wp-block-gallery columns-3 is-cropped wp-block-gallery-1 is-layout-flex wp-block-gallery-is-layout-flex\"><ul class=\"blocks-gallery-grid\"><li class=\"blocks-gallery-item\"><figure><img loading=\"lazy\" decoding=\"async\" width=\"577\" height=\"432\" src=\"https:\/\/diocesanos.es\/blogs\/albergue\/wp-content\/uploads\/sites\/46\/2020\/01\/a.jpg\" alt=\"\" data-id=\"101\" data-full-url=\"https:\/\/diocesanos.es\/blogs\/albergue\/wp-content\/uploads\/sites\/46\/2020\/01\/a.jpg\" data-link=\"https:\/\/diocesanos.es\/blogs\/albergue\/pagina-ejemplo\/a\/\" class=\"wp-image-101\" srcset=\"https:\/\/diocesanos.es\/blogs\/albergue\/wp-content\/uploads\/sites\/46\/2020\/01\/a.jpg 577w, https:\/\/diocesanos.es\/blogs\/albergue\/wp-content\/uploads\/sites\/46\/2020\/01\/a-300x225.jpg 300w\" sizes=\"auto, (max-width: 577px) 100vw, 577px\" \/><\/figure><\/li><li class=\"blocks-gallery-item\"><figure><img loading=\"lazy\" decoding=\"async\" width=\"420\" height=\"315\" src=\"https:\/\/diocesanos.es\/blogs\/albergue\/wp-content\/uploads\/sites\/46\/2020\/01\/b.jpg\" alt=\"\" data-id=\"102\" data-full-url=\"https:\/\/diocesanos.es\/blogs\/albergue\/wp-content\/uploads\/sites\/46\/2020\/01\/b.jpg\" data-link=\"https:\/\/diocesanos.es\/blogs\/albergue\/pagina-ejemplo\/b\/\" class=\"wp-image-102\" srcset=\"https:\/\/diocesanos.es\/blogs\/albergue\/wp-content\/uploads\/sites\/46\/2020\/01\/b.jpg 420w, https:\/\/diocesanos.es\/blogs\/albergue\/wp-content\/uploads\/sites\/46\/2020\/01\/b-300x225.jpg 300w\" sizes=\"auto, (max-width: 420px) 100vw, 420px\" \/><\/figure><\/li><li class=\"blocks-gallery-item\"><figure><img loading=\"lazy\" decoding=\"async\" width=\"657\" height=\"491\" src=\"https:\/\/diocesanos.es\/blogs\/albergue\/wp-content\/uploads\/sites\/46\/2020\/01\/c.jpg\" alt=\"\" data-id=\"103\" data-full-url=\"https:\/\/diocesanos.es\/blogs\/albergue\/wp-content\/uploads\/sites\/46\/2020\/01\/c.jpg\" data-link=\"https:\/\/diocesanos.es\/blogs\/albergue\/pagina-ejemplo\/c\/\" class=\"wp-image-103\" srcset=\"https:\/\/diocesanos.es\/blogs\/albergue\/wp-content\/uploads\/sites\/46\/2020\/01\/c.jpg 657w, https:\/\/diocesanos.es\/blogs\/albergue\/wp-content\/uploads\/sites\/46\/2020\/01\/c-300x224.jpg 300w\" sizes=\"auto, (max-width: 657px) 100vw, 657px\" \/><\/figure><\/li><\/ul><\/figure>\n\n\n\n<p class=\"has-text-align-center\"><strong>Contacto:<\/strong> <\/p>\n\n\n\n<div class=\"wp-block-columns is-layout-flex wp-container-core-columns-is-layout-9d6595d7 wp-block-columns-is-layout-flex\">\n<div class=\"wp-block-column is-layout-flow wp-block-column-is-layout-flow\">\n<p><a href=\"mailto:lberguepiedracaballera@diocesanos.es\">alberguepiedracaballera@diocesanos.es<\/a> <\/p>\n<\/div>\n\n\n\n<div class=\"wp-block-column is-layout-flow wp-block-column-is-layout-flow\">\n<p><a href=\"tel:+34920212300\">+34 920 21 23 00<\/a> <\/p>\n<\/div>\n\n\n\n<div class=\"wp-block-column is-layout-flow wp-block-column-is-layout-flow\">\n<p> <a href=\"tel:+34639484467\">+34 639 48 44 67<\/a><\/p>\n<\/div>\n<\/div>\n\n\n\n<p><\/p>\n","protected":false},"excerpt":{"rendered":"<p>En la vertiente norte de la Sierra de Gredos, a 30 kil\u00f3metros de \u00c1vila y a 100 de Madrid, junto al r\u00edo Alberche.<br \/>\nUn lugar ideal para acoger a grupos, convivencias de colegios, jornadas de trabajo o campamentos. <span class=\"more-link\"><a href=\"https:\/\/diocesanos.es\/blogs\/albergue\/\">Leer m\u00e1s<\/a><\/span><\/p>\n<p> <span class=\"more-link\"><a href=\"https:\/\/diocesanos.es\/blogs\/albergue\/\">Leer m\u00e1s<\/a><\/span><\/p>\n","protected":false},"author":292,"featured_media":7,"parent":0,"menu_order":0,"comment_status":"closed","ping_status":"open","template":"template-parts\/homepage-template.php","meta":{"footnotes":""},"class_list":["post-2","page","type-page","status-publish","has-post-thumbnail","hentry"],"_links":{"self":[{"href":"https:\/\/diocesanos.es\/blogs\/albergue\/wp-json\/wp\/v2\/pages\/2","targetHints":{"allow":["GET"]}}],"collection":[{"href":"https:\/\/diocesanos.es\/blogs\/albergue\/wp-json\/wp\/v2\/pages"}],"about":[{"href":"https:\/\/diocesanos.es\/blogs\/albergue\/wp-json\/wp\/v2\/types\/page"}],"author":[{"embeddable":true,"href":"https:\/\/diocesanos.es\/blogs\/albergue\/wp-json\/wp\/v2\/users\/292"}],"replies":[{"embeddable":true,"href":"https:\/\/diocesanos.es\/blogs\/albergue\/wp-json\/wp\/v2\/comments?post=2"}],"version-history":[{"count":8,"href":"https:\/\/diocesanos.es\/blogs\/albergue\/wp-json\/wp\/v2\/pages\/2\/revisions"}],"predecessor-version":[{"id":113,"href":"https:\/\/diocesanos.es\/blogs\/albergue\/wp-json\/wp\/v2\/pages\/2\/revisions\/113"}],"wp:featuredmedia":[{"embeddable":true,"href":"https:\/\/diocesanos.es\/blogs\/albergue\/wp-json\/wp\/v2\/media\/7"}],"wp:attachment":[{"href":"https:\/\/diocesanos.es\/blogs\/albergue\/wp-json\/wp\/v2\/media?parent=2"}],"curies":[{"name":"wp","href":"https:\/\/api.w.org\/{rel}","templated":true}]}}